{"id":1208,"date":"2020-12-14T11:32:33","date_gmt":"2020-12-14T14:32:33","guid":{"rendered":"http:\/\/test.territoriar.cl\/?page_id=1208"},"modified":"2020-12-29T10:47:42","modified_gmt":"2020-12-29T13:47:42","slug":"volcan-melimoyu","status":"publish","type":"page","link":"https:\/\/filantropiacortessolari.cl\/territoriar\/volcan-melimoyu\/","title":{"rendered":"Volc\u00e1n Melimoyu"},"content":{"rendered":"<div class=\"wpb-content-wrapper\"><p>[vc_row full_width=&#8221;stretch_row&#8221; parallax=&#8221;content-moving&#8221; parallax_image=&#8221;1619&#8243; parallax_speed_bg=&#8221;1.2&#8243; css=&#8221;.vc_custom_1609249619865{padding-top: 200px !important;padding-bottom: 200px !important;}&#8221;][vc_column][vc_column_text]<\/p>\n<h1 style=\"text-align: center;\">Sur de Chile<\/h1>\n<p>[\/vc_column_text][\/vc_column][\/vc_row][vc_row][vc_column][vc_column_text]<\/p>\n<h2 style=\"text-align: center;\">Volc\u00e1n Melimoyu<\/h2>\n<h3 style=\"text-align: center;\">(\u201cCuatro cachos&#8221; o \u201ccuatro ubres\u201d en mapudungun)<\/h3>\n<p>[\/vc_column_text]<div class=\"gem-table gem-table-responsive gem-table-style-2\"><table style=\"width: 100%;\">\n<tbody>\n<tr>\n<td>Ubicaci\u00f3n<\/td>\n<td>44\u00b007&#8217;S 72\u00b086&#8217;O Altura 2400 msnm<\/td>\n<\/tr>\n<tr>\n<td>Descripci\u00f3n geol\u00f3gica<\/td>\n<td>El volc\u00e1n Melimoyu es un estratovolc\u00e1n activo con forma c\u00f3nica, lo que significa que est\u00e1 compuesto por capas de rocas de lava endurecida, cenizas y otros productos de su historia volc\u00e1nica. Alcanza los 2400 metros de altura y su zona alta est\u00e1 cubierto por una persistente capa de glaciares. Alrededor de su cr\u00e1ter se presenta una caldera de 1 km de di\u00e1metro, la que es producto de una explosiva erupci\u00f3n.<\/p>\n<p>La actividad de los glaciares ha modelado su forma, que en la cumbre presenta unas estructuras puntudas llamadas cuernos, lo que le da el nombre al volc\u00e1n. Las cr\u00f3nicas antiguas cuentan que ten\u00eda cuatro puntas, de las cuales solo dos se observan actualmente. Alg\u00fan evento geol\u00f3gico, como una erucpci\u00f3n o un terremoto, debe haber botado las dos restantes.<\/p>\n<p>No hay registro de erupciones en tiempos hist\u00f3ricos, aunque si hay estudios que confirman que han ocurrido al menos dos grandes eventos en los \u00faltimos 3000 a\u00f1os. Tambi\u00e9n en a\u00f1os recientes han sido detectados enjambres s\u00edsmicos localizados en sus flancos. Varios r\u00edos son alimentados por sus glaciares, los que desaguan en los canales y fiordos, depositando en ellos material org\u00e1nico del bosque y las turberas.<\/td>\n<\/tr>\n<tr>\n<td>V\u00ednculos<br \/>\necol\u00f3gicos<\/td>\n<td>Forma parte de un ecosistema que es hogar de una variedad de especies como la Ranita de Darwin, Pumas, Zorros, Pud\u00fa y variadas aves. En las costas, es usual ver Delfines chileno y austral, adem\u00e1s de Ballenas Jorobadas y Azules. Esta zona se considera como el nexo entre el l\u00edmite sur del Bosque Templado Lluvioso y el extremo norte del Bosque Subant\u00e1rtico patag\u00f3nico. Sus profundos bosques combinan especies de selva valdiviana, con el bosque templado de Cipr\u00e9s de las Guaitecas y Tep\u00fa.<\/td>\n<\/tr>\n<tr>\n<td>\u00bfSab\u00edas qu\u00e9?<\/td>\n<td>\u2022 Este sector era antiguamente ocupado por los chonos, pueblo<br \/>\nn\u00f3made canoero.\u2022 Existe un mito que dice que era la entrada a la ciudad de los C\u00e9sares.<\/td>\n<\/tr>\n<tr>\n<td>Referencias<\/td>\n<td>https:\/\/www.sernageomin.cl\/wp-content\/uploads\/2017\/11\/34_Melimoyu.pdf<\/p>\n<p>https:\/\/www.rutadelosparques.org\/parque-nacional-melimoyu\/<\/td>\n<\/tr>\n<\/tbody>\n<\/table>\n<\/div>[vc_column_text css=&#8221;.vc_custom_1607972302706{padding-top: 30px !important;padding-bottom: 30px !important;}&#8221;]<\/p>\n<h2 style=\"text-align: center;\">Im\u00e1genes<\/h2>\n<p>[\/vc_column_text][vc_column_text][\/vc_column_text][vc_column_text]<img class=\"aligncenter size-full wp-image-1219\" src=\"https:\/\/www.filantropiacortessolari.cl\/territoriar\/wp-content\/uploads\/2020\/12\/volcan2.jpg\" alt=\"\" width=\"1100\" height=\"600\" srcset=\"https:\/\/filantropiacortessolari.cl\/territoriar\/wp-content\/uploads\/2020\/12\/volcan2.jpg 1100w, https:\/\/filantropiacortessolari.cl\/territoriar\/wp-content\/uploads\/2020\/12\/volcan2-300x164.jpg 300w, https:\/\/filantropiacortessolari.cl\/territoriar\/wp-content\/uploads\/2020\/12\/volcan2-1024x559.jpg 1024w, https:\/\/filantropiacortessolari.cl\/territoriar\/wp-content\/uploads\/2020\/12\/volcan2-768x419.jpg 768w\" sizes=\"(max-width: 1100px) 100vw, 1100px\" \/>[\/vc_column_text][vc_column_text css=&#8221;.vc_custom_1607972263749{padding-bottom: 100px !important;}&#8221;]<img class=\"aligncenter size-full wp-image-1220\" src=\"https:\/\/www.filantropiacortessolari.cl\/territoriar\/wp-content\/uploads\/2020\/12\/volcan1.jpg\" alt=\"\" width=\"1000\" height=\"600\" srcset=\"https:\/\/filantropiacortessolari.cl\/territoriar\/wp-content\/uploads\/2020\/12\/volcan1.jpg 1000w, https:\/\/filantropiacortessolari.cl\/territoriar\/wp-content\/uploads\/2020\/12\/volcan1-300x180.jpg 300w, https:\/\/filantropiacortessolari.cl\/territoriar\/wp-content\/uploads\/2020\/12\/volcan1-768x461.jpg 768w\" sizes=\"(max-width: 1000px) 100vw, 1000px\" \/>[\/vc_column_text][\/vc_column][\/vc_row]<\/p>\n<\/div>","protected":false},"excerpt":{"rendered":"<p>[vc_row full_width=&#8221;stretch_row&#8221; parallax=&#8221;content-moving&#8221; parallax_image=&#8221;1619&#8243; parallax_speed_bg=&#8221;1.2&#8243; css=&#8221;.vc_custom_1609249619865{padding-top: 200px !important;padding-bottom: 200px !important;}&#8221;][vc_column][vc_column_text] Sur de Chile [\/vc_column_text][\/vc_column][\/vc_row][vc_row][vc_column][vc_column_text] Volc\u00e1n Melimoyu (\u201cCuatro cachos&#8221; o \u201ccuatro&#8230;<\/p>\n","protected":false},"author":1,"featured_media":0,"parent":0,"menu_order":0,"comment_status":"closed","ping_status":"closed","template":"","meta":{"footnotes":""},"class_list":["post-1208","page","type-page","status-publish"],"_links":{"self":[{"href":"https:\/\/filantropiacortessolari.cl\/territoriar\/wp-json\/wp\/v2\/pages\/1208","targetHints":{"allow":["GET"]}}],"collection":[{"href":"https:\/\/filantropiacortessolari.cl\/territoriar\/wp-json\/wp\/v2\/pages"}],"about":[{"href":"https:\/\/filantropiacortessolari.cl\/territoriar\/wp-json\/wp\/v2\/types\/page"}],"author":[{"embeddable":true,"href":"https:\/\/filantropiacortessolari.cl\/territoriar\/wp-json\/wp\/v2\/users\/1"}],"replies":[{"embeddable":true,"href":"https:\/\/filantropiacortessolari.cl\/territoriar\/wp-json\/wp\/v2\/comments?post=1208"}],"version-history":[{"count":16,"href":"https:\/\/filantropiacortessolari.cl\/territoriar\/wp-json\/wp\/v2\/pages\/1208\/revisions"}],"predecessor-version":[{"id":1621,"href":"https:\/\/filantropiacortessolari.cl\/territoriar\/wp-json\/wp\/v2\/pages\/1208\/revisions\/1621"}],"wp:attachment":[{"href":"https:\/\/filantropiacortessolari.cl\/territoriar\/wp-json\/wp\/v2\/media?parent=1208"}],"curies":[{"name":"wp","href":"https:\/\/api.w.org\/{rel}","templated":true}]}}