{"id":1424,"date":"2020-12-17T22:09:17","date_gmt":"2020-12-18T01:09:17","guid":{"rendered":"http:\/\/test.territoriar.cl\/?page_id=1424"},"modified":"2020-12-29T10:52:15","modified_gmt":"2020-12-29T13:52:15","slug":"cascadas-de-la-reserva-elemental-melimoyu","status":"publish","type":"page","link":"https:\/\/filantropiacortessolari.cl\/territoriar\/cascadas-de-la-reserva-elemental-melimoyu\/","title":{"rendered":"Cascadas de la Reserva Elemental Melimoyu"},"content":{"rendered":"<div class=\"wpb-content-wrapper\"><p>[vc_row full_width=&#8221;stretch_row&#8221; parallax=&#8221;content-moving&#8221; parallax_image=&#8221;1619&#8243; parallax_speed_bg=&#8221;1.2&#8243; css=&#8221;.vc_custom_1609249930794{padding-top: 200px !important;padding-bottom: 200px !important;}&#8221;][vc_column][vc_column_text]<\/p>\n<h1 style=\"text-align: center;\">Sur de Chile<\/h1>\n<p>[\/vc_column_text][\/vc_column][\/vc_row][vc_row][vc_column][vc_column_text css=&#8221;.vc_custom_1608253975163{padding-bottom: 30px !important;}&#8221;]<\/p>\n<h2 style=\"text-align: center;\">Reserva Elemental Melimoyu<\/h2>\n<h3 style=\"text-align: center;\">Cascadas de la Reserva Elemental Melimoyu<\/h3>\n<p>[\/vc_column_text]<div class=\"gem-table gem-table-responsive gem-table-style-2\"><table style=\"width: 100%;\">\n<tbody>\n<tr>\n<td>Ubicaci\u00f3n<\/td>\n<td>\n<p align=\"left\">Cascada de Rocas :\u00a0\u00a044\u00b0 5&#8217;13.10&#8243;S\u00a0 &#8211; 73\u00b0 1&#8217;25.36&#8243;O<br \/>\nCascada Colonos:\u00a0\u00a044\u00b0 4&#8217;59.33&#8243;S &#8211;\u00a0\u00a072\u00b059&#8217;54.81&#8243;O<br \/>\nCascada Serrano:\u00a0\u00a044\u00b0 4&#8217;40.41&#8243;S &#8211;\u00a0\u00a072\u00b058&#8217;1.59&#8243;O<\/p>\n<\/td>\n<\/tr>\n<tr>\n<td>Descripci\u00f3n geol\u00f3gica<\/td>\n<td>Las cascadas se forman cuando un curso de agua, como un estero o un r\u00edo, pasa de fluir sobre roca dura y resistente hacia roca m\u00e1s blanda y menos resistente, la que se erosiona con mayor facilidad y da lugar a un desnivel en el camino que recorre el agua. Con el tiempo, la cascada puede hacerse cada vez m\u00e1s alta y profunda, y tambi\u00e9n se puede desarrollar una poza en su base debido a la fuerza con la que cae el agua, a la que se le llama piscina de inmersi\u00f3n. Las cascadas pueden recibir otros nombres, como ca\u00edda, salto o catarata dependiendo de su tama\u00f1o.<\/p>\n<p>En el sendero camino al volc\u00e1n Melimoyu, se pueden observar dos hermosas cascadas de caracter\u00edsticas muy diferentes. La primera, menos desarrollada, de menor pendiente y altura, presenta varios pelda\u00f1os de roca volc\u00e1nica de color oscura, y se le llama basalto. La segunda, m\u00e1s desarrollada es la cascada Serrano, un impresionante salto de agua de unos 80 metros de altura, que cae a una piscina de inmersi\u00f3n en su parte inferior.<\/td>\n<\/tr>\n<tr>\n<td>V\u00ednculos<br \/>\necol\u00f3gicos<\/td>\n<td>Las cascadas son importantes para los ecosistemas por dos razones principalmente. Primero, porque la dispersi\u00f3n del agua al caer con fuerza por la cascada hace que la corriente pueda capturar mol\u00e9culas de ox\u00edgeno del aire, que son fundamentales para el desarrollo de las especies que habitan los r\u00edos.<br \/>\nLas cascadas son, tambi\u00e9n, barreras naturales para los seres que habitan el r\u00edo, haciendo que la biodiversidad sea distinta aguas arriba y aguas abajo, lo que incluso puede provocar que una especie evolucione en dos distintas con el paso del tiempo.<\/td>\n<\/tr>\n<tr>\n<td>\u00bfSab\u00edas qu\u00e9?<\/td>\n<td>\n<ul>\n<li>El Salto \u00c1ngel, ubicada en Venezuela, es la cascada m\u00e1s alta del mundo con una altura de 979 metros.<\/li>\n<li>Los basaltos son rocas volc\u00e1nicas que se forman a mayor temperatura en la corteza terrestre, superando incluso los 1200\u00b0C.<\/li>\n<\/ul>\n<\/td>\n<\/tr>\n<tr>\n<td>Referencias<\/td>\n<td>\n<ul>\n<li><a href=\"https:\/\/www.fundacionaquae.org\/wiki-explora\/19_cataratas\/index.html#:~:text=Las%20cascadas%2C%20llamadas%20tambi%C3%A9n%20cataratas,un%20fuerte%20corrimiento%20de%20tierras\">https:\/\/www.fundacionaquae.org\/wiki-explora\/19_cataratas\/index.html#:~:text=Las%20cascadas%2C%20llamadas%20tambi%C3%A9n%20cataratas,un%20fuerte%20corrimiento%20de%20tierras<\/a><\/li>\n<li><a href=\"http:\/\/www2.izt.uam.mx\/newpage\/contactos\/revista\/98\/pdfs\/islaslagos.pdf\">http:\/\/www2.izt.uam.mx\/newpage\/contactos\/revista\/98\/pdfs\/islaslagos.pdf<\/a><\/li>\n<li>Libro El Agua Patag\u00f3nica \u2013 Fundaci\u00f3n MERI<\/li>\n<li><a href=\"https:\/\/www.endemico.org\/home-post\/cascadas-ecosistema-movimiento\/\">https:\/\/www.endemico.org\/home-post\/cascadas-ecosistema-movimiento\/<\/a><\/li>\n<\/ul>\n<\/td>\n<\/tr>\n<\/tbody>\n<\/table>\n<\/div>[vc_column_text css=&#8221;.vc_custom_1607972302706{padding-top: 30px !important;padding-bottom: 30px !important;}&#8221;]<\/p>\n<h2 style=\"text-align: center;\">Im\u00e1genes<\/h2>\n<p>[\/vc_column_text][vc_column_text][\/vc_column_text][vc_column_text]<img class=\"aligncenter size-full wp-image-1428\" src=\"https:\/\/www.filantropiacortessolari.cl\/territoriar\/wp-content\/uploads\/2020\/12\/Cascada-1.png\" alt=\"\" width=\"2000\" height=\"982\" srcset=\"https:\/\/filantropiacortessolari.cl\/territoriar\/wp-content\/uploads\/2020\/12\/Cascada-1.png 2000w, https:\/\/filantropiacortessolari.cl\/territoriar\/wp-content\/uploads\/2020\/12\/Cascada-1-300x147.png 300w, https:\/\/filantropiacortessolari.cl\/territoriar\/wp-content\/uploads\/2020\/12\/Cascada-1-1024x503.png 1024w, https:\/\/filantropiacortessolari.cl\/territoriar\/wp-content\/uploads\/2020\/12\/Cascada-1-768x377.png 768w, https:\/\/filantropiacortessolari.cl\/territoriar\/wp-content\/uploads\/2020\/12\/Cascada-1-1536x754.png 1536w\" sizes=\"(max-width: 2000px) 100vw, 2000px\" \/>[\/vc_column_text][vc_column_text css=&#8221;.vc_custom_1608253825782{padding-bottom: 100px !important;}&#8221;]<img class=\"aligncenter size-full wp-image-1429\" src=\"https:\/\/www.filantropiacortessolari.cl\/territoriar\/wp-content\/uploads\/2020\/12\/Cascada-2.png\" alt=\"\" width=\"1280\" height=\"720\" srcset=\"https:\/\/filantropiacortessolari.cl\/territoriar\/wp-content\/uploads\/2020\/12\/Cascada-2.png 1280w, https:\/\/filantropiacortessolari.cl\/territoriar\/wp-content\/uploads\/2020\/12\/Cascada-2-300x169.png 300w, https:\/\/filantropiacortessolari.cl\/territoriar\/wp-content\/uploads\/2020\/12\/Cascada-2-1024x576.png 1024w, https:\/\/filantropiacortessolari.cl\/territoriar\/wp-content\/uploads\/2020\/12\/Cascada-2-768x432.png 768w\" sizes=\"(max-width: 1280px) 100vw, 1280px\" \/>[\/vc_column_text][\/vc_column][\/vc_row]<\/p>\n<\/div>","protected":false},"excerpt":{"rendered":"<p>[vc_row full_width=&#8221;stretch_row&#8221; parallax=&#8221;content-moving&#8221; parallax_image=&#8221;1619&#8243; parallax_speed_bg=&#8221;1.2&#8243; css=&#8221;.vc_custom_1609249930794{padding-top: 200px !important;padding-bottom: 200px !important;}&#8221;][vc_column][vc_column_text] Sur de Chile [\/vc_column_text][\/vc_column][\/vc_row][vc_row][vc_column][vc_column_text css=&#8221;.vc_custom_1608253975163{padding-bottom: 30px !important;}&#8221;] Reserva Elemental Melimoyu&#8230;<\/p>\n","protected":false},"author":1,"featured_media":0,"parent":0,"menu_order":0,"comment_status":"closed","ping_status":"closed","template":"","meta":{"footnotes":""},"class_list":["post-1424","page","type-page","status-publish"],"_links":{"self":[{"href":"https:\/\/filantropiacortessolari.cl\/territoriar\/wp-json\/wp\/v2\/pages\/1424","targetHints":{"allow":["GET"]}}],"collection":[{"href":"https:\/\/filantropiacortessolari.cl\/territoriar\/wp-json\/wp\/v2\/pages"}],"about":[{"href":"https:\/\/filantropiacortessolari.cl\/territoriar\/wp-json\/wp\/v2\/types\/page"}],"author":[{"embeddable":true,"href":"https:\/\/filantropiacortessolari.cl\/territoriar\/wp-json\/wp\/v2\/users\/1"}],"replies":[{"embeddable":true,"href":"https:\/\/filantropiacortessolari.cl\/territoriar\/wp-json\/wp\/v2\/comments?post=1424"}],"version-history":[{"count":6,"href":"https:\/\/filantropiacortessolari.cl\/territoriar\/wp-json\/wp\/v2\/pages\/1424\/revisions"}],"predecessor-version":[{"id":1624,"href":"https:\/\/filantropiacortessolari.cl\/territoriar\/wp-json\/wp\/v2\/pages\/1424\/revisions\/1624"}],"wp:attachment":[{"href":"https:\/\/filantropiacortessolari.cl\/territoriar\/wp-json\/wp\/v2\/media?parent=1424"}],"curies":[{"name":"wp","href":"https:\/\/api.w.org\/{rel}","templated":true}]}}