{"id":1434,"date":"2020-12-17T22:30:09","date_gmt":"2020-12-18T01:30:09","guid":{"rendered":"http:\/\/test.territoriar.cl\/?page_id=1434"},"modified":"2020-12-29T10:50:13","modified_gmt":"2020-12-29T13:50:13","slug":"confluencia-de-los-rios-colonos-y-marchant","status":"publish","type":"page","link":"https:\/\/filantropiacortessolari.cl\/territoriar\/confluencia-de-los-rios-colonos-y-marchant\/","title":{"rendered":"Confluencia de los r\u00edos Colonos y Marchant"},"content":{"rendered":"<div class=\"wpb-content-wrapper\"><p>[vc_row full_width=&#8221;stretch_row&#8221; parallax=&#8221;content-moving&#8221; parallax_image=&#8221;1619&#8243; parallax_speed_bg=&#8221;1.2&#8243; css=&#8221;.vc_custom_1609249808776{padding-top: 200px !important;padding-bottom: 200px !important;}&#8221;][vc_column][vc_column_text]<\/p>\n<h1 style=\"text-align: center;\">Sur de Chile<\/h1>\n<p>[\/vc_column_text][\/vc_column][\/vc_row][vc_row][vc_column][vc_column_text css=&#8221;.vc_custom_1608254869838{padding-bottom: 30px !important;}&#8221;]<\/p>\n<h2 style=\"text-align: center;\">Reserva Elemental Melimoyu<\/h2>\n<h3 style=\"text-align: center;\">Confluencia de los r\u00edos Colonos y Marchant<\/h3>\n<p>[\/vc_column_text]<div class=\"gem-table gem-table-responsive gem-table-style-2\"><table style=\"width: 100%;\">\n<tbody>\n<tr>\n<td>Ubicaci\u00f3n<\/td>\n<td>\n<p align=\"left\">44\u00b009&#8217;S 73\u00b008&#8217;O Altura 9 msnm<\/p>\n<\/td>\n<\/tr>\n<tr>\n<td>Descripci\u00f3n geol\u00f3gica<\/td>\n<td>En este punto, se encuentra la confluencia entre los dos r\u00edos que atraviesan, de este a oeste, la Reserva Elemental Melimoyu: el Colonos y el Marchant. Este \u00faltimo desemboca en el oc\u00e9ano, en la Bah\u00eda Melimoyu, unos 1500 metros aguas abajo.<\/p>\n<p>La confluencia de estos dos r\u00edos es llamativa debido a las diferencias que muestran ambos cauces. El r\u00edo Marchant, que viene desde el oeste, muestra un mayor caudal, con un color verdoso intenso, que indica que tiene origen glaciar, de los hielos que se ubican en la ladera sur del volc\u00e1n Melimoyu. Sus aguas fluyen por un amplio valle, lo que explica que presente \u201cmeandros\u201d, o curvas del r\u00edo, y \u201cbarras\u201d, que son dep\u00f3sitos en la parte interna de los meandros. El r\u00edo Colonos, en tanto, tiene un color azul oscuro, caracter\u00edstico de su origen \u201cpluvial\u201d, que es alimentado por las intensas precipitaciones de la zona, que pueden alcanzar los 7000 mm al a\u00f1o.<\/td>\n<\/tr>\n<tr>\n<td>V\u00ednculos<br \/>\necol\u00f3gicos<\/td>\n<td>Estos r\u00edos son parte del sistema hidrol\u00f3gico que surte de agua a un riqu\u00edsimo ecosistema. Durante su recorrido, sus caudales de gran fuerza y energ\u00eda transportan y arrastran nutrientes, posibilitando la interacci\u00f3n entre los ecosistemas terrestres y marinos asociados al sistema de agua dulce, lo que permite que los elementos que conforman la cuenca funcionen como una red ecosist\u00e9mica.<\/td>\n<\/tr>\n<tr>\n<td>\u00bfSab\u00edas qu\u00e9?<\/td>\n<td>\n<ul>\n<li>En la desembocadura de los r\u00edos en el oc\u00e9ano, se genera una zona de mezcla de agua dulce con agua salada.<\/li>\n<li>Los r\u00edos arrastran al oc\u00e9ano gran cantidad de nutrientes, lo que ayuda al desarrollo de muchas microalgas (y\/o fitoplancton).<\/li>\n<\/ul>\n<\/td>\n<\/tr>\n<tr>\n<td>Referencias<\/td>\n<td>\n<ul>\n<li><a href=\"https:\/\/www.fundacionmeri.cl\/wp-content\/uploads\/2019\/03\/MERI-Gu%C3%ADa-Dulceacu%C3%ADcola.pdf\">https:\/\/www.fundacionmeri.cl\/wp-content\/uploads\/2019\/03\/MERI-Gu%C3%ADa-Dulceacu%C3%ADcola.pdf<\/a><\/li>\n<\/ul>\n<\/td>\n<\/tr>\n<\/tbody>\n<\/table>\n<\/div>[vc_column_text css=&#8221;.vc_custom_1607972302706{padding-top: 30px !important;padding-bottom: 30px !important;}&#8221;]<\/p>\n<h2 style=\"text-align: center;\">Im\u00e1genes<\/h2>\n<p>[\/vc_column_text][vc_column_text][\/vc_column_text][vc_column_text css=&#8221;.vc_custom_1608254989970{padding-bottom: 100px !important;}&#8221;]<img class=\"aligncenter size-full wp-image-1436\" src=\"https:\/\/www.filantropiacortessolari.cl\/territoriar\/wp-content\/uploads\/2020\/12\/Confluencia-Rios-2.jpg\" alt=\"\" width=\"1280\" height=\"720\" srcset=\"https:\/\/filantropiacortessolari.cl\/territoriar\/wp-content\/uploads\/2020\/12\/Confluencia-Rios-2.jpg 1280w, https:\/\/filantropiacortessolari.cl\/territoriar\/wp-content\/uploads\/2020\/12\/Confluencia-Rios-2-300x169.jpg 300w, https:\/\/filantropiacortessolari.cl\/territoriar\/wp-content\/uploads\/2020\/12\/Confluencia-Rios-2-1024x576.jpg 1024w, https:\/\/filantropiacortessolari.cl\/territoriar\/wp-content\/uploads\/2020\/12\/Confluencia-Rios-2-768x432.jpg 768w\" sizes=\"(max-width: 1280px) 100vw, 1280px\" \/>[\/vc_column_text][vc_column_text]<img class=\"aligncenter size-full wp-image-1435\" src=\"https:\/\/www.filantropiacortessolari.cl\/territoriar\/wp-content\/uploads\/2020\/12\/Confluencia-Rios-1.jpg\" alt=\"\" width=\"1280\" height=\"720\" srcset=\"https:\/\/filantropiacortessolari.cl\/territoriar\/wp-content\/uploads\/2020\/12\/Confluencia-Rios-1.jpg 1280w, https:\/\/filantropiacortessolari.cl\/territoriar\/wp-content\/uploads\/2020\/12\/Confluencia-Rios-1-300x169.jpg 300w, https:\/\/filantropiacortessolari.cl\/territoriar\/wp-content\/uploads\/2020\/12\/Confluencia-Rios-1-1024x576.jpg 1024w, https:\/\/filantropiacortessolari.cl\/territoriar\/wp-content\/uploads\/2020\/12\/Confluencia-Rios-1-768x432.jpg 768w\" sizes=\"(max-width: 1280px) 100vw, 1280px\" \/>[\/vc_column_text][\/vc_column][\/vc_row]<\/p>\n<\/div>","protected":false},"excerpt":{"rendered":"<p>[vc_row full_width=&#8221;stretch_row&#8221; parallax=&#8221;content-moving&#8221; parallax_image=&#8221;1619&#8243; parallax_speed_bg=&#8221;1.2&#8243; css=&#8221;.vc_custom_1609249808776{padding-top: 200px !important;padding-bottom: 200px !important;}&#8221;][vc_column][vc_column_text] Sur de Chile [\/vc_column_text][\/vc_column][\/vc_row][vc_row][vc_column][vc_column_text css=&#8221;.vc_custom_1608254869838{padding-bottom: 30px !important;}&#8221;] Reserva Elemental Melimoyu&#8230;<\/p>\n","protected":false},"author":1,"featured_media":0,"parent":0,"menu_order":0,"comment_status":"closed","ping_status":"closed","template":"","meta":{"footnotes":""},"class_list":["post-1434","page","type-page","status-publish"],"_links":{"self":[{"href":"https:\/\/filantropiacortessolari.cl\/territoriar\/wp-json\/wp\/v2\/pages\/1434","targetHints":{"allow":["GET"]}}],"collection":[{"href":"https:\/\/filantropiacortessolari.cl\/territoriar\/wp-json\/wp\/v2\/pages"}],"about":[{"href":"https:\/\/filantropiacortessolari.cl\/territoriar\/wp-json\/wp\/v2\/types\/page"}],"author":[{"embeddable":true,"href":"https:\/\/filantropiacortessolari.cl\/territoriar\/wp-json\/wp\/v2\/users\/1"}],"replies":[{"embeddable":true,"href":"https:\/\/filantropiacortessolari.cl\/territoriar\/wp-json\/wp\/v2\/comments?post=1434"}],"version-history":[{"count":2,"href":"https:\/\/filantropiacortessolari.cl\/territoriar\/wp-json\/wp\/v2\/pages\/1434\/revisions"}],"predecessor-version":[{"id":1623,"href":"https:\/\/filantropiacortessolari.cl\/territoriar\/wp-json\/wp\/v2\/pages\/1434\/revisions\/1623"}],"wp:attachment":[{"href":"https:\/\/filantropiacortessolari.cl\/territoriar\/wp-json\/wp\/v2\/media?parent=1434"}],"curies":[{"name":"wp","href":"https:\/\/api.w.org\/{rel}","templated":true}]}}