{"id":1439,"date":"2020-12-17T23:00:37","date_gmt":"2020-12-18T02:00:37","guid":{"rendered":"http:\/\/test.territoriar.cl\/?page_id=1439"},"modified":"2020-12-29T10:48:35","modified_gmt":"2020-12-29T13:48:35","slug":"fiordos-de-la-reserva-elemental-melimoyu","status":"publish","type":"page","link":"https:\/\/filantropiacortessolari.cl\/territoriar\/fiordos-de-la-reserva-elemental-melimoyu\/","title":{"rendered":"Fiordos de la Reserva Elemental Melimoyu"},"content":{"rendered":"<div class=\"wpb-content-wrapper\"><p>[vc_row full_width=&#8221;stretch_row&#8221; parallax=&#8221;content-moving&#8221; parallax_image=&#8221;1619&#8243; parallax_speed_bg=&#8221;1.2&#8243; css=&#8221;.vc_custom_1609249710441{padding-top: 200px !important;padding-bottom: 200px !important;}&#8221;][vc_column][vc_column_text]<\/p>\n<h1 style=\"text-align: center;\">Sur de Chile<\/h1>\n<p>[\/vc_column_text][\/vc_column][\/vc_row][vc_row][vc_column][vc_column_text css=&#8221;.vc_custom_1608256467033{padding-bottom: 30px !important;}&#8221;]<\/p>\n<h2 style=\"text-align: center;\">Reserva Elemental Melimoyu<\/h2>\n<h3 style=\"text-align: center;\">Fiordos de la Reserva Elemental Melimoyu<\/h3>\n<p>[\/vc_column_text]<div class=\"gem-table gem-table-responsive gem-table-style-2\"><table style=\"width: 100%;\">\n<tbody>\n<tr>\n<td>Ubicaci\u00f3n<\/td>\n<td>\n<p align=\"left\">44.08\u00b0S 73.10\u00b0O 0 m snm<\/p>\n<\/td>\n<\/tr>\n<tr>\n<td>Descripci\u00f3n geol\u00f3gica<\/td>\n<td>Los fiordos son depresiones en la superficie terrestre, que se encuentran cubiertas por el agua de los oc\u00e9anos y que suelen tener una forma alargada, estrecha y profunda, con paredes abruptas y escarpadas. Estos espectaculares valles se formaron por el avance de los glaciares en las grandes glaciaciones globales, cuando la Patagonia estaba cubierta en gran parte por masas de hielo de cientos de metros de espesor.<\/p>\n<p>El m\u00e1ximo avance de los glaciares ocurri\u00f3 hace unos 20.000 a\u00f1os. Cuando acab\u00f3 la \u00faltima glaciaci\u00f3n, hace unos 9.000 a\u00f1os, estos enormes glaciares comenzaron a derretirse, retrocediendo y entregando sus aguas a los oc\u00e9anos. Debido a esto, a nivel global se gener\u00f3 una subida del nivel del mar, raz\u00f3n por la que actualmente estos valles se encuentran inundados con aguas del oc\u00e9ano.<\/td>\n<\/tr>\n<tr>\n<td>V\u00ednculos<br \/>\necol\u00f3gicos<\/td>\n<td>Los fiordos son parte importante del ecosistema dulceacu\u00edcola, ecosistema donde domina el agua dulce y que es hogar para seres vivos que se adaptan a vivir en \u00e9l.<br \/>\nAl ser zona de mezcla de aguas con gran cantidad de nutrientes, all\u00ed crecen muchas microalgas y fitoplancton. Esto permite que peque\u00f1os crust\u00e1ceos como el krill se desarrollen, siendo alimento de grandes animales como peces y mam\u00edferos<br \/>\nmarinos, como la ballena azul (Balaenoptera musculus), ballena jorobada (Megaptera novaeangliae), entre otras especies.<\/td>\n<\/tr>\n<tr>\n<td>\u00bfSab\u00edas qu\u00e9?<\/td>\n<td>\n<ul>\n<li>El fiordo m\u00e1s grande est\u00e1 en Noruega. Uno de los tres m\u00e1s profundos est\u00e1 en Chile, el fiordo Messier con 1.270 m de profundidad.<\/li>\n<li>La cantidad de CO2 que capturan las microalgas de los fiordos es casi igual a lo que producen las industrias en todo el pa\u00eds.<\/li>\n<\/ul>\n<\/td>\n<\/tr>\n<tr>\n<td>Referencias<\/td>\n<td>\n<ul>\n<li>Libro El Agua Patag\u00f3nica \u2013 Fundaci\u00f3n MERI<\/li>\n<li>Inall, M.E., &amp; P. A. Gillibrand. 2010. The physics of mid-latitude fjords: a review. Geological Society, London, Special Publications 344: 17-3 INALL, M. E., &amp; P. A. GILLIBRAND. 2010. The physics of mid-latitude fjords: a review. Geological Society, London, Special Publications 344: 17-33.3.<\/li>\n<li>Glasser, N.F., Bennett, M.R. 2004. Glacial erosional landforms: origins and significance for palaeoglaciology. Progress in Physical Geography 28, 43\u201375.<\/li>\n<li>Martini, P., Brookfield, M., &amp; S. Sadura. 2001. Principles of Glacial Geomorphology and Geology. Ed. Prentice Hall.<\/li>\n<\/ul>\n<\/td>\n<\/tr>\n<\/tbody>\n<\/table>\n<\/div>[vc_column_text css=&#8221;.vc_custom_1607972302706{padding-top: 30px !important;padding-bottom: 30px !important;}&#8221;]<\/p>\n<h2 style=\"text-align: center;\">Im\u00e1genes<\/h2>\n<p>[\/vc_column_text][vc_column_text][\/vc_column_text][vc_column_text css=&#8221;.vc_custom_1608256567770{padding-bottom: 100px !important;}&#8221;]<img class=\"aligncenter size-full wp-image-1441\" src=\"https:\/\/www.filantropiacortessolari.cl\/territoriar\/wp-content\/uploads\/2020\/12\/Fiordos-1.jpg\" alt=\"\" width=\"1554\" height=\"1125\" srcset=\"https:\/\/filantropiacortessolari.cl\/territoriar\/wp-content\/uploads\/2020\/12\/Fiordos-1.jpg 1554w, https:\/\/filantropiacortessolari.cl\/territoriar\/wp-content\/uploads\/2020\/12\/Fiordos-1-300x217.jpg 300w, https:\/\/filantropiacortessolari.cl\/territoriar\/wp-content\/uploads\/2020\/12\/Fiordos-1-1024x741.jpg 1024w, https:\/\/filantropiacortessolari.cl\/territoriar\/wp-content\/uploads\/2020\/12\/Fiordos-1-768x556.jpg 768w, https:\/\/filantropiacortessolari.cl\/territoriar\/wp-content\/uploads\/2020\/12\/Fiordos-1-1536x1112.jpg 1536w\" sizes=\"(max-width: 1554px) 100vw, 1554px\" \/>[\/vc_column_text][vc_column_text]<img class=\"aligncenter size-full wp-image-1440\" src=\"https:\/\/www.filantropiacortessolari.cl\/territoriar\/wp-content\/uploads\/2020\/12\/Fiordos-2.png\" alt=\"\" width=\"1274\" height=\"570\" srcset=\"https:\/\/filantropiacortessolari.cl\/territoriar\/wp-content\/uploads\/2020\/12\/Fiordos-2.png 1274w, https:\/\/filantropiacortessolari.cl\/territoriar\/wp-content\/uploads\/2020\/12\/Fiordos-2-300x134.png 300w, https:\/\/filantropiacortessolari.cl\/territoriar\/wp-content\/uploads\/2020\/12\/Fiordos-2-1024x458.png 1024w, https:\/\/filantropiacortessolari.cl\/territoriar\/wp-content\/uploads\/2020\/12\/Fiordos-2-768x344.png 768w\" sizes=\"(max-width: 1274px) 100vw, 1274px\" \/>[\/vc_column_text][\/vc_column][\/vc_row]<\/p>\n<\/div>","protected":false},"excerpt":{"rendered":"<p>[vc_row full_width=&#8221;stretch_row&#8221; parallax=&#8221;content-moving&#8221; parallax_image=&#8221;1619&#8243; parallax_speed_bg=&#8221;1.2&#8243; css=&#8221;.vc_custom_1609249710441{padding-top: 200px !important;padding-bottom: 200px !important;}&#8221;][vc_column][vc_column_text] Sur de Chile [\/vc_column_text][\/vc_column][\/vc_row][vc_row][vc_column][vc_column_text css=&#8221;.vc_custom_1608256467033{padding-bottom: 30px !important;}&#8221;] Reserva Elemental Melimoyu&#8230;<\/p>\n","protected":false},"author":1,"featured_media":0,"parent":0,"menu_order":0,"comment_status":"closed","ping_status":"closed","template":"","meta":{"footnotes":""},"class_list":["post-1439","page","type-page","status-publish"],"_links":{"self":[{"href":"https:\/\/filantropiacortessolari.cl\/territoriar\/wp-json\/wp\/v2\/pages\/1439","targetHints":{"allow":["GET"]}}],"collection":[{"href":"https:\/\/filantropiacortessolari.cl\/territoriar\/wp-json\/wp\/v2\/pages"}],"about":[{"href":"https:\/\/filantropiacortessolari.cl\/territoriar\/wp-json\/wp\/v2\/types\/page"}],"author":[{"embeddable":true,"href":"https:\/\/filantropiacortessolari.cl\/territoriar\/wp-json\/wp\/v2\/users\/1"}],"replies":[{"embeddable":true,"href":"https:\/\/filantropiacortessolari.cl\/territoriar\/wp-json\/wp\/v2\/comments?post=1439"}],"version-history":[{"count":2,"href":"https:\/\/filantropiacortessolari.cl\/territoriar\/wp-json\/wp\/v2\/pages\/1439\/revisions"}],"predecessor-version":[{"id":1622,"href":"https:\/\/filantropiacortessolari.cl\/territoriar\/wp-json\/wp\/v2\/pages\/1439\/revisions\/1622"}],"wp:attachment":[{"href":"https:\/\/filantropiacortessolari.cl\/territoriar\/wp-json\/wp\/v2\/media?parent=1439"}],"curies":[{"name":"wp","href":"https:\/\/api.w.org\/{rel}","templated":true}]}}