{"id":1446,"date":"2020-12-18T00:40:09","date_gmt":"2020-12-18T03:40:09","guid":{"rendered":"http:\/\/test.territoriar.cl\/?page_id=1446"},"modified":"2020-12-28T17:13:04","modified_gmt":"2020-12-28T20:13:04","slug":"cordillera-de-domeyko","status":"publish","type":"page","link":"https:\/\/filantropiacortessolari.cl\/territoriar\/cordillera-de-domeyko\/","title":{"rendered":"Cordillera de Domeyko"},"content":{"rendered":"<div class=\"wpb-content-wrapper\"><p>[vc_row full_width=&#8221;stretch_row&#8221; parallax=&#8221;content-moving&#8221; parallax_image=&#8221;1607&#8243; parallax_speed_bg=&#8221;1.2&#8243; css=&#8221;.vc_custom_1609186381487{padding-top: 200px !important;padding-bottom: 200px !important;}&#8221;][vc_column][vc_column_text]<\/p>\n<h1 style=\"text-align: center;\">Norte de Chile<\/h1>\n<p>[\/vc_column_text][\/vc_column][\/vc_row][vc_row][vc_column][vc_column_text css=&#8221;.vc_custom_1608262022310{padding-bottom: 30px !important;}&#8221;]<\/p>\n<h2 style=\"text-align: center;\">Reserva Elemental Puribeter<\/h2>\n<h3 style=\"text-align: center;\">Cordillera de Domeyko<\/h3>\n<p>[\/vc_column_text]<div class=\"gem-table gem-table-responsive gem-table-style-2\"><table style=\"width: 100%;\">\n<tbody>\n<tr>\n<td>Ubicaci\u00f3n<\/td>\n<td>\n<p align=\"left\">23\u00b0 10&#8217;S 68\u00b066&#8217;O 48 km al Suroeste de la Reserva Elemental Puribeter (Cerro Quimal)<\/p>\n<\/td>\n<\/tr>\n<tr>\n<td>Descripci\u00f3n geol\u00f3gica<\/td>\n<td>La Cordillera de Domeyko es un cord\u00f3n monta\u00f1oso que se extiende por unos 500 km entre los 21\u00b0 y 28\u00b0 S, con una altura promedio de 2800 ms.n.m, y 65 km de ancho, el que se encuentra en orientaci\u00f3n norte-sur. Se considera como la cordillera con menos humedad del mundo.<\/p>\n<p>Esta cordillera est\u00e1 formada por rocas mucho m\u00e1s antiguas que las de la Cordillera de los Andes, alcanzando incluso la edad Paleozoica, lo que significa que tienen m\u00e1s de 250 millones de a\u00f1os. Las capas de roca que la conforman son de origen volc\u00e1nico, producto de antiguas erupciones que ocurr\u00edan en el lugar. Luego de su formaci\u00f3n, las fuerzas de las placas tect\u00f3nicas han deformado y levantado esta cordillera, principalmente a trav\u00e9s del movimiento de grandes fallas geol\u00f3gicas.<\/p>\n<p>El cerro Quimal es la mayor cumbre de la cordillera de Domeyko, alcanzando los 4278 msnm, y es lo que se conoce en geolog\u00eda como \u201cun \u201cPlut\u00f3n. Esto es una antigua c\u00e1mara magm\u00e1tica, que tiene menos de 100 millones de a\u00f1os, que alimentaba antiguos volcanes de la zona, y que se enfri\u00f3, convirti\u00e9ndose en rocas conocidas como gabros.<\/p>\n<p>La gran mayor\u00eda de los grandes yacimientos de cobre del norte de Chile, siendo de los m\u00e1s grandes del mundo, est\u00e1n asociados a esta cordillera, como son La Escondida, El Salvador o Chuquicamata.<\/td>\n<\/tr>\n<tr>\n<td>V\u00ednculos<br \/>\necol\u00f3gicos<\/td>\n<td>V\u00ednculos ecol\u00f3gicos Esta importante cadena monta\u00f1osa, a pesar de encontrarse en una de las zonas m\u00e1s \u00e1ridas del mundo, alberga una gran diversidad de flora y fauna que se encuentra muy adaptada a las condiciones clim\u00e1ticas extremas de la zona. En este sector, encontramos distintos pisos altitudinales que van desde la cuenca del salar (entre 2300-2700 msnm), la pre-puna (entre los 2700- 3400 msnm), altiplano-puna (3400-4000msnm) y la estepa altoandina (sobre los 4000msnm). En este paisaje habitan la vizcacha, el halc\u00f3n perdiguero, el rat\u00f3n orejudo, el gato colo-colo, el gato andino y algunas representantes de la flora local como el cachiyuyo, la algarrobilla, el lampaya, el kume, el chuchampe y la yareta.<\/td>\n<\/tr>\n<tr>\n<td>\u00bfSab\u00edas qu\u00e9?<\/td>\n<td>Fue nombrada en homenaje al investigador polaco, Ignacio Domeyko. Existen variadas historias, una de ellas, en torno al amor eterno entre el cerro Quimal, que representa<\/td>\n<\/tr>\n<tr>\n<td>Referencias<\/td>\n<td>\n<ul>\n<li>D\u00edaz, G. C. (1977). Contribution to the knowledge of the Domeyko Range in the Andes of Northern Chile. Geologische Rundschau, 66(1), 374\u2013404.<\/li>\n<li>Amilibia, A., S\u00e0bat, F., McClay, K. R., Mu\u00f1oz, J. A., Roca, E., &amp; Chong, G. (2008). The role of inherited tectono-sedimentary architecture in the development of the central Andean mountain belt: Insights from the Cordillera de Domeyko. Journal of Structural Geology, 30(12), 1520-1539.<\/li>\n<li>L\u00f3pez, C., Mart\u00ednez, F., Del Ventisette, C., Bonini, M., Montanari, D., Mu\u00f1oz, B., &amp; Riquelme, R. (2020). East-vergent thrusts and inversion structures: An updated tectonic model to understand the Domeyko Cordillera and the Salar de Atacama Basin transition in the western Central Andes. Journal of South American Earth Sciences, 103, 102741.<\/li>\n<li>Guerra, C., &amp; Malinarich, A. (2015). Espacio bioecol\u00f3gico.<\/li>\n<li>https:\/\/web.archive.org\/web\/20080222030542\/http:\/\/www.ersdac.or.jp\/ASTERimage\/ASTERimage_library_E.html<\/li>\n<\/ul>\n<\/td>\n<\/tr>\n<\/tbody>\n<\/table>\n<\/div>[vc_column_text css=&#8221;.vc_custom_1607972302706{padding-top: 30px !important;padding-bottom: 30px !important;}&#8221;]<\/p>\n<h2 style=\"text-align: center;\">Im\u00e1genes<\/h2>\n<p>[\/vc_column_text][vc_column_text][\/vc_column_text][vc_column_text css=&#8221;.vc_custom_1608262789112{padding-bottom: 100px !important;}&#8221;]<img class=\"aligncenter size-full wp-image-1447\" src=\"https:\/\/www.filantropiacortessolari.cl\/territoriar\/wp-content\/uploads\/2020\/12\/Cordillera-de-Domeyko-1.jpg.jpg\" alt=\"\" width=\"1280\" height=\"720\" srcset=\"https:\/\/filantropiacortessolari.cl\/territoriar\/wp-content\/uploads\/2020\/12\/Cordillera-de-Domeyko-1.jpg.jpg 1280w, https:\/\/filantropiacortessolari.cl\/territoriar\/wp-content\/uploads\/2020\/12\/Cordillera-de-Domeyko-1.jpg-300x169.jpg 300w, https:\/\/filantropiacortessolari.cl\/territoriar\/wp-content\/uploads\/2020\/12\/Cordillera-de-Domeyko-1.jpg-1024x576.jpg 1024w, https:\/\/filantropiacortessolari.cl\/territoriar\/wp-content\/uploads\/2020\/12\/Cordillera-de-Domeyko-1.jpg-768x432.jpg 768w\" sizes=\"(max-width: 1280px) 100vw, 1280px\" \/>[\/vc_column_text][vc_column_text]<img class=\"aligncenter size-full wp-image-1448\" src=\"https:\/\/www.filantropiacortessolari.cl\/territoriar\/wp-content\/uploads\/2020\/12\/Cordillera-de-Domeyko-2.jpg.jpg\" alt=\"\" width=\"1280\" height=\"720\" srcset=\"https:\/\/filantropiacortessolari.cl\/territoriar\/wp-content\/uploads\/2020\/12\/Cordillera-de-Domeyko-2.jpg.jpg 1280w, https:\/\/filantropiacortessolari.cl\/territoriar\/wp-content\/uploads\/2020\/12\/Cordillera-de-Domeyko-2.jpg-300x169.jpg 300w, https:\/\/filantropiacortessolari.cl\/territoriar\/wp-content\/uploads\/2020\/12\/Cordillera-de-Domeyko-2.jpg-1024x576.jpg 1024w, https:\/\/filantropiacortessolari.cl\/territoriar\/wp-content\/uploads\/2020\/12\/Cordillera-de-Domeyko-2.jpg-768x432.jpg 768w\" sizes=\"(max-width: 1280px) 100vw, 1280px\" \/>[\/vc_column_text][\/vc_column][\/vc_row]<\/p>\n<\/div>","protected":false},"excerpt":{"rendered":"<p>[vc_row full_width=&#8221;stretch_row&#8221; parallax=&#8221;content-moving&#8221; parallax_image=&#8221;1607&#8243; parallax_speed_bg=&#8221;1.2&#8243; css=&#8221;.vc_custom_1609186381487{padding-top: 200px !important;padding-bottom: 200px !important;}&#8221;][vc_column][vc_column_text] Norte de Chile [\/vc_column_text][\/vc_column][\/vc_row][vc_row][vc_column][vc_column_text css=&#8221;.vc_custom_1608262022310{padding-bottom: 30px !important;}&#8221;] Reserva Elemental Puribeter&#8230;<\/p>\n","protected":false},"author":1,"featured_media":0,"parent":0,"menu_order":0,"comment_status":"closed","ping_status":"closed","template":"","meta":{"footnotes":""},"class_list":["post-1446","page","type-page","status-publish"],"_links":{"self":[{"href":"https:\/\/filantropiacortessolari.cl\/territoriar\/wp-json\/wp\/v2\/pages\/1446","targetHints":{"allow":["GET"]}}],"collection":[{"href":"https:\/\/filantropiacortessolari.cl\/territoriar\/wp-json\/wp\/v2\/pages"}],"about":[{"href":"https:\/\/filantropiacortessolari.cl\/territoriar\/wp-json\/wp\/v2\/types\/page"}],"author":[{"embeddable":true,"href":"https:\/\/filantropiacortessolari.cl\/territoriar\/wp-json\/wp\/v2\/users\/1"}],"replies":[{"embeddable":true,"href":"https:\/\/filantropiacortessolari.cl\/territoriar\/wp-json\/wp\/v2\/comments?post=1446"}],"version-history":[{"count":7,"href":"https:\/\/filantropiacortessolari.cl\/territoriar\/wp-json\/wp\/v2\/pages\/1446\/revisions"}],"predecessor-version":[{"id":1608,"href":"https:\/\/filantropiacortessolari.cl\/territoriar\/wp-json\/wp\/v2\/pages\/1446\/revisions\/1608"}],"wp:attachment":[{"href":"https:\/\/filantropiacortessolari.cl\/territoriar\/wp-json\/wp\/v2\/media?parent=1446"}],"curies":[{"name":"wp","href":"https:\/\/api.w.org\/{rel}","templated":true}]}}