{"id":1453,"date":"2020-12-18T12:07:05","date_gmt":"2020-12-18T15:07:05","guid":{"rendered":"http:\/\/test.territoriar.cl\/?page_id=1453"},"modified":"2020-12-28T17:13:59","modified_gmt":"2020-12-28T20:13:59","slug":"cordillera-de-la-sal","status":"publish","type":"page","link":"https:\/\/filantropiacortessolari.cl\/territoriar\/cordillera-de-la-sal\/","title":{"rendered":"Cordillera de la Sal"},"content":{"rendered":"<div class=\"wpb-content-wrapper\"><p>[vc_row full_width=&#8221;stretch_row&#8221; parallax=&#8221;content-moving&#8221; parallax_image=&#8221;1607&#8243; parallax_speed_bg=&#8221;1.2&#8243; css=&#8221;.vc_custom_1609186436773{padding-top: 200px !important;padding-bottom: 200px !important;}&#8221;][vc_column][vc_column_text]<\/p>\n<h1 style=\"text-align: center;\">Norte de Chile<\/h1>\n<p>[\/vc_column_text][\/vc_column][\/vc_row][vc_row][vc_column][vc_column_text css=&#8221;.vc_custom_1608303473866{padding-bottom: 30px !important;}&#8221;]<\/p>\n<h2 style=\"text-align: center;\">Reserva Elemental Puribeter<\/h2>\n<h3 style=\"text-align: center;\">Cordillera de la Sal<\/h3>\n<p>[\/vc_column_text]<div class=\"gem-table gem-table-responsive gem-table-style-2\"><table style=\"width: 100%;\">\n<tbody>\n<tr>\n<td>Ubicaci\u00f3n<\/td>\n<td>\n<p align=\"left\">22\u00b055&#8217;30&#8243;S 68\u00b016&#8217;42&#8243;O 7 km al Noroeste de Puribeter<\/p>\n<\/td>\n<\/tr>\n<tr>\n<td>Descripci\u00f3n geol\u00f3gica<\/td>\n<td>La Cordillera de la Sal es un estrecho cord\u00f3n monta\u00f1oso de unos 100 km de largo y 10 km de ancho, que alcanza los 2550 m de altitud, y se ubica en la zona oeste del Salar de Atacama. Sus rocas est\u00e1n compuestas principalmente de sal y yeso, formadas por la evaporaci\u00f3n de aguas cargadas de sales que proven\u00edan desde el oeste, una historia que comenz\u00f3 hace unos 40 millones de a\u00f1os.<\/p>\n<p>Llama la atenci\u00f3n encontrar espectaculares rasgos geol\u00f3gicos en el paisaje, que son resultado de una compleja historia geol\u00f3gica de deformaci\u00f3n y erosi\u00f3n. Despu\u00e9s de que se formaron los \u201cestratos\u201d o capas de roca, estos se sometieron a procesos posteriores asociados a la subducci\u00f3n, a la acci\u00f3n del viento y a antiguas corrientes de agua, en este lugar que es uno de los m\u00e1s \u00e1ridos del mundo.<\/p>\n<p>Impactantes dunas, pliegues y cavernas con estalactitas son algunas de las maravillas que conforman sus paisajes \u00fanicos en el mundo.<\/td>\n<\/tr>\n<tr>\n<td>V\u00ednculos<br \/>\necol\u00f3gicos<\/td>\n<td>Este es uno de los lugares m\u00e1s secos del planeta, pese a esto, y aunque parezca incre\u00edble, en algunos sitios se dan microclimas propicios para la vida de ciertas plantas, como son el cachiyuyo y el pingo pingo, adem\u00e1s de mam\u00edferos peque\u00f1os, algunas aves y murci\u00e9lagos. En el extremo sur oriental, hay una mayor diversidad faun\u00edstica, correspondiendo tambi\u00e9n este sector al lugar donde se desarrollan pr\u00e1cticas agr\u00edcolas.<\/td>\n<\/tr>\n<tr>\n<td>\u00bfSab\u00edas qu\u00e9?<\/td>\n<td>Antiguamente, las comunidades locales le llamaban \u201cLas Salinas\u201d.<br \/>\nEs un antiguo lugar de extracci\u00f3n de sal de mina, que permit\u00eda el intercambio econ\u00f3mico de otros objetos y\/o productos con otras comunidades aleda\u00f1as.<br \/>\nEl Santuario de la Naturaleza Valle de la Luna forma parte de esta cordillera.<\/td>\n<\/tr>\n<tr>\n<td>Referencias<\/td>\n<td>\n<ul>\n<li>Rubilar, J., Mart\u00ednez, F., Arriagada, C., Becerra, J., &amp; Bascu\u00f1\u00e1n, S. (2018). Structure of the Cordillera de la Sal: A key tectonic element for the Oligocene-Neogene evolution of the Salar de Atacama basin, Central Andes, northern Chile. Journal of South American Earth Sciences, 87, 200-210.<\/li>\n<li>Rubilar Contreras, J. (2015). Arquitectura interna y desarrollo oligoceno-ne\u00f3geno de la cuenca del Salar de Atacama, Andes Centrales del Norte de Chile. Disponible en http:\/\/repositorio.uchile.cl\/handle\/2250\/136317<\/li>\n<\/ul>\n<\/td>\n<\/tr>\n<\/tbody>\n<\/table>\n<\/div>[vc_column_text css=&#8221;.vc_custom_1607972302706{padding-top: 30px !important;padding-bottom: 30px !important;}&#8221;]<\/p>\n<h2 style=\"text-align: center;\">Im\u00e1genes<\/h2>\n<p>[\/vc_column_text][vc_column_text][\/vc_column_text][vc_column_text css=&#8221;.vc_custom_1608303269528{padding-bottom: 100px !important;}&#8221;]<img class=\"aligncenter size-full wp-image-1454\" src=\"https:\/\/www.filantropiacortessolari.cl\/territoriar\/wp-content\/uploads\/2020\/12\/Cordillera-de-la-Sal-1.jpg\" alt=\"\" width=\"1502\" height=\"1131\" srcset=\"https:\/\/filantropiacortessolari.cl\/territoriar\/wp-content\/uploads\/2020\/12\/Cordillera-de-la-Sal-1.jpg 1502w, https:\/\/filantropiacortessolari.cl\/territoriar\/wp-content\/uploads\/2020\/12\/Cordillera-de-la-Sal-1-300x226.jpg 300w, https:\/\/filantropiacortessolari.cl\/territoriar\/wp-content\/uploads\/2020\/12\/Cordillera-de-la-Sal-1-1024x771.jpg 1024w, https:\/\/filantropiacortessolari.cl\/territoriar\/wp-content\/uploads\/2020\/12\/Cordillera-de-la-Sal-1-768x578.jpg 768w\" sizes=\"(max-width: 1502px) 100vw, 1502px\" \/>[\/vc_column_text][vc_column_text]<img class=\"aligncenter size-full wp-image-1455\" src=\"https:\/\/www.filantropiacortessolari.cl\/territoriar\/wp-content\/uploads\/2020\/12\/Cordillera-de-la-Sal-2.jpg\" alt=\"\" width=\"1499\" height=\"1125\" srcset=\"https:\/\/filantropiacortessolari.cl\/territoriar\/wp-content\/uploads\/2020\/12\/Cordillera-de-la-Sal-2.jpg 1499w, https:\/\/filantropiacortessolari.cl\/territoriar\/wp-content\/uploads\/2020\/12\/Cordillera-de-la-Sal-2-300x225.jpg 300w, https:\/\/filantropiacortessolari.cl\/territoriar\/wp-content\/uploads\/2020\/12\/Cordillera-de-la-Sal-2-1024x769.jpg 1024w, https:\/\/filantropiacortessolari.cl\/territoriar\/wp-content\/uploads\/2020\/12\/Cordillera-de-la-Sal-2-768x576.jpg 768w\" sizes=\"(max-width: 1499px) 100vw, 1499px\" \/>[\/vc_column_text][\/vc_column][\/vc_row]<\/p>\n<\/div>","protected":false},"excerpt":{"rendered":"<p>[vc_row full_width=&#8221;stretch_row&#8221; parallax=&#8221;content-moving&#8221; parallax_image=&#8221;1607&#8243; parallax_speed_bg=&#8221;1.2&#8243; css=&#8221;.vc_custom_1609186436773{padding-top: 200px !important;padding-bottom: 200px !important;}&#8221;][vc_column][vc_column_text] Norte de Chile [\/vc_column_text][\/vc_column][\/vc_row][vc_row][vc_column][vc_column_text css=&#8221;.vc_custom_1608303473866{padding-bottom: 30px !important;}&#8221;] Reserva Elemental Puribeter&#8230;<\/p>\n","protected":false},"author":1,"featured_media":0,"parent":0,"menu_order":0,"comment_status":"closed","ping_status":"closed","template":"","meta":{"footnotes":""},"class_list":["post-1453","page","type-page","status-publish"],"_links":{"self":[{"href":"https:\/\/filantropiacortessolari.cl\/territoriar\/wp-json\/wp\/v2\/pages\/1453","targetHints":{"allow":["GET"]}}],"collection":[{"href":"https:\/\/filantropiacortessolari.cl\/territoriar\/wp-json\/wp\/v2\/pages"}],"about":[{"href":"https:\/\/filantropiacortessolari.cl\/territoriar\/wp-json\/wp\/v2\/types\/page"}],"author":[{"embeddable":true,"href":"https:\/\/filantropiacortessolari.cl\/territoriar\/wp-json\/wp\/v2\/users\/1"}],"replies":[{"embeddable":true,"href":"https:\/\/filantropiacortessolari.cl\/territoriar\/wp-json\/wp\/v2\/comments?post=1453"}],"version-history":[{"count":3,"href":"https:\/\/filantropiacortessolari.cl\/territoriar\/wp-json\/wp\/v2\/pages\/1453\/revisions"}],"predecessor-version":[{"id":1609,"href":"https:\/\/filantropiacortessolari.cl\/territoriar\/wp-json\/wp\/v2\/pages\/1453\/revisions\/1609"}],"wp:attachment":[{"href":"https:\/\/filantropiacortessolari.cl\/territoriar\/wp-json\/wp\/v2\/media?parent=1453"}],"curies":[{"name":"wp","href":"https:\/\/api.w.org\/{rel}","templated":true}]}}