{"id":1464,"date":"2020-12-18T13:01:42","date_gmt":"2020-12-18T16:01:42","guid":{"rendered":"http:\/\/test.territoriar.cl\/?page_id=1464"},"modified":"2020-12-28T17:14:36","modified_gmt":"2020-12-28T20:14:36","slug":"duna-de-puribeter","status":"publish","type":"page","link":"https:\/\/filantropiacortessolari.cl\/territoriar\/duna-de-puribeter\/","title":{"rendered":"Duna de Puribeter"},"content":{"rendered":"<div class=\"wpb-content-wrapper\"><p>[vc_row full_width=&#8221;stretch_row&#8221; parallax=&#8221;content-moving&#8221; parallax_image=&#8221;1607&#8243; parallax_speed_bg=&#8221;1.2&#8243; css=&#8221;.vc_custom_1609186473164{padding-top: 200px !important;padding-bottom: 200px !important;}&#8221;][vc_column][vc_column_text]<\/p>\n<h1 style=\"text-align: center;\">Norte de Chile<\/h1>\n<p>[\/vc_column_text][\/vc_column][\/vc_row][vc_row][vc_column][vc_column_text css=&#8221;.vc_custom_1608306865278{padding-bottom: 30px !important;}&#8221;]<\/p>\n<h2 style=\"text-align: center;\">Reserva Elemental Puribeter<\/h2>\n<h3 style=\"text-align: center;\">Duna de Puribeter<\/h3>\n<p>[\/vc_column_text]<div class=\"gem-table gem-table-responsive gem-table-style-2\"><table style=\"width: 100%;\">\n<tbody>\n<tr>\n<td>Ubicaci\u00f3n<\/td>\n<td>\n<p align=\"left\">22\u00b058&#8217;27.33&#8243;S 68\u00b012&#8217;54.85&#8243;O App: 2395 Oeste de Puribeter<\/p>\n<\/td>\n<\/tr>\n<tr>\n<td>Descripci\u00f3n geol\u00f3gica<\/td>\n<td>El desierto de Atacama es uno de los lugares m\u00e1s \u00e1ridos del mundo. All\u00ed destacan algunos de sus parajes que est\u00e1n cubiertos por dunas, que son crestas o mont\u00edculos producidos por la acumulaci\u00f3n de arena. Estos granos de arena han sido transportados y depositados por el viento, por lo que se conocen como dep\u00f3sitos de origen e\u00f3lico. La arena empieza a acumularse en cualquier lugar en el que una obstrucci\u00f3n situada en el camino del viento ralentice su movimiento.<\/p>\n<p>La duna de Puribeter avanza constantemente hacia el sureste, tiene una altura de unos 15 metros, y su formaci\u00f3n se relaciona con los constantes vientos que dominan la regi\u00f3n y provienen desde el noroeste. Presenta arenas de color claro, con un alto porcentaje de granos de cuarzo. La fuente de estos granos son rocas originadas en grandes erupciones volc\u00e1nicas llamadas ignimbritas.<\/td>\n<\/tr>\n<tr>\n<td>V\u00ednculos<br \/>\necol\u00f3gicos<\/td>\n<td>La duna alberga reptiles, micro mam\u00edferos e insectos que son muy dif\u00edciles de encontrar. Entre la vegetaci\u00f3n que se puede encontrar destacan matorrales de brea y cachiyuyo, tomatillo y algarrobos aislados. Actualmente, su avance se intenta controlar mediante la forestaci\u00f3n con vegetaci\u00f3n nativa, como es el bosque de cha\u00f1ar.<\/td>\n<\/tr>\n<tr>\n<td>\u00bfSab\u00edas qu\u00e9?<\/td>\n<td>Es un excelente lugar de observaci\u00f3n del Salar de Atacama.<br \/>\nEs un interesante lugar para evocar el ingenio atacame\u00f1o, donde a trav\u00e9s de la plantaci\u00f3n de cachiyuyo y cha\u00f1ar, se intent\u00f3 detener el avance de la duna.<\/td>\n<\/tr>\n<tr>\n<td>Referencias<\/td>\n<td>\n<ul>\n<li>Tarbuck, E. J., Lutgens, F. K., Tasa, D., &amp; Tasa, D. (2005). Earth: an introduction to physical geology. Upper Saddle River: Pearson\/Prentice Hall.<\/li>\n<li>Marinovic, S.N., Lahsen, A. A. 1984. Hoja Calama, Regi\u00f3n de Atacama. Carta Geol\u00f3gica de Chile, Servicio Nacional de Geolog\u00eda y Miner\u00eda 58, 140, plus map (1:250,000)<\/li>\n<\/ul>\n<\/td>\n<\/tr>\n<\/tbody>\n<\/table>\n<\/div>[vc_column_text css=&#8221;.vc_custom_1607972302706{padding-top: 30px !important;padding-bottom: 30px !important;}&#8221;]<\/p>\n<h2 style=\"text-align: center;\">Im\u00e1genes<\/h2>\n<p>[\/vc_column_text][vc_column_text][\/vc_column_text][vc_column_text css=&#8221;.vc_custom_1608307281571{padding-bottom: 100px !important;}&#8221;]<img class=\"aligncenter size-full wp-image-1465\" src=\"https:\/\/www.filantropiacortessolari.cl\/territoriar\/wp-content\/uploads\/2020\/12\/Duna-de-Puribeter-1.jpg\" alt=\"\" width=\"1753\" height=\"1125\" srcset=\"https:\/\/filantropiacortessolari.cl\/territoriar\/wp-content\/uploads\/2020\/12\/Duna-de-Puribeter-1.jpg 1753w, https:\/\/filantropiacortessolari.cl\/territoriar\/wp-content\/uploads\/2020\/12\/Duna-de-Puribeter-1-300x193.jpg 300w, https:\/\/filantropiacortessolari.cl\/territoriar\/wp-content\/uploads\/2020\/12\/Duna-de-Puribeter-1-1024x657.jpg 1024w, https:\/\/filantropiacortessolari.cl\/territoriar\/wp-content\/uploads\/2020\/12\/Duna-de-Puribeter-1-768x493.jpg 768w, https:\/\/filantropiacortessolari.cl\/territoriar\/wp-content\/uploads\/2020\/12\/Duna-de-Puribeter-1-1536x986.jpg 1536w\" sizes=\"(max-width: 1753px) 100vw, 1753px\" \/>[\/vc_column_text][vc_column_text]<img class=\"aligncenter size-full wp-image-1466\" src=\"https:\/\/www.filantropiacortessolari.cl\/territoriar\/wp-content\/uploads\/2020\/12\/Duna-de-Puribeter-2.jpg\" alt=\"\" width=\"1846\" height=\"1063\" srcset=\"https:\/\/filantropiacortessolari.cl\/territoriar\/wp-content\/uploads\/2020\/12\/Duna-de-Puribeter-2.jpg 1846w, https:\/\/filantropiacortessolari.cl\/territoriar\/wp-content\/uploads\/2020\/12\/Duna-de-Puribeter-2-300x173.jpg 300w, https:\/\/filantropiacortessolari.cl\/territoriar\/wp-content\/uploads\/2020\/12\/Duna-de-Puribeter-2-1024x590.jpg 1024w, https:\/\/filantropiacortessolari.cl\/territoriar\/wp-content\/uploads\/2020\/12\/Duna-de-Puribeter-2-768x442.jpg 768w, https:\/\/filantropiacortessolari.cl\/territoriar\/wp-content\/uploads\/2020\/12\/Duna-de-Puribeter-2-1536x884.jpg 1536w\" sizes=\"(max-width: 1846px) 100vw, 1846px\" \/>[\/vc_column_text][\/vc_column][\/vc_row]<\/p>\n<\/div>","protected":false},"excerpt":{"rendered":"<p>[vc_row full_width=&#8221;stretch_row&#8221; parallax=&#8221;content-moving&#8221; parallax_image=&#8221;1607&#8243; parallax_speed_bg=&#8221;1.2&#8243; css=&#8221;.vc_custom_1609186473164{padding-top: 200px !important;padding-bottom: 200px !important;}&#8221;][vc_column][vc_column_text] Norte de Chile [\/vc_column_text][\/vc_column][\/vc_row][vc_row][vc_column][vc_column_text css=&#8221;.vc_custom_1608306865278{padding-bottom: 30px !important;}&#8221;] Reserva Elemental Puribeter&#8230;<\/p>\n","protected":false},"author":1,"featured_media":0,"parent":0,"menu_order":0,"comment_status":"closed","ping_status":"closed","template":"","meta":{"footnotes":""},"class_list":["post-1464","page","type-page","status-publish"],"_links":{"self":[{"href":"https:\/\/filantropiacortessolari.cl\/territoriar\/wp-json\/wp\/v2\/pages\/1464","targetHints":{"allow":["GET"]}}],"collection":[{"href":"https:\/\/filantropiacortessolari.cl\/territoriar\/wp-json\/wp\/v2\/pages"}],"about":[{"href":"https:\/\/filantropiacortessolari.cl\/territoriar\/wp-json\/wp\/v2\/types\/page"}],"author":[{"embeddable":true,"href":"https:\/\/filantropiacortessolari.cl\/territoriar\/wp-json\/wp\/v2\/users\/1"}],"replies":[{"embeddable":true,"href":"https:\/\/filantropiacortessolari.cl\/territoriar\/wp-json\/wp\/v2\/comments?post=1464"}],"version-history":[{"count":2,"href":"https:\/\/filantropiacortessolari.cl\/territoriar\/wp-json\/wp\/v2\/pages\/1464\/revisions"}],"predecessor-version":[{"id":1610,"href":"https:\/\/filantropiacortessolari.cl\/territoriar\/wp-json\/wp\/v2\/pages\/1464\/revisions\/1610"}],"wp:attachment":[{"href":"https:\/\/filantropiacortessolari.cl\/territoriar\/wp-json\/wp\/v2\/media?parent=1464"}],"curies":[{"name":"wp","href":"https:\/\/api.w.org\/{rel}","templated":true}]}}