{"id":1470,"date":"2020-12-18T13:37:36","date_gmt":"2020-12-18T16:37:36","guid":{"rendered":"http:\/\/test.territoriar.cl\/?page_id=1470"},"modified":"2020-12-28T17:15:27","modified_gmt":"2020-12-28T20:15:27","slug":"salar-de-atacama","status":"publish","type":"page","link":"https:\/\/filantropiacortessolari.cl\/territoriar\/salar-de-atacama\/","title":{"rendered":"Salar de Atacama"},"content":{"rendered":"<div class=\"wpb-content-wrapper\"><p>[vc_row full_width=&#8221;stretch_row&#8221; parallax=&#8221;content-moving&#8221; parallax_image=&#8221;1607&#8243; parallax_speed_bg=&#8221;1.2&#8243; css=&#8221;.vc_custom_1609186524502{padding-top: 200px !important;padding-bottom: 200px !important;}&#8221;][vc_column][vc_column_text]<\/p>\n<h1 style=\"text-align: center;\">Norte de Chile<\/h1>\n<p>[\/vc_column_text][\/vc_column][\/vc_row][vc_row][vc_column][vc_column_text css=&#8221;.vc_custom_1608308884133{padding-bottom: 30px !important;}&#8221;]<\/p>\n<h2 style=\"text-align: center;\">Reserva Elemental Puribeter<\/h2>\n<h3 style=\"text-align: center;\">Salar de Atacama<\/h3>\n<p>[\/vc_column_text]<div class=\"gem-table gem-table-responsive gem-table-style-2\"><table style=\"width: 100%;\">\n<tbody>\n<tr>\n<td>Ubicaci\u00f3n<\/td>\n<td>\n<p align=\"left\">22\u00b058&#8217;27.33&#8243;S 68\u00b012&#8217;54.85&#8243;O App: 2395 Oeste de Puribeter<\/p>\n<\/td>\n<\/tr>\n<tr>\n<td>Descripci\u00f3n geol\u00f3gica<\/td>\n<td>El Salar de Atacama es un enorme dep\u00f3sito salino, que se presenta como una costra de minerales de halita (de la misma composici\u00f3n que la sal com\u00fan), el que se ubica a 2300 m.s.n.m. Es la parte de una cuenca cerrada de 14.800 km2, a la que llegan las aguas provenientes de la Cordillera de los Andes al este y la Cordillera de Domeyko al oeste.<\/p>\n<p>Tiene cerca de 3000 km2 de superficie, lo que lo convierte en el salar m\u00e1s grande de Chile y en el tercer mayor salar del mundo tras los salares de Uyuni (Bolivia) y Salinas Grandes (Argentina). En sus minerales, posee el 25 % de las reservas mundiales de litio y grandes cantidades de b\u00f3rax y sales pot\u00e1sicas.<\/p>\n<p>La sal de los salares proviene de la disoluci\u00f3n de las sales del suelo por las aguas de lluvia, las que son arrastradas hacia el salar. Luego las aguas se evaporan y las sales aportadas se van acumulando.<\/td>\n<\/tr>\n<tr>\n<td>V\u00ednculos<br \/>\necol\u00f3gicos<\/td>\n<td>La cuenca del Salar de Atacama alberga dentro de su fauna, a una gran cantidad de flamencos concentrados en la reserva nacional del mismo nombre y lagunas hipersalinas de la cuenca, adem\u00e1s de otras aves, como patos, aves de rapi\u00f1a, cait\u00ed, gaviota andina, pitotoy chico y algunos mam\u00edferos, como zorro culpeo, yacas, rat\u00f3n andino y burros silvestres los que conviven con sus descendientes dom\u00e9sticos: las llamas, cabras y ovejas. Tambi\u00e9n reptiles como lagartija de Fabi\u00e1n, entre otras especies.<\/p>\n<p>En el salar existen diferentes especies vegetales, as\u00ed como tambi\u00e9n microorganismos -principalmente bacterias-, capaces de vivir en condiciones de extrema salinidad y temperatura. Conocidos como \u201cextrem\u00f3filos\u201d, su estudio ha permitido utilizarlos en aplicaciones biotecnol\u00f3gicas diversas, como pigmentos, medicamentos e incluso, en estudios para prevenir enfermedades cr\u00f3nicas como el c\u00e1ncer.<\/td>\n<\/tr>\n<tr>\n<td>\u00bfSab\u00edas qu\u00e9?<\/td>\n<td>En \u00e9ste, que es el tercer mayor salar del mundo, el aire es muy seco, lo que altera la apreciaci\u00f3n de las distancias.<\/p>\n<p>De las seis especies de flamencos a nivel mundial, 3 de ellos se encuentran en lagunas del Salar: flamenco de james, flamenco chileno y flamenco andino.<\/p>\n<p>Es el tercer mayor salar del mundo.<\/td>\n<\/tr>\n<tr>\n<td>Referencias<\/td>\n<td>\n<ul>\n<li><a href=\"https:\/\/www.explora.cl\/blog\/2014\/12\/24\/salar-de-atacama\/\">https:\/\/www.explora.cl\/blog\/2014\/12\/24\/salar-de-atacama\/<\/a><\/li>\n<li><a href=\"Alonso, H., &amp; Risacher, F. (1996). Geoqu\u00edmica del Salar de Atacama, parte 1: origen de los componentes y balance salino. Andean Geology, 23(2), 113-122.\">Marinovic, S.N., Lahsen, A. A. 1984. Hoja Calama, Regi\u00f3n de Atacama. Carta Geol\u00f3gica de Chile, Servicio Nacional de Geolog\u00eda y Miner\u00eda 58, 140, plus map (1:250,000)<\/a><\/li>\n<\/ul>\n<\/td>\n<\/tr>\n<\/tbody>\n<\/table>\n<\/div>[vc_column_text css=&#8221;.vc_custom_1607972302706{padding-top: 30px !important;padding-bottom: 30px !important;}&#8221;]<\/p>\n<h2 style=\"text-align: center;\">Im\u00e1genes<\/h2>\n<p>[\/vc_column_text][vc_column_text][\/vc_column_text][vc_column_text css=&#8221;.vc_custom_1608309376114{padding-bottom: 100px !important;}&#8221;]<img class=\"aligncenter size-full wp-image-1476\" src=\"https:\/\/www.filantropiacortessolari.cl\/territoriar\/wp-content\/uploads\/2020\/12\/Salar-de-Atacama-2.jpg\" alt=\"\" width=\"1024\" height=\"576\" srcset=\"https:\/\/filantropiacortessolari.cl\/territoriar\/wp-content\/uploads\/2020\/12\/Salar-de-Atacama-2.jpg 1024w, https:\/\/filantropiacortessolari.cl\/territoriar\/wp-content\/uploads\/2020\/12\/Salar-de-Atacama-2-300x169.jpg 300w, https:\/\/filantropiacortessolari.cl\/territoriar\/wp-content\/uploads\/2020\/12\/Salar-de-Atacama-2-768x432.jpg 768w\" sizes=\"(max-width: 1024px) 100vw, 1024px\" \/>[\/vc_column_text][vc_column_text]<img class=\"aligncenter size-full wp-image-1475\" src=\"https:\/\/www.filantropiacortessolari.cl\/territoriar\/wp-content\/uploads\/2020\/12\/Salar-de-Atacama-1.jpg\" alt=\"\" width=\"1024\" height=\"576\" srcset=\"https:\/\/filantropiacortessolari.cl\/territoriar\/wp-content\/uploads\/2020\/12\/Salar-de-Atacama-1.jpg 1024w, https:\/\/filantropiacortessolari.cl\/territoriar\/wp-content\/uploads\/2020\/12\/Salar-de-Atacama-1-300x169.jpg 300w, https:\/\/filantropiacortessolari.cl\/territoriar\/wp-content\/uploads\/2020\/12\/Salar-de-Atacama-1-768x432.jpg 768w\" sizes=\"(max-width: 1024px) 100vw, 1024px\" \/>[\/vc_column_text][\/vc_column][\/vc_row]<\/p>\n<\/div>","protected":false},"excerpt":{"rendered":"<p>[vc_row full_width=&#8221;stretch_row&#8221; parallax=&#8221;content-moving&#8221; parallax_image=&#8221;1607&#8243; parallax_speed_bg=&#8221;1.2&#8243; css=&#8221;.vc_custom_1609186524502{padding-top: 200px !important;padding-bottom: 200px !important;}&#8221;][vc_column][vc_column_text] Norte de Chile [\/vc_column_text][\/vc_column][\/vc_row][vc_row][vc_column][vc_column_text css=&#8221;.vc_custom_1608308884133{padding-bottom: 30px !important;}&#8221;] Reserva Elemental Puribeter&#8230;<\/p>\n","protected":false},"author":1,"featured_media":0,"parent":0,"menu_order":0,"comment_status":"closed","ping_status":"closed","template":"","meta":{"footnotes":""},"class_list":["post-1470","page","type-page","status-publish"],"_links":{"self":[{"href":"https:\/\/filantropiacortessolari.cl\/territoriar\/wp-json\/wp\/v2\/pages\/1470","targetHints":{"allow":["GET"]}}],"collection":[{"href":"https:\/\/filantropiacortessolari.cl\/territoriar\/wp-json\/wp\/v2\/pages"}],"about":[{"href":"https:\/\/filantropiacortessolari.cl\/territoriar\/wp-json\/wp\/v2\/types\/page"}],"author":[{"embeddable":true,"href":"https:\/\/filantropiacortessolari.cl\/territoriar\/wp-json\/wp\/v2\/users\/1"}],"replies":[{"embeddable":true,"href":"https:\/\/filantropiacortessolari.cl\/territoriar\/wp-json\/wp\/v2\/comments?post=1470"}],"version-history":[{"count":3,"href":"https:\/\/filantropiacortessolari.cl\/territoriar\/wp-json\/wp\/v2\/pages\/1470\/revisions"}],"predecessor-version":[{"id":1611,"href":"https:\/\/filantropiacortessolari.cl\/territoriar\/wp-json\/wp\/v2\/pages\/1470\/revisions\/1611"}],"wp:attachment":[{"href":"https:\/\/filantropiacortessolari.cl\/territoriar\/wp-json\/wp\/v2\/media?parent=1470"}],"curies":[{"name":"wp","href":"https:\/\/api.w.org\/{rel}","templated":true}]}}