{"id":1502,"date":"2020-12-18T15:38:48","date_gmt":"2020-12-18T18:38:48","guid":{"rendered":"http:\/\/test.territoriar.cl\/?page_id=1502"},"modified":"2020-12-28T17:17:22","modified_gmt":"2020-12-28T20:17:22","slug":"volcan-lascar-lengua-de-fuego-en-kunza","status":"publish","type":"page","link":"https:\/\/filantropiacortessolari.cl\/territoriar\/volcan-lascar-lengua-de-fuego-en-kunza\/","title":{"rendered":"Volc\u00e1n Lascar (&#8220;Lengua de fuego&#8221; en kunza)"},"content":{"rendered":"<div class=\"wpb-content-wrapper\"><p>[vc_row full_width=&#8221;stretch_row&#8221; parallax=&#8221;content-moving&#8221; parallax_image=&#8221;1607&#8243; parallax_speed_bg=&#8221;1.2&#8243; css=&#8221;.vc_custom_1609186637315{padding-top: 200px !important;padding-bottom: 200px !important;}&#8221;][vc_column][vc_column_text]<\/p>\n<h1 style=\"text-align: center;\">Norte de Chile<\/h1>\n<p>[\/vc_column_text][\/vc_column][\/vc_row][vc_row][vc_column][vc_column_text css=&#8221;.vc_custom_1608316363503{padding-bottom: 30px !important;}&#8221;]<\/p>\n<h2 style=\"text-align: center;\">Reserva Elemental Puribeter<\/h2>\n<h3 style=\"text-align: center;\">Volc\u00e1n Lascar (&#8220;Lengua de fuego&#8221; en kunza)<\/h3>\n<p>[\/vc_column_text]<div class=\"gem-table gem-table-responsive gem-table-style-2\"><table style=\"width: 100%;\">\n<tbody>\n<tr>\n<td>Ubicaci\u00f3n<\/td>\n<td>\n<p align=\"left\">23\u00b022\u2019S 67\u00b044\u2019O 5.592 m de altura &#8211; 65 km al Sureste de Puribeter<\/p>\n<\/td>\n<\/tr>\n<tr>\n<td>Descripci\u00f3n geol\u00f3gica<\/td>\n<td>Alcanza los 5592 metros de altitud. Es un estratovolc\u00e1n elongado en direcci\u00f3n este-oeste, situado 70 km al sureste de San Pedro de Atacama.<\/p>\n<p>Es el volc\u00e1n m\u00e1s activo de todo el norte de Chile, y tiene una historia geol\u00f3gica que alcanza los 240.000 a\u00f1os. Podemos observar que tiene 6 cr\u00e1teres, de los cuales uno est\u00e1 activo, el que alcanza los 800 m de di\u00e1metro.<\/p>\n<p>En los \u00faltimos 200 a\u00f1os, ha tenido m\u00e1s de 30 eventos eruptivos. Uno muy importante ocurri\u00f3 el 19 de abril de 1993, siendo la mayor erupci\u00f3n volc\u00e1nica ocurrida en el norte de Chile en tiempos hist\u00f3ricos, la que gener\u00f3 una columna de cenizas de m\u00e1s de 15 km de altura que se transport\u00f3 hacia el este y cubri\u00f3 parte de Argentina. Su \u00faltima erupci\u00f3n ocurri\u00f3 en octubre de 2015. Actualmente, exhibe actividad fumar\u00f3lica continua desde su cr\u00e1ter central y, en ocasiones, emite cenizas.<\/td>\n<\/tr>\n<tr>\n<td>V\u00ednculos<br \/>\necol\u00f3gicos<\/td>\n<td>Los domos volc\u00e1nicos de la zona, constituyen las cimas m\u00e1s altas de la<br \/>\nCordillera de los Andes en la regi\u00f3n, donde gran parte de ellas sobrepasan los 5500 msnm. La distribuci\u00f3n de la riqueza de la flora y la cobertura vegetal versus la altitud es tambi\u00e9n caracter\u00edstica para los Andes des\u00e9rticos, con valores m\u00ednimos en los extremos inferior\/superior y valores m\u00e1ximos en el piso intermedio, destac\u00e1ndose especies tales como, algarrobilla, llareta, lampaya y en fauna podemos apreciar tagua cornuda, mero de la puna, gato andino y colo-colo, lagartija de Fabian, entre otras especies adaptadas a las condiciones del territorio.<\/td>\n<\/tr>\n<tr>\n<td>\u00bfSab\u00edas qu\u00e9?<\/td>\n<td>\n<ul>\n<li>Es el volc\u00e1n m\u00e1s activo del norte de Chile.<\/li>\n<li>La erupci\u00f3n de 1993 es la m\u00e1s grande de la historia del norte de Chile.<\/li>\n<li>Para los Likan Antai, es el Padre de los volcanes de la zona.<\/li>\n<\/ul>\n<\/td>\n<\/tr>\n<tr>\n<td>Referencias<\/td>\n<td>\n<ul>\n<li><a href=\"http:\/\/www.sernageomin.cl\/volcan-lascar\/\">http:\/\/www.sernageomin.cl\/volcan-lascar\/<\/a><\/li>\n<li>Gardeweg, M.C.; Amigo, A. 2015. Peligros del volc\u00e1n L\u00e1scar, Regi\u00f3n de Antofagasta. Servicio Nacional de Geolog\u00eda y Miner\u00eda, Carta Geol\u00f3gica de Chile, Serie Geolog\u00eda Ambiental 22, 1 mapa escala 1:50.000. Santiago.<\/li>\n<li>Amigo R., Alvaro ; Baltra T., Paula ; Jara A., Gabriela ; Calderon B., Rodrigo ; Flores L., Felipe ; Pe\u00f1a S., Paola ; Bertin U., Daniel ; Toloza T., Virginia ; Lara P., Luis , Revisor ; SERNAGEOMIN. Chile : territorio volc\u00e1nico [monograf\u00edas]. Santiago : SERNAGEOMIN, 2018. 139 p.: il.<\/li>\n<\/ul>\n<\/td>\n<\/tr>\n<\/tbody>\n<\/table>\n<\/div>[vc_column_text css=&#8221;.vc_custom_1607972302706{padding-top: 30px !important;padding-bottom: 30px !important;}&#8221;]<\/p>\n<h2 style=\"text-align: center;\">Im\u00e1genes<\/h2>\n<p>[\/vc_column_text][vc_column_text][\/vc_column_text][vc_column_text css=&#8221;.vc_custom_1608316698681{padding-bottom: 100px !important;}&#8221;]<img class=\"aligncenter size-full wp-image-1479\" src=\"https:\/\/www.filantropiacortessolari.cl\/territoriar\/wp-content\/uploads\/2020\/12\/Volcan-Lascar-1.jpg\" alt=\"\" width=\"499\" height=\"768\" srcset=\"https:\/\/filantropiacortessolari.cl\/territoriar\/wp-content\/uploads\/2020\/12\/Volcan-Lascar-1.jpg 499w, https:\/\/filantropiacortessolari.cl\/territoriar\/wp-content\/uploads\/2020\/12\/Volcan-Lascar-1-195x300.jpg 195w\" sizes=\"(max-width: 499px) 100vw, 499px\" \/>[\/vc_column_text][vc_column_text]<img class=\"aligncenter size-full wp-image-1480\" src=\"https:\/\/www.filantropiacortessolari.cl\/territoriar\/wp-content\/uploads\/2020\/12\/Volcan-Lascar-2.jpg\" alt=\"\" width=\"1024\" height=\"576\" srcset=\"https:\/\/filantropiacortessolari.cl\/territoriar\/wp-content\/uploads\/2020\/12\/Volcan-Lascar-2.jpg 1024w, https:\/\/filantropiacortessolari.cl\/territoriar\/wp-content\/uploads\/2020\/12\/Volcan-Lascar-2-300x169.jpg 300w, https:\/\/filantropiacortessolari.cl\/territoriar\/wp-content\/uploads\/2020\/12\/Volcan-Lascar-2-768x432.jpg 768w\" sizes=\"(max-width: 1024px) 100vw, 1024px\" \/>[\/vc_column_text][\/vc_column][\/vc_row]<\/p>\n<\/div>","protected":false},"excerpt":{"rendered":"<p>[vc_row full_width=&#8221;stretch_row&#8221; parallax=&#8221;content-moving&#8221; parallax_image=&#8221;1607&#8243; parallax_speed_bg=&#8221;1.2&#8243; css=&#8221;.vc_custom_1609186637315{padding-top: 200px !important;padding-bottom: 200px !important;}&#8221;][vc_column][vc_column_text] Norte de Chile [\/vc_column_text][\/vc_column][\/vc_row][vc_row][vc_column][vc_column_text css=&#8221;.vc_custom_1608316363503{padding-bottom: 30px !important;}&#8221;] Reserva Elemental Puribeter&#8230;<\/p>\n","protected":false},"author":1,"featured_media":0,"parent":0,"menu_order":0,"comment_status":"closed","ping_status":"closed","template":"","meta":{"footnotes":""},"class_list":["post-1502","page","type-page","status-publish"],"_links":{"self":[{"href":"https:\/\/filantropiacortessolari.cl\/territoriar\/wp-json\/wp\/v2\/pages\/1502","targetHints":{"allow":["GET"]}}],"collection":[{"href":"https:\/\/filantropiacortessolari.cl\/territoriar\/wp-json\/wp\/v2\/pages"}],"about":[{"href":"https:\/\/filantropiacortessolari.cl\/territoriar\/wp-json\/wp\/v2\/types\/page"}],"author":[{"embeddable":true,"href":"https:\/\/filantropiacortessolari.cl\/territoriar\/wp-json\/wp\/v2\/users\/1"}],"replies":[{"embeddable":true,"href":"https:\/\/filantropiacortessolari.cl\/territoriar\/wp-json\/wp\/v2\/comments?post=1502"}],"version-history":[{"count":3,"href":"https:\/\/filantropiacortessolari.cl\/territoriar\/wp-json\/wp\/v2\/pages\/1502\/revisions"}],"predecessor-version":[{"id":1613,"href":"https:\/\/filantropiacortessolari.cl\/territoriar\/wp-json\/wp\/v2\/pages\/1502\/revisions\/1613"}],"wp:attachment":[{"href":"https:\/\/filantropiacortessolari.cl\/territoriar\/wp-json\/wp\/v2\/media?parent=1502"}],"curies":[{"name":"wp","href":"https:\/\/api.w.org\/{rel}","templated":true}]}}