{"id":1505,"date":"2020-12-18T15:59:06","date_gmt":"2020-12-18T18:59:06","guid":{"rendered":"http:\/\/test.territoriar.cl\/?page_id=1505"},"modified":"2020-12-28T17:18:28","modified_gmt":"2020-12-28T20:18:28","slug":"volcan-licancabur-montana-del-pueblo-en-kunza","status":"publish","type":"page","link":"https:\/\/filantropiacortessolari.cl\/territoriar\/volcan-licancabur-montana-del-pueblo-en-kunza\/","title":{"rendered":"Volc\u00e1n Licancabur (\u201cMonta\u00f1a del pueblo\u201d en kunza)"},"content":{"rendered":"<div class=\"wpb-content-wrapper\"><p>[vc_row full_width=&#8221;stretch_row&#8221; parallax=&#8221;content-moving&#8221; parallax_image=&#8221;1607&#8243; parallax_speed_bg=&#8221;1.2&#8243; css=&#8221;.vc_custom_1609186705200{padding-top: 200px !important;padding-bottom: 200px !important;}&#8221;][vc_column][vc_column_text]<\/p>\n<h1 style=\"text-align: center;\">Norte de Chile<\/h1>\n<p>[\/vc_column_text][\/vc_column][\/vc_row][vc_row][vc_column][vc_column_text css=&#8221;.vc_custom_1608317878293{padding-bottom: 30px !important;}&#8221;]<\/p>\n<h2 style=\"text-align: center;\">Reserva Elemental Puribeter<\/h2>\n<h3 style=\"text-align: center;\">Volc\u00e1n Licancabur (\u201cMonta\u00f1a del pueblo\u201d en kunza)<\/h3>\n<p>[\/vc_column_text]<div class=\"gem-table gem-table-responsive gem-table-style-2\"><table style=\"width: 100%;\">\n<tbody>\n<tr>\n<td>\n<p align=\"center\">Ubicaci\u00f3n<\/p>\n<\/td>\n<td>\n<p align=\"left\">22\u00b050&#8217;S 67\u00b053&#8217;O &#8211; 36 km al Noreste de Reserva Elemental Puribeter, frontera Chile Bolivia.<\/p>\n<\/td>\n<\/tr>\n<tr>\n<td>\n<p align=\"center\">Descripci\u00f3n geol\u00f3gica<\/p>\n<\/td>\n<td>El volc\u00e1n Licancabur est\u00e1 ubicado en la cordillera de Los Andes. Su cumbre alcanza los 5.916 m.s.n.m., y es un hito de la frontera entre Chile y Bolivia. Tiene forma de cono casi perfecto, y en su cumbre posee un cr\u00e1ter de 500 m de di\u00e1metro, que contiene un lago en su interior, uno de los dos m\u00e1s altos del mundo.<\/p>\n<p>No ha tenido erupciones hist\u00f3ricas, pero su buen estado de conservaci\u00f3n indica que est\u00e1 geol\u00f3gicamente activo.\u00a0 La mayor parte de su actividad ocurri\u00f3 despu\u00e9s de la \u00faltima glaciaci\u00f3n, terminada hace unos 10.000 a\u00f1os, presentando grandes flujos de lava de hasta 50 m de espesor, las que reflejan una historia geol\u00f3gica diversa.<\/p>\n<p>Se le considera un cerro protector tutelar, siendo de gran importancia para la cultura Likan Antai.<\/td>\n<\/tr>\n<tr>\n<td>\n<p align=\"center\">V\u00ednculos ecol\u00f3gicos<\/p>\n<\/td>\n<td>\n<p align=\"left\">El lago que se encuentra en su cumbre, y que tiene unos 5 metros de profundidad, ha sido estudiado por cient\u00edficos de la NASA debido a la existencia de vida en condiciones extremas de presi\u00f3n y temperatura, la que en invierno alcanza los 40\u00b0C bajo cero. La presencia de zooplancton, bacterias y microbios han servido como an\u00e1logo terrestre para la b\u00fasqueda de vida en Marte.<\/p>\n<\/td>\n<\/tr>\n<tr>\n<td>\n<p align=\"center\">Atributos importantes \u00bfSab\u00edas qu\u00e9?<\/p>\n<\/td>\n<td>\n<p align=\"left\">Es considerado un lugar sagrado para el pueblo Atacame\u00f1o y posee estructuras incaicas.<br \/>\nEn su cr\u00e1ter se encuentra uno de los lagos m\u00e1s altos del mundo, que ha sido estudiado por la NASA.<\/p>\n<\/td>\n<\/tr>\n<tr>\n<td>\n<p align=\"center\">Referencias<\/p>\n<\/td>\n<td>\n<ul>\n<li>Figueroa, O.; D\u00e9ruellez, B. (1997). El Volc\u00e1n Licancabur (22\u00b056\u2019S, 67\u00b053\u2019O, Segunda Regi\u00f3n De Antofagasta): Geolog\u00eda, Petrograf\u00eda Y Mineralog\u00eda. VIII Congreso Geol\u00f3gico Chileno.<\/li>\n<li>Figueroa, O., D\u00e9ruelle, B., &amp; Demaiffe, D. (2009). Genesis of adakite-like lavas of Licancabur volcano (Chile\u2014Bolivia, Central Andes). Comptes Rendus Geoscience, 341(4), 310-318.<\/li>\n<li>Cabrol, N. A., &amp; Grin, E. A. (Eds.). (2010). Lakes on Mars. Elsevier.<\/li>\n<\/ul>\n<\/td>\n<\/tr>\n<\/tbody>\n<\/table>\n<\/div>[vc_column_text css=&#8221;.vc_custom_1607972302706{padding-top: 30px !important;padding-bottom: 30px !important;}&#8221;]<\/p>\n<h2 style=\"text-align: center;\">Im\u00e1genes<\/h2>\n<p>[\/vc_column_text][vc_column_text][\/vc_column_text][vc_column_text css=&#8221;.vc_custom_1608317901689{padding-bottom: 100px !important;}&#8221;]<img class=\"aligncenter size-full wp-image-1481\" src=\"https:\/\/www.filantropiacortessolari.cl\/territoriar\/wp-content\/uploads\/2020\/12\/Volcan-Licancabur-1.jpg\" alt=\"\" width=\"1024\" height=\"576\" srcset=\"https:\/\/filantropiacortessolari.cl\/territoriar\/wp-content\/uploads\/2020\/12\/Volcan-Licancabur-1.jpg 1024w, https:\/\/filantropiacortessolari.cl\/territoriar\/wp-content\/uploads\/2020\/12\/Volcan-Licancabur-1-300x169.jpg 300w, https:\/\/filantropiacortessolari.cl\/territoriar\/wp-content\/uploads\/2020\/12\/Volcan-Licancabur-1-768x432.jpg 768w\" sizes=\"(max-width: 1024px) 100vw, 1024px\" \/>[\/vc_column_text][vc_column_text]<img class=\"aligncenter size-full wp-image-1482\" src=\"https:\/\/www.filantropiacortessolari.cl\/territoriar\/wp-content\/uploads\/2020\/12\/Volcan-Licancabur-2.jpg\" alt=\"\" width=\"1024\" height=\"576\" srcset=\"https:\/\/filantropiacortessolari.cl\/territoriar\/wp-content\/uploads\/2020\/12\/Volcan-Licancabur-2.jpg 1024w, https:\/\/filantropiacortessolari.cl\/territoriar\/wp-content\/uploads\/2020\/12\/Volcan-Licancabur-2-300x169.jpg 300w, https:\/\/filantropiacortessolari.cl\/territoriar\/wp-content\/uploads\/2020\/12\/Volcan-Licancabur-2-768x432.jpg 768w\" sizes=\"(max-width: 1024px) 100vw, 1024px\" \/>[\/vc_column_text][\/vc_column][\/vc_row]<\/p>\n<\/div>","protected":false},"excerpt":{"rendered":"<p>[vc_row full_width=&#8221;stretch_row&#8221; parallax=&#8221;content-moving&#8221; parallax_image=&#8221;1607&#8243; parallax_speed_bg=&#8221;1.2&#8243; css=&#8221;.vc_custom_1609186705200{padding-top: 200px !important;padding-bottom: 200px !important;}&#8221;][vc_column][vc_column_text] Norte de Chile [\/vc_column_text][\/vc_column][\/vc_row][vc_row][vc_column][vc_column_text css=&#8221;.vc_custom_1608317878293{padding-bottom: 30px !important;}&#8221;] Reserva Elemental Puribeter&#8230;<\/p>\n","protected":false},"author":1,"featured_media":0,"parent":0,"menu_order":0,"comment_status":"closed","ping_status":"closed","template":"","meta":{"footnotes":""},"class_list":["post-1505","page","type-page","status-publish"],"_links":{"self":[{"href":"https:\/\/filantropiacortessolari.cl\/territoriar\/wp-json\/wp\/v2\/pages\/1505","targetHints":{"allow":["GET"]}}],"collection":[{"href":"https:\/\/filantropiacortessolari.cl\/territoriar\/wp-json\/wp\/v2\/pages"}],"about":[{"href":"https:\/\/filantropiacortessolari.cl\/territoriar\/wp-json\/wp\/v2\/types\/page"}],"author":[{"embeddable":true,"href":"https:\/\/filantropiacortessolari.cl\/territoriar\/wp-json\/wp\/v2\/users\/1"}],"replies":[{"embeddable":true,"href":"https:\/\/filantropiacortessolari.cl\/territoriar\/wp-json\/wp\/v2\/comments?post=1505"}],"version-history":[{"count":3,"href":"https:\/\/filantropiacortessolari.cl\/territoriar\/wp-json\/wp\/v2\/pages\/1505\/revisions"}],"predecessor-version":[{"id":1614,"href":"https:\/\/filantropiacortessolari.cl\/territoriar\/wp-json\/wp\/v2\/pages\/1505\/revisions\/1614"}],"wp:attachment":[{"href":"https:\/\/filantropiacortessolari.cl\/territoriar\/wp-json\/wp\/v2\/media?parent=1505"}],"curies":[{"name":"wp","href":"https:\/\/api.w.org\/{rel}","templated":true}]}}