{"id":1510,"date":"2020-12-18T16:26:29","date_gmt":"2020-12-18T19:26:29","guid":{"rendered":"http:\/\/test.territoriar.cl\/?page_id=1510"},"modified":"2020-12-29T10:54:35","modified_gmt":"2020-12-29T13:54:35","slug":"cerro-likan","status":"publish","type":"page","link":"https:\/\/filantropiacortessolari.cl\/territoriar\/cerro-likan\/","title":{"rendered":"Cerro Lik\u00e1n"},"content":{"rendered":"<div class=\"wpb-content-wrapper\"><p>[vc_row full_width=&#8221;stretch_row&#8221; parallax=&#8221;content-moving&#8221; parallax_image=&#8221;1625&#8243; parallax_speed_bg=&#8221;1.2&#8243; css=&#8221;.vc_custom_1609250070720{padding-top: 200px !important;padding-bottom: 200px !important;}&#8221;][vc_column][vc_column_text]<\/p>\n<h1 style=\"text-align: center;\">Centro de Chile<\/h1>\n<p>[\/vc_column_text][\/vc_column][\/vc_row][vc_row][vc_column][vc_column_text css=&#8221;.vc_custom_1608319117056{padding-bottom: 30px !important;}&#8221;]<\/p>\n<h2 style=\"text-align: center;\">Reserva Elemental Likandes<\/h2>\n<h3 style=\"text-align: center;\">Cerro Lik\u00e1n<\/h3>\n<p>[\/vc_column_text]<div class=\"gem-table gem-table-responsive gem-table-style-2\"><table style=\"width: 100%;\">\n<tbody>\n<tr>\n<td>\n<p align=\"left\">Ubicaci\u00f3n<\/p>\n<\/td>\n<td>\n<p align=\"left\">Lugar: Km. 6 del Camino a Lagunillas<br \/>\nAltitud: 1.350 m.s.n.m.<br \/>\nCoordenadas (WGS 84 \u2013 19H): 377015 E 6276756 S<\/p>\n<\/td>\n<\/tr>\n<tr>\n<td>Descripci\u00f3n geol\u00f3gica interpretativa<\/td>\n<td>La ladera norte del cerro Lik\u00e1n es una pared de roca de m\u00e1s de 200 metros de altura, que se levanta desde el Estero San Jos\u00e9. En ella, se pueden observar muchos estratos o capas de roca apiladas unas sobre otras, que fueron creadas por distintos fen\u00f3menos geol\u00f3gicos como erupciones, r\u00edos, lagos, glaciares y aluviones, durante millones de a\u00f1os.<\/p>\n<p>La secuencia es atravesada por masas de roca de color claro llamadas diques, cuyas formas irregulares interrumpen la armon\u00eda de las capas alineadas. Estos diques son vestigios de las ra\u00edces de antiguos volcanes, ya que se formaron por el enfriamiento del magma en las profundidades: la masa de roca fundida que los alimentaba hace millones de a\u00f1os.<\/p>\n<p>Actualmente, podemos observar este libro abierto de geolog\u00eda debido a la erosi\u00f3n del agua del estero San Jos\u00e9, que ha pulido y labrado la roca, dej\u00e1ndola desnuda y visible.<\/td>\n<\/tr>\n<tr>\n<td>\n<p align=\"left\">V\u00ednculos ecol\u00f3gicos<\/p>\n<\/td>\n<td><strong>\u00a0<\/strong><\/p>\n<p>En la ladera norte del cerro Likan predominan formaciones xer\u00f3fitas como el quisco y el chagual. Siguiendo los cursos de agua y en la ladera opuesta al cerro, est\u00e1 la Reserva Elemental Likandes. All\u00ed es posible encontrar la mayor\u00eda de las especies del bosque escler\u00f3filo, presentes \u00fanicamente en la regi\u00f3n central de nuestro pa\u00eds, entre ellas, el quillay, el bollen, el litre, el guayac\u00e1n y, en altitudes superiores (entre los 1000 y 3000 msnm) la guindilla y el olivillo de la cordillera o frangel. Esta vegetaci\u00f3n alberga a m\u00e1s del 75% de toda la fauna del lugar, desde el imponente c\u00f3ndor, el zorro, el pitio, el cherc\u00e1n, la turca, el tuc\u00faquere, el sapo de rulo, entre muchas otras especies que puedes descubrir.<\/td>\n<\/tr>\n<tr>\n<td>Atributos importantes<br \/>\n\u00bfSab\u00edas que?<\/td>\n<td>Estas capas de roca que presentan diques, formados por el enfriamiento de magma, registran unos 20 millones de a\u00f1os de historia geol\u00f3gica.<\/p>\n<p>En este lugar, en 2017, ocurri\u00f3 un fuerte aluvi\u00f3n, que produjo el fallecimiento de ocho personas.<\/td>\n<\/tr>\n<tr>\n<td>\n<p align=\"left\">Referencias<\/p>\n<\/td>\n<td>Vergara, C., Estay, C, Contreras, M., Prior, A., Godoy, V. y Zapata, J., 2019. Geodiversidad, patrimonio geol\u00f3gico y geositios del Caj\u00f3n del Maipo. Fundeso, 163 pp.<\/td>\n<\/tr>\n<\/tbody>\n<\/table>\n<\/div>[vc_column_text css=&#8221;.vc_custom_1607972302706{padding-top: 30px !important;padding-bottom: 30px !important;}&#8221;]<\/p>\n<h2 style=\"text-align: center;\">Im\u00e1genes<\/h2>\n<p>[\/vc_column_text][vc_column_text][\/vc_column_text][vc_column_text css=&#8221;.vc_custom_1608319422230{padding-bottom: 100px !important;}&#8221;]<img class=\"aligncenter size-full wp-image-1487\" src=\"https:\/\/www.filantropiacortessolari.cl\/territoriar\/wp-content\/uploads\/2020\/12\/Cerro-Likan-1.jpg\" alt=\"\" width=\"1024\" height=\"576\" srcset=\"https:\/\/filantropiacortessolari.cl\/territoriar\/wp-content\/uploads\/2020\/12\/Cerro-Likan-1.jpg 1024w, https:\/\/filantropiacortessolari.cl\/territoriar\/wp-content\/uploads\/2020\/12\/Cerro-Likan-1-300x169.jpg 300w, https:\/\/filantropiacortessolari.cl\/territoriar\/wp-content\/uploads\/2020\/12\/Cerro-Likan-1-768x432.jpg 768w\" sizes=\"(max-width: 1024px) 100vw, 1024px\" \/>[\/vc_column_text][vc_column_text]<img class=\"aligncenter size-full wp-image-1488\" src=\"https:\/\/www.filantropiacortessolari.cl\/territoriar\/wp-content\/uploads\/2020\/12\/Cerro-Likan-2.jpg\" alt=\"\" width=\"1024\" height=\"576\" srcset=\"https:\/\/filantropiacortessolari.cl\/territoriar\/wp-content\/uploads\/2020\/12\/Cerro-Likan-2.jpg 1024w, https:\/\/filantropiacortessolari.cl\/territoriar\/wp-content\/uploads\/2020\/12\/Cerro-Likan-2-300x169.jpg 300w, https:\/\/filantropiacortessolari.cl\/territoriar\/wp-content\/uploads\/2020\/12\/Cerro-Likan-2-768x432.jpg 768w\" sizes=\"(max-width: 1024px) 100vw, 1024px\" \/>[\/vc_column_text][\/vc_column][\/vc_row]<\/p>\n<\/div>","protected":false},"excerpt":{"rendered":"<p>[vc_row full_width=&#8221;stretch_row&#8221; parallax=&#8221;content-moving&#8221; parallax_image=&#8221;1625&#8243; parallax_speed_bg=&#8221;1.2&#8243; css=&#8221;.vc_custom_1609250070720{padding-top: 200px !important;padding-bottom: 200px !important;}&#8221;][vc_column][vc_column_text] Centro de Chile [\/vc_column_text][\/vc_column][\/vc_row][vc_row][vc_column][vc_column_text css=&#8221;.vc_custom_1608319117056{padding-bottom: 30px !important;}&#8221;] Reserva Elemental Likandes&#8230;<\/p>\n","protected":false},"author":1,"featured_media":0,"parent":0,"menu_order":0,"comment_status":"closed","ping_status":"closed","template":"","meta":{"footnotes":""},"class_list":["post-1510","page","type-page","status-publish"],"_links":{"self":[{"href":"https:\/\/filantropiacortessolari.cl\/territoriar\/wp-json\/wp\/v2\/pages\/1510","targetHints":{"allow":["GET"]}}],"collection":[{"href":"https:\/\/filantropiacortessolari.cl\/territoriar\/wp-json\/wp\/v2\/pages"}],"about":[{"href":"https:\/\/filantropiacortessolari.cl\/territoriar\/wp-json\/wp\/v2\/types\/page"}],"author":[{"embeddable":true,"href":"https:\/\/filantropiacortessolari.cl\/territoriar\/wp-json\/wp\/v2\/users\/1"}],"replies":[{"embeddable":true,"href":"https:\/\/filantropiacortessolari.cl\/territoriar\/wp-json\/wp\/v2\/comments?post=1510"}],"version-history":[{"count":3,"href":"https:\/\/filantropiacortessolari.cl\/territoriar\/wp-json\/wp\/v2\/pages\/1510\/revisions"}],"predecessor-version":[{"id":1627,"href":"https:\/\/filantropiacortessolari.cl\/territoriar\/wp-json\/wp\/v2\/pages\/1510\/revisions\/1627"}],"wp:attachment":[{"href":"https:\/\/filantropiacortessolari.cl\/territoriar\/wp-json\/wp\/v2\/media?parent=1510"}],"curies":[{"name":"wp","href":"https:\/\/api.w.org\/{rel}","templated":true}]}}