{"id":1513,"date":"2020-12-18T16:57:31","date_gmt":"2020-12-18T19:57:31","guid":{"rendered":"http:\/\/test.territoriar.cl\/?page_id=1513"},"modified":"2020-12-29T10:57:14","modified_gmt":"2020-12-29T13:57:14","slug":"contacto-fm-abanico-pluton-san-gabriel","status":"publish","type":"page","link":"https:\/\/filantropiacortessolari.cl\/territoriar\/contacto-fm-abanico-pluton-san-gabriel\/","title":{"rendered":"Contacto Fm. Abanico \u2013 Plut\u00f3n San Gabriel"},"content":{"rendered":"<div class=\"wpb-content-wrapper\"><p>[vc_row full_width=&#8221;stretch_row&#8221; parallax=&#8221;content-moving&#8221; parallax_image=&#8221;1625&#8243; parallax_speed_bg=&#8221;1.2&#8243; css=&#8221;.vc_custom_1609250224005{padding-top: 200px !important;padding-bottom: 200px !important;}&#8221;][vc_column][vc_column_text]<\/p>\n<h1 style=\"text-align: center;\">Centro de Chile<\/h1>\n<p>[\/vc_column_text][\/vc_column][\/vc_row][vc_row][vc_column][vc_column_text css=&#8221;.vc_custom_1608321379250{padding-bottom: 30px !important;}&#8221;]<\/p>\n<h2 style=\"text-align: center;\">Reserva Elemental Likandes<\/h2>\n<h3 style=\"text-align: center;\">Contacto Fm. Abanico \u2013 Plut\u00f3n San Gabriel<\/h3>\n<p>[\/vc_column_text]<div class=\"gem-table gem-table-responsive gem-table-style-2\"><table style=\"width: 100%;\">\n<tbody>\n<tr>\n<td>\n<p align=\"left\">Ubicaci\u00f3n<\/p>\n<\/td>\n<td>\n<p align=\"left\">Lugar: 4 kil\u00f3metros siguiendo ruta G-25 desde cruce Embalse El Yeso.<br \/>\nAltitud: 1.390 m.s.n.m.<br \/>\nCoordenadas (WGS 84 \u2013 19H): 389592 E 6257790 S<\/td>\n<\/tr>\n<tr>\n<td>\n<p align=\"left\">Descripci\u00f3n geol\u00f3gica interpretativa<\/p>\n<\/td>\n<td>\n<p>Este geositio permite observar y entender un proceso geol\u00f3gico ocurrido hace millones de a\u00f1os y a varios kil\u00f3metros de profundidad. Aqu\u00ed se observa una clara zona de contacto entre dos conjuntos rocosos muy diferentes:<\/p>\n<p>La masa de roca blanquecina de la izquierda es parte del Plut\u00f3n San Gabriel, un extenso conjunto de rocas, originadas hace m\u00e1s de diez millones de a\u00f1os por el enfriamiento de una enorme c\u00e1mara magm\u00e1tica a varios kil\u00f3metros de profundidad, una gran masa de roca fundida que alimentaba a los volcanes de la \u00e9poca, y que alcanzaba unos 900\u00b0C de temperatura.<\/p>\n<p>A la derecha, en color anaranjado se ven capas de roca de la Formaci\u00f3n Abanico, que han sido depositadas por erupciones volc\u00e1nicas y antiguos r\u00edos hace m\u00e1s de 20 millones de a\u00f1os.<\/p>\n<p>Este contacto se origin\u00f3 cuando la masa de magma que conformaba al Plut\u00f3n San Gabriel se emplaz\u00f3 en contacto con la Formaci\u00f3n Abanico. Esto gener\u00f3 que sus rocas se calentaran demasiado y tomaran su color anaranjado.<\/td>\n<\/tr>\n<tr>\n<td>\u00a0V\u00ednculos ecol\u00f3gicos<\/td>\n<td>\u00c9ste es uno de los pocos lugares de la Regi\u00f3n Metropolitana donde se presenta el cipr\u00e9s de la cordillera (<em>Austrocedrus chilensis<\/em>), especie \u00fanica de los Andes Centrales de Chile y Argentina que se encuentra en estado Vulnerable. Esta peque\u00f1a poblaci\u00f3n est\u00e1 en una zona de alto riesgo producto de una faena donde se explotan las rocas en las que se desarrollan.<\/td>\n<\/tr>\n<tr>\n<td>\n<p align=\"left\">\u00bfSab\u00edas que?<\/p>\n<\/td>\n<td>El Plut\u00f3n San Gabriel se form\u00f3 hace 11 millones de a\u00f1os, y la Formaci\u00f3n Abanico tiene entre 15 y 38 millones de a\u00f1os. Es un geositio muy vulnerable debido a que se extrae el granito del Plut\u00f3n San Gabriel.<\/td>\n<\/tr>\n<tr>\n<td>\n<p align=\"left\">Referencias<\/p>\n<\/td>\n<td>\n<ul>\n<li>Benado, J. (2013). Patrimonio geol\u00f3gico del proyecto geoparque Caj\u00f3n del Maipo (Regi\u00f3n Metropolitana &#8211; Chile). Tesis de Mag\u00edster, Universidad de Minho.<\/li>\n<li>Vergara, C., Estay, C, Contreras, M., Prior, A., Godoy, V. y Zapata, J., 2019. Geodiversidad, patrimonio geol\u00f3gico y geositios del Caj\u00f3n del Maipo. FUNDESO Caj\u00f3n del Maipo, 163 pp.<\/li>\n<\/ul>\n<\/td>\n<\/tr>\n<\/tbody>\n<\/table>\n<\/div>[vc_column_text css=&#8221;.vc_custom_1607972302706{padding-top: 30px !important;padding-bottom: 30px !important;}&#8221;]<\/p>\n<h2 style=\"text-align: center;\">Im\u00e1genes<\/h2>\n<p>[\/vc_column_text][vc_column_text][\/vc_column_text][vc_column_text css=&#8221;.vc_custom_1608321422209{padding-bottom: 100px !important;}&#8221;]<img class=\"aligncenter size-full wp-image-1492\" src=\"https:\/\/www.filantropiacortessolari.cl\/territoriar\/wp-content\/uploads\/2020\/12\/Contaco-PSG-FmA.jpg\" alt=\"\" width=\"1024\" height=\"682\" srcset=\"https:\/\/filantropiacortessolari.cl\/territoriar\/wp-content\/uploads\/2020\/12\/Contaco-PSG-FmA.jpg 1024w, https:\/\/filantropiacortessolari.cl\/territoriar\/wp-content\/uploads\/2020\/12\/Contaco-PSG-FmA-300x200.jpg 300w, https:\/\/filantropiacortessolari.cl\/territoriar\/wp-content\/uploads\/2020\/12\/Contaco-PSG-FmA-768x512.jpg 768w\" sizes=\"(max-width: 1024px) 100vw, 1024px\" \/>[\/vc_column_text][vc_column_text]<img class=\"aligncenter size-full wp-image-1491\" src=\"https:\/\/www.filantropiacortessolari.cl\/territoriar\/wp-content\/uploads\/2020\/12\/Contaco-PSG-FmA-2.jpg\" alt=\"\" width=\"1024\" height=\"682\" srcset=\"https:\/\/filantropiacortessolari.cl\/territoriar\/wp-content\/uploads\/2020\/12\/Contaco-PSG-FmA-2.jpg 1024w, https:\/\/filantropiacortessolari.cl\/territoriar\/wp-content\/uploads\/2020\/12\/Contaco-PSG-FmA-2-300x200.jpg 300w, https:\/\/filantropiacortessolari.cl\/territoriar\/wp-content\/uploads\/2020\/12\/Contaco-PSG-FmA-2-768x512.jpg 768w\" sizes=\"(max-width: 1024px) 100vw, 1024px\" \/>[\/vc_column_text][\/vc_column][\/vc_row]<\/p>\n<\/div>","protected":false},"excerpt":{"rendered":"<p>[vc_row full_width=&#8221;stretch_row&#8221; parallax=&#8221;content-moving&#8221; parallax_image=&#8221;1625&#8243; parallax_speed_bg=&#8221;1.2&#8243; css=&#8221;.vc_custom_1609250224005{padding-top: 200px !important;padding-bottom: 200px !important;}&#8221;][vc_column][vc_column_text] Centro de Chile [\/vc_column_text][\/vc_column][\/vc_row][vc_row][vc_column][vc_column_text css=&#8221;.vc_custom_1608321379250{padding-bottom: 30px !important;}&#8221;] Reserva Elemental Likandes&#8230;<\/p>\n","protected":false},"author":1,"featured_media":0,"parent":0,"menu_order":0,"comment_status":"closed","ping_status":"closed","template":"","meta":{"footnotes":""},"class_list":["post-1513","page","type-page","status-publish"],"_links":{"self":[{"href":"https:\/\/filantropiacortessolari.cl\/territoriar\/wp-json\/wp\/v2\/pages\/1513","targetHints":{"allow":["GET"]}}],"collection":[{"href":"https:\/\/filantropiacortessolari.cl\/territoriar\/wp-json\/wp\/v2\/pages"}],"about":[{"href":"https:\/\/filantropiacortessolari.cl\/territoriar\/wp-json\/wp\/v2\/types\/page"}],"author":[{"embeddable":true,"href":"https:\/\/filantropiacortessolari.cl\/territoriar\/wp-json\/wp\/v2\/users\/1"}],"replies":[{"embeddable":true,"href":"https:\/\/filantropiacortessolari.cl\/territoriar\/wp-json\/wp\/v2\/comments?post=1513"}],"version-history":[{"count":5,"href":"https:\/\/filantropiacortessolari.cl\/territoriar\/wp-json\/wp\/v2\/pages\/1513\/revisions"}],"predecessor-version":[{"id":1629,"href":"https:\/\/filantropiacortessolari.cl\/territoriar\/wp-json\/wp\/v2\/pages\/1513\/revisions\/1629"}],"wp:attachment":[{"href":"https:\/\/filantropiacortessolari.cl\/territoriar\/wp-json\/wp\/v2\/media?parent=1513"}],"curies":[{"name":"wp","href":"https:\/\/api.w.org\/{rel}","templated":true}]}}