{"id":1525,"date":"2020-12-21T13:04:47","date_gmt":"2020-12-21T16:04:47","guid":{"rendered":"http:\/\/test.territoriar.cl\/?page_id=1525"},"modified":"2020-12-29T10:58:56","modified_gmt":"2020-12-29T13:58:56","slug":"distrito-minero-el-volcan","status":"publish","type":"page","link":"https:\/\/filantropiacortessolari.cl\/territoriar\/distrito-minero-el-volcan\/","title":{"rendered":"Distrito Minero El Volc\u00e1n"},"content":{"rendered":"<div class=\"wpb-content-wrapper\"><p>[vc_row full_width=&#8221;stretch_row&#8221; parallax=&#8221;content-moving&#8221; parallax_image=&#8221;1625&#8243; parallax_speed_bg=&#8221;1.2&#8243; css=&#8221;.vc_custom_1609250332990{padding-top: 200px !important;padding-bottom: 200px !important;}&#8221;][vc_column][vc_column_text]<\/p>\n<h1 style=\"text-align: center;\">Centro de Chile<\/h1>\n<p>[\/vc_column_text][\/vc_column][\/vc_row][vc_row][vc_column][vc_column_text css=&#8221;.vc_custom_1608566057120{padding-bottom: 30px !important;}&#8221;]<\/p>\n<h2 style=\"text-align: center;\">Reserva Elemental Likandes<\/h2>\n<h3 style=\"text-align: center;\">Distrito Minero El Volc\u00e1n<\/h3>\n<p>[\/vc_column_text]<div class=\"gem-table gem-table-responsive gem-table-style-2\"><table style=\"width: 100%;\">\n<tbody>\n<tr>\n<td>\n<p align=\"left\"><strong>Ubicaci\u00f3n <\/strong><\/p>\n<\/td>\n<td>\n<p align=\"left\"><strong>\u00a0<\/strong><\/p>\n<p align=\"left\">Lugar: Pueblo El Volc\u00e1n.<br \/>\nAltitud: 1.415 m.s.n.m.<br \/>\nCoordenadas (WGS 84 \u2013 19H): 391847 E 6257716 S<\/td>\n<\/tr>\n<tr>\n<td>\n<p align=\"left\"><strong>Descripci\u00f3n geol\u00f3gica interpretativa<\/strong><\/p>\n<\/td>\n<td>\n<p><strong>\u00a0<\/strong><\/p>\n<p>En el pueblo El Volc\u00e1n y los numerosos piques mineros que hay a su alrededor, encontramos la evidencia del antiguo desarrollo minero en esta zona. La miner\u00eda en este lugar logr\u00f3 su m\u00e1ximo desarrollo entre los a\u00f1os 1914 y 1958, \u00e9poca en la que lleg\u00f3 a tener m\u00e1s de 2 mil habitantes. Aqu\u00ed se explotaba principalmente el cobre y el yeso, llegando a ser uno de los polos mineros m\u00e1s importantes de Chile.<\/p>\n<p>Lamentablemente, en el a\u00f1o 1958, ocurre el \u201cTerremoto de Las Melosas\u201d, que provoc\u00f3 da\u00f1os severos en muchas construcciones del pr\u00f3spero pueblo, como las plantas mineras y la estaci\u00f3n del ferrocarril, lo que forz\u00f3 que sus habitantes se trasladaran hacia otras localidades, por lo que ahora muy pocas personas habitan esta localidad. Sin embargo, hoy en d\u00eda, es posible recorrer este pueblo y el interior de sus piques mineros, donde se guarda una parte importante de la historia del Caj\u00f3n del Maipo.<\/td>\n<\/tr>\n<tr>\n<td>\n<p align=\"left\"><strong>\u00a0V\u00ednculos ecol\u00f3gicos<\/strong><\/p>\n<\/td>\n<td>En las cercan\u00edas se encuentra uno de los pocos lugares donde vive el reptil llamado \u201cGru\u00f1idor de El Volc\u00e1n\u201d (<em>Pristidactylus volcanensis<\/em>), un lagarto de color gris oscuro que emite un sonido muy particular. Esta especie es end\u00e9mica de la Regi\u00f3n Metropolitana y se encuentra en peligro de extinci\u00f3n.<\/td>\n<\/tr>\n<tr>\n<td>\n<p align=\"left\"><strong>\u00bfSab\u00edas que?<\/strong><\/p>\n<\/td>\n<td>En el pueblo El Volc\u00e1n se construy\u00f3 uno de los primeros cines del pa\u00eds.<br \/>\nHasta el a\u00f1o 1958, el ferrocarril era el principal medio de transporte de este pueblo.<br \/>\nEn la actualidad tiene cerca de un 1% de la poblaci\u00f3n que ten\u00eda hace 100 a\u00f1os.<\/td>\n<\/tr>\n<tr>\n<td>\n<p align=\"left\"><strong>Referencias<\/strong><\/p>\n<\/td>\n<td>\n<ul>\n<li>Bunster, T., 2017. Propuesta metodol\u00f3gica para cuantificar el valor patrimonial desde el punto de vista del desarrollo minero en el Caj\u00f3n del Maipo. Tesis para optar al t\u00edtulo de ingeniera civil en minas, Universidad de Santiago de Chile, 63 pp.<\/li>\n<li>Vergara, C., Estay, C, Contreras, M., Prior, A., Godoy, V. y Zapata, J., 2019. Geodiversidad, patrimonio geol\u00f3gico y geositios del Caj\u00f3n del Maipo. FUNDESO Caj\u00f3n del Maipo, 163 pp.<\/li>\n<\/ul>\n<\/td>\n<\/tr>\n<\/tbody>\n<\/table>\n<\/div>[vc_column_text css=&#8221;.vc_custom_1607972302706{padding-top: 30px !important;padding-bottom: 30px !important;}&#8221;]<\/p>\n<h2 style=\"text-align: center;\">Im\u00e1genes<\/h2>\n<p>[\/vc_column_text][vc_column_text][\/vc_column_text][vc_column_text css=&#8221;.vc_custom_1608566004085{padding-bottom: 100px !important;}&#8221;]<img class=\"aligncenter size-full wp-image-1493\" src=\"https:\/\/www.filantropiacortessolari.cl\/territoriar\/wp-content\/uploads\/2020\/12\/El-Volcan-1.jpg\" alt=\"\" width=\"1024\" height=\"647\" srcset=\"https:\/\/filantropiacortessolari.cl\/territoriar\/wp-content\/uploads\/2020\/12\/El-Volcan-1.jpg 1024w, https:\/\/filantropiacortessolari.cl\/territoriar\/wp-content\/uploads\/2020\/12\/El-Volcan-1-300x190.jpg 300w, https:\/\/filantropiacortessolari.cl\/territoriar\/wp-content\/uploads\/2020\/12\/El-Volcan-1-768x485.jpg 768w\" sizes=\"(max-width: 1024px) 100vw, 1024px\" \/>[\/vc_column_text][vc_column_text]<img class=\"aligncenter size-full wp-image-1494\" src=\"https:\/\/www.filantropiacortessolari.cl\/territoriar\/wp-content\/uploads\/2020\/12\/El-Volcan-2.jpg\" alt=\"\" width=\"827\" height=\"768\" srcset=\"https:\/\/filantropiacortessolari.cl\/territoriar\/wp-content\/uploads\/2020\/12\/El-Volcan-2.jpg 827w, https:\/\/filantropiacortessolari.cl\/territoriar\/wp-content\/uploads\/2020\/12\/El-Volcan-2-300x279.jpg 300w, https:\/\/filantropiacortessolari.cl\/territoriar\/wp-content\/uploads\/2020\/12\/El-Volcan-2-768x713.jpg 768w\" sizes=\"(max-width: 827px) 100vw, 827px\" \/>[\/vc_column_text][\/vc_column][\/vc_row]<\/p>\n<\/div>","protected":false},"excerpt":{"rendered":"<p>[vc_row full_width=&#8221;stretch_row&#8221; parallax=&#8221;content-moving&#8221; parallax_image=&#8221;1625&#8243; parallax_speed_bg=&#8221;1.2&#8243; css=&#8221;.vc_custom_1609250332990{padding-top: 200px !important;padding-bottom: 200px !important;}&#8221;][vc_column][vc_column_text] Centro de Chile [\/vc_column_text][\/vc_column][\/vc_row][vc_row][vc_column][vc_column_text css=&#8221;.vc_custom_1608566057120{padding-bottom: 30px !important;}&#8221;] Reserva Elemental Likandes&#8230;<\/p>\n","protected":false},"author":1,"featured_media":0,"parent":0,"menu_order":0,"comment_status":"closed","ping_status":"closed","template":"","meta":{"footnotes":""},"class_list":["post-1525","page","type-page","status-publish"],"_links":{"self":[{"href":"https:\/\/filantropiacortessolari.cl\/territoriar\/wp-json\/wp\/v2\/pages\/1525","targetHints":{"allow":["GET"]}}],"collection":[{"href":"https:\/\/filantropiacortessolari.cl\/territoriar\/wp-json\/wp\/v2\/pages"}],"about":[{"href":"https:\/\/filantropiacortessolari.cl\/territoriar\/wp-json\/wp\/v2\/types\/page"}],"author":[{"embeddable":true,"href":"https:\/\/filantropiacortessolari.cl\/territoriar\/wp-json\/wp\/v2\/users\/1"}],"replies":[{"embeddable":true,"href":"https:\/\/filantropiacortessolari.cl\/territoriar\/wp-json\/wp\/v2\/comments?post=1525"}],"version-history":[{"count":4,"href":"https:\/\/filantropiacortessolari.cl\/territoriar\/wp-json\/wp\/v2\/pages\/1525\/revisions"}],"predecessor-version":[{"id":1630,"href":"https:\/\/filantropiacortessolari.cl\/territoriar\/wp-json\/wp\/v2\/pages\/1525\/revisions\/1630"}],"wp:attachment":[{"href":"https:\/\/filantropiacortessolari.cl\/territoriar\/wp-json\/wp\/v2\/media?parent=1525"}],"curies":[{"name":"wp","href":"https:\/\/api.w.org\/{rel}","templated":true}]}}