{"id":1530,"date":"2020-12-21T14:19:43","date_gmt":"2020-12-21T17:19:43","guid":{"rendered":"http:\/\/test.territoriar.cl\/?page_id=1530"},"modified":"2020-12-29T11:01:15","modified_gmt":"2020-12-29T14:01:15","slug":"vuelta-del-padre","status":"publish","type":"page","link":"https:\/\/filantropiacortessolari.cl\/territoriar\/vuelta-del-padre\/","title":{"rendered":"Vuelta del Padre"},"content":{"rendered":"<div class=\"wpb-content-wrapper\"><p>[vc_row full_width=&#8221;stretch_row&#8221; parallax=&#8221;content-moving&#8221; parallax_image=&#8221;1625&#8243; parallax_speed_bg=&#8221;1.2&#8243; css=&#8221;.vc_custom_1609250472303{padding-top: 200px !important;padding-bottom: 200px !important;}&#8221;][vc_column][vc_column_text]<\/p>\n<h1 style=\"text-align: center;\">Centro de Chile<\/h1>\n<p>[\/vc_column_text][\/vc_column][\/vc_row][vc_row][vc_column][vc_column_text css=&#8221;.vc_custom_1608571062387{padding-bottom: 30px !important;}&#8221;]<\/p>\n<h2 style=\"text-align: center;\">Reserva Elemental Likandes<\/h2>\n<h3 style=\"text-align: center;\">Vuelta del Padre<\/h3>\n<p>[\/vc_column_text]<div class=\"gem-table gem-table-responsive gem-table-style-2\"><table style=\"width: 100%;\">\n<tbody>\n<tr>\n<td>\n<p align=\"left\"><strong>Ubicaci\u00f3n <\/strong><\/p>\n<\/td>\n<td>\n<p align=\"left\">Localidad de El Ingenio<br \/>\nAltitud: 1.130 m.s.n.m.<br \/>\nCoordenadas (WGS 84 \u2013 19H): 381011 E 6265540 S<\/td>\n<\/tr>\n<tr>\n<td>\n<p align=\"left\"><strong>Descripci\u00f3n geol\u00f3gica interpretativa<\/strong><\/p>\n<\/td>\n<td>\n<p>En este lugar, el r\u00edo Maipo toma una curva muy pronunciada, y el valle se observa muy estrecho. A un costado del r\u00edo, se levanta una impresionante muralla de roca de m\u00e1s de 50 metros de altura, en la que se pueden observar muchos estratos (capas de roca) apiladas unas sobre otras, con variados colores y espesores, y que fueron formadas por distintos fen\u00f3menos geol\u00f3gicos &#8211; como erupciones volc\u00e1nicas, y sucesivos dep\u00f3sitos de r\u00edos, lagos y aluviones- durante los \u00faltimos 20 millones de a\u00f1os.<\/p>\n<p>En el pasado, estas capas fueron depositadas de manera horizontal, pero actualmente se pueden ver inclinadas, e incluso algunas se encuentran plegadas o dobladas. Esto es producido por las potentes fuerzas internas del planeta Tierra, que son capaces de deformar fuertemente las rocas y crear paisajes como \u00e9ste. Esto es producto de la compresi\u00f3n a la que est\u00e1 sometida la corteza terrestre que alza la Cordillera de Los Andes como consecuencia de la subducci\u00f3n.<\/p>\n<p>&nbsp;<\/td>\n<\/tr>\n<tr>\n<td>\n<p align=\"left\"><strong>V\u00ednculos ecol\u00f3gicos<\/strong><br \/>\n<strong>\u00a0<\/strong><\/td>\n<td>\n<p>&nbsp;<\/p>\n<p>Es un perfecto lugar para observar el r\u00edo Maipo, que aporta el 88% del agua que consume Santiago y sus casi 7.000.000 de habitantes. Adem\u00e1s, es la fuente de vida de los ecosistemas de la Regi\u00f3n Metropolitana, como el bosque escler\u00f3filo (espinos, bollen, quillay, litre), su fauna asociada (zorro culpeo, \u00e1guila, cherc\u00e1n, picaflor chico, turca) y la flora ribere\u00f1a del estero.<\/td>\n<\/tr>\n<tr>\n<td><strong>Atributos importantes<\/strong><br \/>\n<strong>\u00bfSab\u00edas que? <\/strong><\/td>\n<td>\n<p><strong>\u00a0<\/strong><\/p>\n<p>En este lugar se encuentra el t\u00fanel El Tinoco, que se usaba cuando funcionaba el ferrocarril de la zona.<\/p>\n<p>&nbsp;<\/td>\n<\/tr>\n<tr>\n<td>\n<p align=\"left\"><strong>Referencias <\/strong><\/p>\n<\/td>\n<td>\n<ul>\n<li>Benado, J. (2013). Patrimonio geol\u00f3gico del proyecto geoparque Caj\u00f3n del Maipo (Regi\u00f3n Metropolitana &#8211; Chile). Tesis de Mag\u00edster, Universidad de Minho.<\/li>\n<li>Vergara, C., Estay, C, Contreras, M., Prior, A., Godoy, V. y Zapata, J., 2019. Geodiversidad, patrimonio geol\u00f3gico y geositios del Caj\u00f3n del Maipo. FUNDESO Caj\u00f3n del Maipo, 163 pp.<\/li>\n<\/ul>\n<\/td>\n<\/tr>\n<\/tbody>\n<\/table>\n<\/div>[vc_column_text css=&#8221;.vc_custom_1607972302706{padding-top: 30px !important;padding-bottom: 30px !important;}&#8221;]<\/p>\n<h2 style=\"text-align: center;\">Im\u00e1genes<\/h2>\n<p>[\/vc_column_text][vc_column_text][\/vc_column_text][vc_column_text css=&#8221;.vc_custom_1608571153680{padding-bottom: 100px !important;}&#8221;]<img class=\"aligncenter size-full wp-image-1485\" src=\"https:\/\/www.filantropiacortessolari.cl\/territoriar\/wp-content\/uploads\/2020\/12\/Vuelta-del-Padre-1.jpg\" alt=\"\" width=\"1024\" height=\"576\" srcset=\"https:\/\/filantropiacortessolari.cl\/territoriar\/wp-content\/uploads\/2020\/12\/Vuelta-del-Padre-1.jpg 1024w, https:\/\/filantropiacortessolari.cl\/territoriar\/wp-content\/uploads\/2020\/12\/Vuelta-del-Padre-1-300x169.jpg 300w, https:\/\/filantropiacortessolari.cl\/territoriar\/wp-content\/uploads\/2020\/12\/Vuelta-del-Padre-1-768x432.jpg 768w\" sizes=\"(max-width: 1024px) 100vw, 1024px\" \/>[\/vc_column_text][vc_column_text]<img class=\"aligncenter size-full wp-image-1486\" src=\"https:\/\/www.filantropiacortessolari.cl\/territoriar\/wp-content\/uploads\/2020\/12\/Vuelta-del-Padre-2.jpg\" alt=\"\" width=\"1024\" height=\"576\" srcset=\"https:\/\/filantropiacortessolari.cl\/territoriar\/wp-content\/uploads\/2020\/12\/Vuelta-del-Padre-2.jpg 1024w, https:\/\/filantropiacortessolari.cl\/territoriar\/wp-content\/uploads\/2020\/12\/Vuelta-del-Padre-2-300x169.jpg 300w, https:\/\/filantropiacortessolari.cl\/territoriar\/wp-content\/uploads\/2020\/12\/Vuelta-del-Padre-2-768x432.jpg 768w\" sizes=\"(max-width: 1024px) 100vw, 1024px\" \/>[\/vc_column_text][\/vc_column][\/vc_row]<\/p>\n<\/div>","protected":false},"excerpt":{"rendered":"<p>[vc_row full_width=&#8221;stretch_row&#8221; parallax=&#8221;content-moving&#8221; parallax_image=&#8221;1625&#8243; parallax_speed_bg=&#8221;1.2&#8243; css=&#8221;.vc_custom_1609250472303{padding-top: 200px !important;padding-bottom: 200px !important;}&#8221;][vc_column][vc_column_text] Centro de Chile [\/vc_column_text][\/vc_column][\/vc_row][vc_row][vc_column][vc_column_text css=&#8221;.vc_custom_1608571062387{padding-bottom: 30px !important;}&#8221;] Reserva Elemental Likandes&#8230;<\/p>\n","protected":false},"author":1,"featured_media":0,"parent":0,"menu_order":0,"comment_status":"closed","ping_status":"closed","template":"","meta":{"footnotes":""},"class_list":["post-1530","page","type-page","status-publish"],"_links":{"self":[{"href":"https:\/\/filantropiacortessolari.cl\/territoriar\/wp-json\/wp\/v2\/pages\/1530","targetHints":{"allow":["GET"]}}],"collection":[{"href":"https:\/\/filantropiacortessolari.cl\/territoriar\/wp-json\/wp\/v2\/pages"}],"about":[{"href":"https:\/\/filantropiacortessolari.cl\/territoriar\/wp-json\/wp\/v2\/types\/page"}],"author":[{"embeddable":true,"href":"https:\/\/filantropiacortessolari.cl\/territoriar\/wp-json\/wp\/v2\/users\/1"}],"replies":[{"embeddable":true,"href":"https:\/\/filantropiacortessolari.cl\/territoriar\/wp-json\/wp\/v2\/comments?post=1530"}],"version-history":[{"count":2,"href":"https:\/\/filantropiacortessolari.cl\/territoriar\/wp-json\/wp\/v2\/pages\/1530\/revisions"}],"predecessor-version":[{"id":1631,"href":"https:\/\/filantropiacortessolari.cl\/territoriar\/wp-json\/wp\/v2\/pages\/1530\/revisions\/1631"}],"wp:attachment":[{"href":"https:\/\/filantropiacortessolari.cl\/territoriar\/wp-json\/wp\/v2\/media?parent=1530"}],"curies":[{"name":"wp","href":"https:\/\/api.w.org\/{rel}","templated":true}]}}