{"id":1536,"date":"2020-12-21T19:44:48","date_gmt":"2020-12-21T22:44:48","guid":{"rendered":"http:\/\/test.territoriar.cl\/?page_id=1536"},"modified":"2020-12-29T11:07:25","modified_gmt":"2020-12-29T14:07:25","slug":"estratos-marinos-de-lo-valdes","status":"publish","type":"page","link":"https:\/\/filantropiacortessolari.cl\/territoriar\/estratos-marinos-de-lo-valdes\/","title":{"rendered":"Estratos Marinos de Lo Vald\u00e9s"},"content":{"rendered":"<div class=\"wpb-content-wrapper\"><p>[vc_row full_width=&#8221;stretch_row&#8221; parallax=&#8221;content-moving&#8221; parallax_image=&#8221;1625&#8243; parallax_speed_bg=&#8221;1.2&#8243; css=&#8221;.vc_custom_1609250792852{padding-top: 200px !important;padding-bottom: 200px !important;}&#8221;][vc_column][vc_column_text]<\/p>\n<h1 style=\"text-align: center;\">Centro de Chile<\/h1>\n<p>[\/vc_column_text][\/vc_column][\/vc_row][vc_row][vc_column][vc_column_text css=&#8221;.vc_custom_1608589516993{padding-bottom: 30px !important;}&#8221;]<\/p>\n<h2 style=\"text-align: center;\">Reserva Elemental Likandes<\/h2>\n<h3 style=\"text-align: center;\">Estratos Marinos de Lo Vald\u00e9s<\/h3>\n<p>[\/vc_column_text]<div class=\"gem-table gem-table-responsive gem-table-style-2\"><table style=\"width: 100%;\">\n<tbody>\n<tr>\n<td>\n<p align=\"left\"><strong>Ubicaci\u00f3n <\/strong><\/p>\n<\/td>\n<td>\n<p align=\"left\">Lugar: Quebrada Lo Vald\u00e9s.<br \/>\nAltitud: 1.915 m.s.n.m.<br \/>\nCoordenadas (WGS 84 \u2013 19H): 402987 E 6256427 S<\/td>\n<\/tr>\n<tr>\n<td>\n<p align=\"left\"><strong>Descripci\u00f3n geol\u00f3gica interpretativa<\/strong><\/p>\n<\/td>\n<td>\n<p>En este geositio, se observa una secuencia de placas de roca dispuestas en posici\u00f3n vertical, las que alcanzan decenas de metros de altura y presentan una gama de llamativos colores, conformando un imponente paisaje.<\/p>\n<p>Estas inmensas capas de roca se formaron hace unos 145 millones de a\u00f1os, cuando este territorio estaba cubierto por un mar poco profundo. En esa \u00e9poca, estas capas fueron depositadas bajo el agua de manera horizontal, para que luego las potentes fuerzas internas del planeta Tierra las deformaran y alzaran, quedando actualmente de manera vertical.<\/p>\n<p>Este geositio nos hace viajar al pasado, ya que aqu\u00ed podemos encontrar distintos f\u00f3siles marinos que son la evidencia de la vida que habitaba las aguas de este antiguo mar. Entre ellos, hay bivalvos, gastr\u00f3podos, y, lo m\u00e1s notable, al menos 39 especies de amonites.<\/td>\n<\/tr>\n<tr>\n<td><strong>V\u00ednculos ecol\u00f3gicos<\/strong><\/td>\n<td>Una caracter\u00edstica que hace de \u00e9ste un lugar muy importante para la ciencia es su edad, justo en el l\u00edmite Jur\u00e1sico-Cret\u00e1cico (145 millones de a\u00f1os), que representa un momento clave en la historia de la vida en la Tierra, donde se habr\u00eda producido una gran extinci\u00f3n de especies, y es posible que se originaran otras que a\u00fan existen, como las aves.<\/td>\n<\/tr>\n<tr>\n<td>\n<p align=\"left\"><strong>Atributos importantes<\/strong><br \/>\n<strong>\u00bfSab\u00edas que?<\/strong><\/td>\n<td>Recientemente, se encontraron restos f\u00f3siles de cocodrilos marinos y de ictiosaurios de aquella \u00e9poca.<br \/>\nEl naturalista Charles Darwin se sorprendi\u00f3 con los f\u00f3siles de esta formaci\u00f3n en el sector de El Yeso en su visita de 1835.<\/td>\n<\/tr>\n<tr>\n<td>\n<p align=\"left\"><strong>Fotograf\u00edas<\/strong><\/p>\n<\/td>\n<td>\n<p><strong>Fotograf\u00edas referenciales e interpretativas que resalten los principales elementos de cada sitio estudiado y su entorno relacionado.\u00a0 <\/strong><\/p>\n<p>&nbsp;<\/td>\n<\/tr>\n<tr>\n<td>\n<p align=\"left\"><strong>Referencias <\/strong><\/p>\n<\/td>\n<td>\n<ul>\n<li>Benado, J. (2013). Patrimonio geol\u00f3gico del proyecto geoparque Caj\u00f3n del Maipo (Regi\u00f3n Metropolitana &#8211; Chile). Tesis de Mag\u00edster, Universidad de Minho.<\/li>\n<li>Vergara, C., Estay, C, Contreras, M., Prior, A., Godoy, V. y Zapata, J., 2019. Geodiversidad, patrimonio geol\u00f3gico y geositios del Caj\u00f3n del Maipo. FUNDESO Caj\u00f3n del Maipo, 163 pp.<\/li>\n<\/ul>\n<\/td>\n<\/tr>\n<\/tbody>\n<\/table>\n<\/div>[vc_column_text css=&#8221;.vc_custom_1607972302706{padding-top: 30px !important;padding-bottom: 30px !important;}&#8221;]<\/p>\n<h2 style=\"text-align: center;\">Im\u00e1genes<\/h2>\n<p>[\/vc_column_text][vc_column_text][\/vc_column_text][vc_column_text css=&#8221;.vc_custom_1608590658557{padding-bottom: 100px !important;}&#8221;]<img class=\"aligncenter size-full wp-image-1498\" src=\"https:\/\/www.filantropiacortessolari.cl\/territoriar\/wp-content\/uploads\/2020\/12\/Estratos-Marinos-de-Lo-Valdes-2.jpg\" alt=\"\" width=\"1024\" height=\"576\" srcset=\"https:\/\/filantropiacortessolari.cl\/territoriar\/wp-content\/uploads\/2020\/12\/Estratos-Marinos-de-Lo-Valdes-2.jpg 1024w, https:\/\/filantropiacortessolari.cl\/territoriar\/wp-content\/uploads\/2020\/12\/Estratos-Marinos-de-Lo-Valdes-2-300x169.jpg 300w, https:\/\/filantropiacortessolari.cl\/territoriar\/wp-content\/uploads\/2020\/12\/Estratos-Marinos-de-Lo-Valdes-2-768x432.jpg 768w\" sizes=\"(max-width: 1024px) 100vw, 1024px\" \/>[\/vc_column_text][vc_column_text]<img class=\"aligncenter size-full wp-image-1497\" src=\"https:\/\/www.filantropiacortessolari.cl\/territoriar\/wp-content\/uploads\/2020\/12\/Estratos-Marinos-de-Lo-Valdes-1.jpg\" alt=\"\" width=\"1024\" height=\"576\" srcset=\"https:\/\/filantropiacortessolari.cl\/territoriar\/wp-content\/uploads\/2020\/12\/Estratos-Marinos-de-Lo-Valdes-1.jpg 1024w, https:\/\/filantropiacortessolari.cl\/territoriar\/wp-content\/uploads\/2020\/12\/Estratos-Marinos-de-Lo-Valdes-1-300x169.jpg 300w, https:\/\/filantropiacortessolari.cl\/territoriar\/wp-content\/uploads\/2020\/12\/Estratos-Marinos-de-Lo-Valdes-1-768x432.jpg 768w\" sizes=\"(max-width: 1024px) 100vw, 1024px\" \/>[\/vc_column_text][\/vc_column][\/vc_row]<\/p>\n<\/div>","protected":false},"excerpt":{"rendered":"<p>[vc_row full_width=&#8221;stretch_row&#8221; parallax=&#8221;content-moving&#8221; parallax_image=&#8221;1625&#8243; parallax_speed_bg=&#8221;1.2&#8243; css=&#8221;.vc_custom_1609250792852{padding-top: 200px !important;padding-bottom: 200px !important;}&#8221;][vc_column][vc_column_text] Centro de Chile [\/vc_column_text][\/vc_column][\/vc_row][vc_row][vc_column][vc_column_text css=&#8221;.vc_custom_1608589516993{padding-bottom: 30px !important;}&#8221;] Reserva Elemental Likandes&#8230;<\/p>\n","protected":false},"author":1,"featured_media":0,"parent":0,"menu_order":0,"comment_status":"closed","ping_status":"closed","template":"","meta":{"footnotes":""},"class_list":["post-1536","page","type-page","status-publish"],"_links":{"self":[{"href":"https:\/\/filantropiacortessolari.cl\/territoriar\/wp-json\/wp\/v2\/pages\/1536","targetHints":{"allow":["GET"]}}],"collection":[{"href":"https:\/\/filantropiacortessolari.cl\/territoriar\/wp-json\/wp\/v2\/pages"}],"about":[{"href":"https:\/\/filantropiacortessolari.cl\/territoriar\/wp-json\/wp\/v2\/types\/page"}],"author":[{"embeddable":true,"href":"https:\/\/filantropiacortessolari.cl\/territoriar\/wp-json\/wp\/v2\/users\/1"}],"replies":[{"embeddable":true,"href":"https:\/\/filantropiacortessolari.cl\/territoriar\/wp-json\/wp\/v2\/comments?post=1536"}],"version-history":[{"count":3,"href":"https:\/\/filantropiacortessolari.cl\/territoriar\/wp-json\/wp\/v2\/pages\/1536\/revisions"}],"predecessor-version":[{"id":1634,"href":"https:\/\/filantropiacortessolari.cl\/territoriar\/wp-json\/wp\/v2\/pages\/1536\/revisions\/1634"}],"wp:attachment":[{"href":"https:\/\/filantropiacortessolari.cl\/territoriar\/wp-json\/wp\/v2\/media?parent=1536"}],"curies":[{"name":"wp","href":"https:\/\/api.w.org\/{rel}","templated":true}]}}