{"id":1550,"date":"2020-12-21T20:54:08","date_gmt":"2020-12-21T23:54:08","guid":{"rendered":"http:\/\/test.territoriar.cl\/?page_id=1550"},"modified":"2020-12-29T20:47:24","modified_gmt":"2020-12-29T23:47:24","slug":"centro-eruptivo-volcan-maipo-caldera-diamante","status":"publish","type":"page","link":"https:\/\/filantropiacortessolari.cl\/territoriar\/centro-eruptivo-volcan-maipo-caldera-diamante\/","title":{"rendered":"Centro Eruptivo Volc\u00e1n Maipo \u2013 Caldera Diamante"},"content":{"rendered":"<div class=\"wpb-content-wrapper\"><p>[vc_row full_width=&#8221;stretch_row&#8221; parallax=&#8221;content-moving&#8221; parallax_image=&#8221;1625&#8243; parallax_speed_bg=&#8221;1.2&#8243; css=&#8221;.vc_custom_1609285640575{padding-top: 200px !important;padding-bottom: 200px !important;}&#8221;][vc_column][vc_column_text]<\/p>\n<h1 style=\"text-align: center;\">Centro de Chile<\/h1>\n<p>[\/vc_column_text][\/vc_column][\/vc_row][vc_row][vc_column][vc_column_text css=&#8221;.vc_custom_1608594679474{padding-bottom: 30px !important;}&#8221;]<\/p>\n<h2 style=\"text-align: center;\">Reserva Elemental Likandes<\/h2>\n<h3 style=\"text-align: center;\">Centro Eruptivo Volc\u00e1n Maipo \u2013 Caldera Diamante<\/h3>\n<p>[\/vc_column_text]<div class=\"gem-table gem-table-responsive gem-table-style-2\"><table style=\"width: 100%;\">\n<tbody>\n<tr>\n<td>\n<p align=\"left\"><strong>Ubicaci\u00f3n <\/strong><\/p>\n<\/td>\n<td>Lugar: L\u00edmite fronterizo con Argentina \u2013 Cabecera de la cuenca del r\u00edo Maipo.<br \/>\nAltitud: Cumbre a 5.264 m.s.n.m.<br \/>\nCoordenadas (WGS 84 \u2013 19H): 422776E 6218518 S<\/td>\n<\/tr>\n<tr>\n<td>\n<p align=\"left\"><strong>Descripci\u00f3n geol\u00f3gica interpretativa<\/strong><\/p>\n<\/td>\n<td>\n<p>&#8211; Este geositio est\u00e1 ubicado en plena frontera con Argentina y presenta dos principales elementos geol\u00f3gicos: la Caldera Diamante y el Volc\u00e1n Maipo. La Caldera Diamante es una gran depresi\u00f3n y planicie, ubicada a 3400 metros de altitud, con cerca de 20 km de largo y 15 km de ancho.<\/p>\n<p>Su origen se remonta a unos 130 mil a\u00f1os, cuando una gran c\u00e1mara magm\u00e1tica ubicada en esta zona, colaps\u00f3 y se destruy\u00f3, generando una impresionante erupci\u00f3n que, actualmente, es considerada una de las m\u00e1s potentes de todo el planeta, en el \u00faltimo mill\u00f3n de a\u00f1os.<\/p>\n<p>Con el paso del tiempo, nuevas erupciones de menor potencia generaron una gran acumulaci\u00f3n de material dentro de la Caldera, permitiendo la creaci\u00f3n del que es hoy el Volc\u00e1n Maipo y sus m\u00e1s de 5200 metros de altitud. Este volc\u00e1n se encuentra activo, pero se calcula que su \u00faltima erupci\u00f3n fue, aproximadamente, en el a\u00f1o 1912.<\/p>\n<p>En los faldeos del volc\u00e1n Maipo, se ubica el nacimiento del r\u00edo Maipo, el principal afluente de la Regi\u00f3n Metropolitana, que en esta zona es alimentado por los deshielos. \u00c9ste es el punto de inicio de su recorrido, para finalizar 250 km aguas abajo en su desembocadura en el mar, en la comuna de San Antonio.<\/td>\n<\/tr>\n<tr>\n<td><strong>V\u00ednculos ecol\u00f3gicos<\/strong><\/td>\n<td>Este geositio est\u00e1 en una zona de vegetaci\u00f3n llamada \u201cpiso altoandino\u201d, ubicada entre los 3250 y 3600 metros de altitud, con especies que, en general, no superan los 30 cent\u00edmetros de altura. En este caso, el paisaje es dominado por el coir\u00f3n (<em>Poa holciformis<\/em>). Aqu\u00ed tambi\u00e9n es posible ver grandes grupos de guanacos (<em>Lama guanicoe<\/em>) que se encuentran en un estado muy vulnerable.<\/td>\n<\/tr>\n<tr>\n<td>\n<p align=\"left\"><strong>\u00bfSab\u00edas que?<\/strong><\/p>\n<\/td>\n<td>\n<p>En este geositio est\u00e1 el \u201cPaso del Maipo\u201d que conecta a Chile y Argentina, y que fue utilizado durante miles de a\u00f1os por grupos humanos anteriores a la Conquista Espa\u00f1ola y, luego, por los arrieros.<\/p>\n<p>En el lado argentino de la Caldera Diamante se \u00fanica la hermosa Laguna Diamante.<\/td>\n<\/tr>\n<tr>\n<td>\n<p align=\"left\"><strong>Referencias <\/strong><\/p>\n<\/td>\n<td>\n<ul>\n<li>Benado, J. (2013). Patrimonio geol\u00f3gico del proyecto geoparque Caj\u00f3n del Maipo (Regi\u00f3n Metropolitana &#8211; Chile). Tesis de Mag\u00edster, Universidad de Minho.<\/li>\n<\/ul>\n<p>Vergara, C., Estay, C, Contreras, M., Prior, A., Godoy, V. y Zapata, J., 2019. Geodiversidad, patrimonio geol\u00f3gico y geositios del Caj\u00f3n del Maipo. FUNDESO Caj\u00f3n del Maipo, 163 pp.<\/td>\n<\/tr>\n<\/tbody>\n<\/table>\n<\/div>[vc_column_text css=&#8221;.vc_custom_1607972302706{padding-top: 30px !important;padding-bottom: 30px !important;}&#8221;]<\/p>\n<h2 style=\"text-align: center;\">Im\u00e1genes<\/h2>\n<p>[\/vc_column_text][vc_column_text][\/vc_column_text][vc_column_text css=&#8221;.vc_custom_1608594799457{padding-bottom: 100px !important;}&#8221;]<img class=\"aligncenter size-full wp-image-1483\" src=\"https:\/\/www.filantropiacortessolari.cl\/territoriar\/wp-content\/uploads\/2020\/12\/Volcan-Maipo-1.jpg\" alt=\"\" width=\"1024\" height=\"576\" srcset=\"https:\/\/filantropiacortessolari.cl\/territoriar\/wp-content\/uploads\/2020\/12\/Volcan-Maipo-1.jpg 1024w, https:\/\/filantropiacortessolari.cl\/territoriar\/wp-content\/uploads\/2020\/12\/Volcan-Maipo-1-300x169.jpg 300w, https:\/\/filantropiacortessolari.cl\/territoriar\/wp-content\/uploads\/2020\/12\/Volcan-Maipo-1-768x432.jpg 768w\" sizes=\"(max-width: 1024px) 100vw, 1024px\" \/>[\/vc_column_text][vc_column_text]<img class=\"aligncenter size-full wp-image-1484\" src=\"https:\/\/www.filantropiacortessolari.cl\/territoriar\/wp-content\/uploads\/2020\/12\/Volcan-Maipo-2.jpg\" alt=\"\" width=\"1024\" height=\"576\" srcset=\"https:\/\/filantropiacortessolari.cl\/territoriar\/wp-content\/uploads\/2020\/12\/Volcan-Maipo-2.jpg 1024w, https:\/\/filantropiacortessolari.cl\/territoriar\/wp-content\/uploads\/2020\/12\/Volcan-Maipo-2-300x169.jpg 300w, https:\/\/filantropiacortessolari.cl\/territoriar\/wp-content\/uploads\/2020\/12\/Volcan-Maipo-2-768x432.jpg 768w\" sizes=\"(max-width: 1024px) 100vw, 1024px\" \/>[\/vc_column_text][\/vc_column][\/vc_row]<\/p>\n<\/div>","protected":false},"excerpt":{"rendered":"<p>[vc_row full_width=&#8221;stretch_row&#8221; parallax=&#8221;content-moving&#8221; parallax_image=&#8221;1625&#8243; parallax_speed_bg=&#8221;1.2&#8243; css=&#8221;.vc_custom_1609285640575{padding-top: 200px !important;padding-bottom: 200px !important;}&#8221;][vc_column][vc_column_text] Centro de Chile [\/vc_column_text][\/vc_column][\/vc_row][vc_row][vc_column][vc_column_text css=&#8221;.vc_custom_1608594679474{padding-bottom: 30px !important;}&#8221;] Reserva Elemental Likandes&#8230;<\/p>\n","protected":false},"author":1,"featured_media":0,"parent":0,"menu_order":0,"comment_status":"closed","ping_status":"closed","template":"","meta":{"footnotes":""},"class_list":["post-1550","page","type-page","status-publish"],"_links":{"self":[{"href":"https:\/\/filantropiacortessolari.cl\/territoriar\/wp-json\/wp\/v2\/pages\/1550","targetHints":{"allow":["GET"]}}],"collection":[{"href":"https:\/\/filantropiacortessolari.cl\/territoriar\/wp-json\/wp\/v2\/pages"}],"about":[{"href":"https:\/\/filantropiacortessolari.cl\/territoriar\/wp-json\/wp\/v2\/types\/page"}],"author":[{"embeddable":true,"href":"https:\/\/filantropiacortessolari.cl\/territoriar\/wp-json\/wp\/v2\/users\/1"}],"replies":[{"embeddable":true,"href":"https:\/\/filantropiacortessolari.cl\/territoriar\/wp-json\/wp\/v2\/comments?post=1550"}],"version-history":[{"count":2,"href":"https:\/\/filantropiacortessolari.cl\/territoriar\/wp-json\/wp\/v2\/pages\/1550\/revisions"}],"predecessor-version":[{"id":1638,"href":"https:\/\/filantropiacortessolari.cl\/territoriar\/wp-json\/wp\/v2\/pages\/1550\/revisions\/1638"}],"wp:attachment":[{"href":"https:\/\/filantropiacortessolari.cl\/territoriar\/wp-json\/wp\/v2\/media?parent=1550"}],"curies":[{"name":"wp","href":"https:\/\/api.w.org\/{rel}","templated":true}]}}