{"id":1554,"date":"2020-12-21T21:06:42","date_gmt":"2020-12-22T00:06:42","guid":{"rendered":"http:\/\/test.territoriar.cl\/?page_id=1554"},"modified":"2020-12-29T20:48:17","modified_gmt":"2020-12-29T23:48:17","slug":"columnas-basalticas-cruz-de-piedra","status":"publish","type":"page","link":"https:\/\/filantropiacortessolari.cl\/territoriar\/columnas-basalticas-cruz-de-piedra\/","title":{"rendered":"Columnas Bas\u00e1lticas Cruz de Piedra"},"content":{"rendered":"<div class=\"wpb-content-wrapper\"><p>[vc_row full_width=&#8221;stretch_row&#8221; parallax=&#8221;content-moving&#8221; parallax_image=&#8221;1625&#8243; parallax_speed_bg=&#8221;1.2&#8243; css=&#8221;.vc_custom_1609285684086{padding-top: 200px !important;padding-bottom: 200px !important;}&#8221;][vc_column][vc_column_text]<\/p>\n<h1 style=\"text-align: center;\">Centro de Chile<\/h1>\n<p>[\/vc_column_text][\/vc_column][\/vc_row][vc_row][vc_column][vc_column_text css=&#8221;.vc_custom_1608595244888{padding-bottom: 30px !important;}&#8221;]<\/p>\n<h2 style=\"text-align: center;\">Reserva Elemental Likandes<\/h2>\n<h3 style=\"text-align: center;\">Columnas Bas\u00e1lticas Cruz de Piedra<\/h3>\n<p>[\/vc_column_text]<div class=\"gem-table gem-table-responsive gem-table-style-2\"><table style=\"width: 100%;\">\n<tbody>\n<tr>\n<td>\n<p align=\"left\"><strong>Ubicaci\u00f3n <\/strong><\/p>\n<\/td>\n<td>Lugar: Zona Alta del Valle del R\u00edo Maipo \u2013 12 km de frontera con Argentina.<br \/>\nAltitud: Cumbre a 2.840 m.s.n.m.<br \/>\nCoordenadas (WGS 84 \u2013 19H): 416568 E 6215994 S<\/td>\n<\/tr>\n<tr>\n<td>\n<p align=\"left\"><strong>Descripci\u00f3n geol\u00f3gica interpretativa<\/strong><\/p>\n<\/td>\n<td>\n<p>Este geositio es un conjunto de columnas de roca volc\u00e1nica que tienen composici\u00f3n bas\u00e1ltica. Cada una de ellas tiene, en promedio, unos 80 cent\u00edmetros de di\u00e1metro, decenas de metros de largo y llamativas formas geom\u00e9tricas hexagonales. Investigadores indican que se originaron como flujos de lava provenientes de un peque\u00f1o volc\u00e1n extinto llamado Casimiro.<\/p>\n<p>Estas columnas se forman por el proceso de \u201cdisyunci\u00f3n columnar\u201d, que ocurre cuando, luego de una erupci\u00f3n volc\u00e1nica, el flujo de lava se deposita en alg\u00fan lugar y comienza a enfriarse lentamente. As\u00ed se inicia la solidificaci\u00f3n y contracci\u00f3n de estos materiales en su superficie, surgiendo grietas que con el tiempo se propagan hacia abajo y dan origen a estas columnas y sus formas de pol\u00edgonos.<\/p>\n<p>Esto ocurre principalmente en lavas de basalto, que es una roca volc\u00e1nica oscura y muy densa, con alto contenido de magnesio y calcio. Es de las rocas m\u00e1s comunes en la superficie terrestre, pero pocas veces tienen estas formas tan particulares.<\/td>\n<\/tr>\n<tr>\n<td><strong>V\u00ednculos ecol\u00f3gicos<\/strong><\/td>\n<td>Este geositio est\u00e1 en una zona de vegetaci\u00f3n llamada \u201cpiso andino superior\u201d, ubicada entre los 2500 y 3250 metros de altitud, con especies de matorrales que, en general, no superan los 50 cm de altura. En este caso, dominan algunas especies como el abrojo (<em>Acaena<\/em> splendens), la llareta (<em>Laretia acaulis<\/em>)<em>,<\/em> que se presenta especialmente en zonas h\u00famedas. Adem\u00e1s, en las cercan\u00edas es posible observar guanacos (<em>Lama guanicoe<\/em>), y menos visibles, pero igualmente presentes, encontramos al puma (<em>Puma concolor<\/em>).<\/td>\n<\/tr>\n<tr>\n<td>\n<p align=\"left\"><strong>Atributos importantes<\/strong><br \/>\n<strong>\u00bfSab\u00edas que?<\/strong><\/td>\n<td>\n<p>La corteza oce\u00e1nica que se encuentra en el fondo de los oc\u00e9anos, est\u00e1 compuesta por este mismo tipo de rocas.<\/p>\n<p>Hay hermosos ejemplos de columnas bas\u00e1lticas en otros lugares del mundo, como es el caso de M\u00e9xico, Irlanda y Estados Unidos.<\/p>\n<p>El nombre del volc\u00e1n Casimiro es un homenaje a un arriero muy famoso del Caj\u00f3n del Maipo que muri\u00f3 congelado en la cordillera en 1982.<\/td>\n<\/tr>\n<tr>\n<td>\n<p align=\"left\"><strong>Referencias <\/strong><\/p>\n<\/td>\n<td>\n<ul>\n<li>Manual de Buenas Pr\u00e1cticas para Uso Sustentable de Ecosistemas de Monta\u00f1a (Plan de Acci\u00f3n Santiago Andino, 2011).<\/li>\n<li>Vergara, C., Estay, C, Contreras, M., Prior, A., Godoy, V. y Zapata, J., 2019. Geodiversidad, patrimonio geol\u00f3gico y geositios del Caj\u00f3n del Maipo. FUNDESO Caj\u00f3n del Maipo, 163 pp.<\/li>\n<\/ul>\n<\/td>\n<\/tr>\n<\/tbody>\n<\/table>\n<\/div>[vc_column_text css=&#8221;.vc_custom_1607972302706{padding-top: 30px !important;padding-bottom: 30px !important;}&#8221;]<\/p>\n<h2 style=\"text-align: center;\">Im\u00e1genes<\/h2>\n<p>[\/vc_column_text][vc_column_text][\/vc_column_text][vc_column_text css=&#8221;.vc_custom_1608595583700{padding-bottom: 100px !important;}&#8221;]<img class=\"aligncenter size-full wp-image-1489\" src=\"https:\/\/www.filantropiacortessolari.cl\/territoriar\/wp-content\/uploads\/2020\/12\/Columnas-1.jpg\" alt=\"\" width=\"1024\" height=\"576\" srcset=\"https:\/\/filantropiacortessolari.cl\/territoriar\/wp-content\/uploads\/2020\/12\/Columnas-1.jpg 1024w, https:\/\/filantropiacortessolari.cl\/territoriar\/wp-content\/uploads\/2020\/12\/Columnas-1-300x169.jpg 300w, https:\/\/filantropiacortessolari.cl\/territoriar\/wp-content\/uploads\/2020\/12\/Columnas-1-768x432.jpg 768w\" sizes=\"(max-width: 1024px) 100vw, 1024px\" \/>[\/vc_column_text][vc_column_text]<img class=\"aligncenter size-full wp-image-1490\" src=\"https:\/\/www.filantropiacortessolari.cl\/territoriar\/wp-content\/uploads\/2020\/12\/Columnas-2.jpg\" alt=\"\" width=\"1024\" height=\"576\" srcset=\"https:\/\/filantropiacortessolari.cl\/territoriar\/wp-content\/uploads\/2020\/12\/Columnas-2.jpg 1024w, https:\/\/filantropiacortessolari.cl\/territoriar\/wp-content\/uploads\/2020\/12\/Columnas-2-300x169.jpg 300w, https:\/\/filantropiacortessolari.cl\/territoriar\/wp-content\/uploads\/2020\/12\/Columnas-2-768x432.jpg 768w\" sizes=\"(max-width: 1024px) 100vw, 1024px\" \/>[\/vc_column_text][\/vc_column][\/vc_row]<\/p>\n<\/div>","protected":false},"excerpt":{"rendered":"<p>[vc_row full_width=&#8221;stretch_row&#8221; parallax=&#8221;content-moving&#8221; parallax_image=&#8221;1625&#8243; parallax_speed_bg=&#8221;1.2&#8243; css=&#8221;.vc_custom_1609285684086{padding-top: 200px !important;padding-bottom: 200px !important;}&#8221;][vc_column][vc_column_text] Centro de Chile [\/vc_column_text][\/vc_column][\/vc_row][vc_row][vc_column][vc_column_text css=&#8221;.vc_custom_1608595244888{padding-bottom: 30px !important;}&#8221;] Reserva Elemental Likandes&#8230;<\/p>\n","protected":false},"author":1,"featured_media":0,"parent":0,"menu_order":0,"comment_status":"closed","ping_status":"closed","template":"","meta":{"footnotes":""},"class_list":["post-1554","page","type-page","status-publish"],"_links":{"self":[{"href":"https:\/\/filantropiacortessolari.cl\/territoriar\/wp-json\/wp\/v2\/pages\/1554","targetHints":{"allow":["GET"]}}],"collection":[{"href":"https:\/\/filantropiacortessolari.cl\/territoriar\/wp-json\/wp\/v2\/pages"}],"about":[{"href":"https:\/\/filantropiacortessolari.cl\/territoriar\/wp-json\/wp\/v2\/types\/page"}],"author":[{"embeddable":true,"href":"https:\/\/filantropiacortessolari.cl\/territoriar\/wp-json\/wp\/v2\/users\/1"}],"replies":[{"embeddable":true,"href":"https:\/\/filantropiacortessolari.cl\/territoriar\/wp-json\/wp\/v2\/comments?post=1554"}],"version-history":[{"count":2,"href":"https:\/\/filantropiacortessolari.cl\/territoriar\/wp-json\/wp\/v2\/pages\/1554\/revisions"}],"predecessor-version":[{"id":1639,"href":"https:\/\/filantropiacortessolari.cl\/territoriar\/wp-json\/wp\/v2\/pages\/1554\/revisions\/1639"}],"wp:attachment":[{"href":"https:\/\/filantropiacortessolari.cl\/territoriar\/wp-json\/wp\/v2\/media?parent=1554"}],"curies":[{"name":"wp","href":"https:\/\/api.w.org\/{rel}","templated":true}]}}