{"id":1739,"date":"2021-06-24T17:25:58","date_gmt":"2021-06-24T20:25:58","guid":{"rendered":"https:\/\/territoriar.cl\/?page_id=1739"},"modified":"2025-08-13T18:36:10","modified_gmt":"2025-08-13T21:36:10","slug":"infografias","status":"publish","type":"page","link":"https:\/\/filantropiacortessolari.cl\/territoriar\/infografias\/","title":{"rendered":"Infograf\u00edas"},"content":{"rendered":"<div class=\"wpb-content-wrapper\"><p>[vc_row full_width=&#8221;stretch_row&#8221; vertical_slider=&#8221;true&#8221; el_class=&#8221;scroller-block&#8221; vertical_slider_title=&#8221;Infograf\u00edas&#8221; css=&#8221;.vc_custom_1626377058793{margin-bottom: 0px !important;padding-bottom: 0px !important;background-image: url(https:\/\/www.filantropiacortessolari.cl\/territoriar\/wp-content\/uploads\/2021\/06\/Fondo-Infografi\u0301as.jpg?id=1745) !important;}&#8221;][vc_column width=&#8221;1\/2&#8243;]<div class=\"clearboth\"><\/div><style>#thegem-divider-69deac05540df {margin-top: 100px !important;}<\/style><div id=\"thegem-divider-69deac05540df\" class=\"gem-divider  \" style=\"\" ><\/div><div class=\"clearboth\"><\/div><style>#thegem-divider-69deac055410c {margin-top: 180px !important;}<\/style><div id=\"thegem-divider-69deac055410c\" class=\"gem-divider  hide-on-mobile\" style=\"\" ><\/div><div class=\"clearboth\"><\/div><style>#thegem-divider-69deac0554126 {margin-top: 70px !important;}<\/style><div id=\"thegem-divider-69deac0554126\" class=\"gem-divider  show-on-desctop\" style=\"\" ><\/div>[vc_column_text css_animation=&#8221;left-to-right&#8221;]<\/p>\n<h1 style=\"text-align: left;\">Infograf\u00edas<\/h1>\n<p>[\/vc_column_text][vc_column_text]\u00a1Te invitamos a descargar nuestras infograf\u00edas![\/vc_column_text][vc_column_text]Complementan las actividades educativas que puedes hacer con TerritoriAR, y te ayudan a conocer lo b\u00e1sico sobre temas ambientales que influyen o conectan a los seres vivos, procesos naturales e hitos geol\u00f3gicos de la aplicaci\u00f3n.[\/vc_column_text][\/vc_column][vc_column width=&#8221;1\/2&#8243;]<div class=\"clearboth\"><\/div><style>#thegem-divider-69deac055413a {margin-top: 130px !important;}<\/style><div id=\"thegem-divider-69deac055413a\" class=\"gem-divider  \" style=\"\" ><\/div><div class=\"clearboth\"><\/div><style>#thegem-divider-69deac055414f {margin-top: 40px !important;}<\/style><div id=\"thegem-divider-69deac055414f\" class=\"gem-divider  show-on-desctop\" style=\"\" ><\/div><div class=\"clearboth\"><\/div><style>#thegem-divider-69deac0554162 {margin-top: 130px !important;}<\/style><div id=\"thegem-divider-69deac0554162\" class=\"gem-divider  \" style=\"\" ><\/div>[vc_row_inner][vc_column_inner width=&#8221;1\/2&#8243;][vc_column_text css_animation=&#8221;rollIn&#8221;]<img class=\"aligncenter size-thumbnail wp-image-1755\" src=\"https:\/\/www.filantropiacortessolari.cl\/territoriar\/wp-content\/uploads\/2021\/06\/14_Martin-Pescador-150x150.png\" alt=\"\" width=\"150\" height=\"150\" srcset=\"https:\/\/filantropiacortessolari.cl\/territoriar\/wp-content\/uploads\/2021\/06\/14_Martin-Pescador-150x150.png 150w, https:\/\/filantropiacortessolari.cl\/territoriar\/wp-content\/uploads\/2021\/06\/14_Martin-Pescador-300x300.png 300w, https:\/\/filantropiacortessolari.cl\/territoriar\/wp-content\/uploads\/2021\/06\/14_Martin-Pescador-256x256.png 256w, https:\/\/filantropiacortessolari.cl\/territoriar\/wp-content\/uploads\/2021\/06\/14_Martin-Pescador.png 567w\" sizes=\"(max-width: 150px) 100vw, 150px\" \/>[\/vc_column_text][\/vc_column_inner][vc_column_inner width=&#8221;1\/2&#8243;][\/vc_column_inner][\/vc_row_inner][\/vc_column][\/vc_row][vc_row full_width=&#8221;stretch_row&#8221; vertical_slider=&#8221;true&#8221; el_class=&#8221;scroller-block&#8221; vertical_slider_title=&#8221;Descarga&#8221; css=&#8221;.vc_custom_1626377073440{margin-bottom: 0px !important;padding-bottom: 0px !important;background-image: url(https:\/\/www.filantropiacortessolari.cl\/territoriar\/wp-content\/uploads\/2020\/12\/Sec02_BG.jpg?id=929) !important;}&#8221;][vc_column][vc_row_inner][vc_column_inner offset=&#8221;vc_hidden-sm vc_hidden-xs&#8221;]<div class=\"clearboth\"><\/div><style>#thegem-divider-69deac0554176 {margin-top: 30px !important;}<\/style><div id=\"thegem-divider-69deac0554176\" class=\"gem-divider  hide-on-mobile\" style=\"\" ><\/div><div class=\"clearboth\"><\/div><style>#thegem-divider-69deac055418a {margin-top: 70px !important;}<\/style><div id=\"thegem-divider-69deac055418a\" class=\"gem-divider  hide-on-mobile show-on-desctop\" style=\"\" ><\/div>[vc_column_text css_animation=&#8221;left-to-right&#8221;]<\/p>\n<h2 style=\"text-align: center;\">Infograf\u00edas<\/h2>\n<p>[\/vc_column_text][\/vc_column_inner][\/vc_row_inner][vc_row_inner css=&#8221;.vc_custom_1607987289025{margin-top: 0px !important;margin-bottom: 0px !important;padding-top: 0px !important;padding-bottom: 0px !important;}&#8221;][vc_column_inner width=&#8221;1\/4&#8243; offset=&#8221;vc_hidden-sm vc_hidden-xs&#8221;][vc_column_text]<a href=\"https:\/\/www.filantropiacortessolari.cl\/territoriar\/wp-content\/uploads\/2021\/08\/TERR_INF_Serv_Ecos_Bosques.pdf\" target=\"_blank\" rel=\"noopener\"><img class=\"aligncenter size-full wp-image-1929\" src=\"https:\/\/www.filantropiacortessolari.cl\/territoriar\/wp-content\/uploads\/2021\/08\/TERR_portada_bosques.jpg\" alt=\"\" width=\"400\" height=\"300\" srcset=\"https:\/\/filantropiacortessolari.cl\/territoriar\/wp-content\/uploads\/2021\/08\/TERR_portada_bosques.jpg 400w, https:\/\/filantropiacortessolari.cl\/territoriar\/wp-content\/uploads\/2021\/08\/TERR_portada_bosques-300x225.jpg 300w\" sizes=\"(max-width: 400px) 100vw, 400px\" \/><\/a>[\/vc_column_text]<style type=\"text\/css\">.thegem-button-69deac055423c3895 .gem-button svg {fill: #ffffff;}.thegem-button-69deac055423c3895 .gem-button:hover svg {fill: #00a560;}<\/style><div class=\"gem-button-container gem-button-position-center thegem-button-69deac055423c3895    \"  ><a class=\"gem-button gem-button-size-small gem-button-style-flat gem-button-text-weight-thin gem-button-no-uppercase\" data-ll-effect=\"drop-right-without-wrap\" style=\"border-radius: 36px;background-color: #00a560;color: #ffffff;\" onmouseleave=\"this.style.backgroundColor='#00a560';this.style.color='#ffffff';\" onmouseenter=\"this.style.backgroundColor='#ffffff';this.style.color='#00a560';\" href=\"https:\/\/filantropiacortessolari.cl\/territoriar\/wp-content\/uploads\/2021\/08\/TERR_INF_Serv_Ecos_Bosques.pdf\" target=\"_blank\">Descargar<\/a><\/div> [\/vc_column_inner][vc_column_inner width=&#8221;1\/4&#8243; offset=&#8221;vc_hidden-sm vc_hidden-xs&#8221;][vc_column_text]<a href=\"https:\/\/www.filantropiacortessolari.cl\/territoriar\/wp-content\/uploads\/2021\/06\/Cambio-Climatico.pdf\" target=\"_blank\" rel=\"noopener\"><img class=\"aligncenter size-full wp-image-1750\" src=\"https:\/\/www.filantropiacortessolari.cl\/territoriar\/wp-content\/uploads\/2021\/06\/climatico.jpeg\" alt=\"\" width=\"400\" height=\"300\" srcset=\"https:\/\/filantropiacortessolari.cl\/territoriar\/wp-content\/uploads\/2021\/06\/climatico.jpeg 400w, https:\/\/filantropiacortessolari.cl\/territoriar\/wp-content\/uploads\/2021\/06\/climatico-300x225.jpeg 300w\" sizes=\"(max-width: 400px) 100vw, 400px\" \/><\/a>[\/vc_column_text]<style type=\"text\/css\">.thegem-button-69deac05542bd2293 .gem-button svg {fill: #ffffff;}.thegem-button-69deac05542bd2293 .gem-button:hover svg {fill: #00a560;}<\/style><div class=\"gem-button-container gem-button-position-center thegem-button-69deac05542bd2293    \"  ><a class=\"gem-button gem-button-size-small gem-button-style-flat gem-button-text-weight-thin gem-button-no-uppercase\" data-ll-effect=\"drop-right-without-wrap\" style=\"border-radius: 36px;background-color: #00a560;color: #ffffff;\" onmouseleave=\"this.style.backgroundColor='#00a560';this.style.color='#ffffff';\" onmouseenter=\"this.style.backgroundColor='#ffffff';this.style.color='#00a560';\" href=\"https:\/\/filantropiacortessolari.cl\/territoriar\/wp-content\/uploads\/2021\/06\/Cambio-Climatico.pdf\" target=\"_blank\">Descargar<\/a><\/div> [\/vc_column_inner][vc_column_inner width=&#8221;1\/4&#8243; offset=&#8221;vc_hidden-sm vc_hidden-xs&#8221;][vc_column_text]<a href=\"https:\/\/www.filantropiacortessolari.cl\/territoriar\/wp-content\/uploads\/2021\/06\/Vision-Ecosistemica-1.pdf\" target=\"_blank\" rel=\"noopener\"><img class=\"aligncenter size-full wp-image-1751\" src=\"https:\/\/www.filantropiacortessolari.cl\/territoriar\/wp-content\/uploads\/2021\/06\/vision.jpeg\" alt=\"\" width=\"400\" height=\"300\" srcset=\"https:\/\/filantropiacortessolari.cl\/territoriar\/wp-content\/uploads\/2021\/06\/vision.jpeg 400w, https:\/\/filantropiacortessolari.cl\/territoriar\/wp-content\/uploads\/2021\/06\/vision-300x225.jpeg 300w\" sizes=\"(max-width: 400px) 100vw, 400px\" \/><\/a>[\/vc_column_text]<style type=\"text\/css\">.thegem-button-69deac05543046055 .gem-button svg {fill: #ffffff;}.thegem-button-69deac05543046055 .gem-button:hover svg {fill: #00a560;}<\/style><div class=\"gem-button-container gem-button-position-center thegem-button-69deac05543046055    \"  ><a class=\"gem-button gem-button-size-small gem-button-style-flat gem-button-text-weight-thin gem-button-no-uppercase\" data-ll-effect=\"drop-right-without-wrap\" style=\"border-radius: 36px;background-color: #00a560;color: #ffffff;\" onmouseleave=\"this.style.backgroundColor='#00a560';this.style.color='#ffffff';\" onmouseenter=\"this.style.backgroundColor='#ffffff';this.style.color='#00a560';\" href=\"https:\/\/filantropiacortessolari.cl\/territoriar\/wp-content\/uploads\/2021\/06\/Vision-Ecosistemica.pdf\" target=\"_blank\">Descargar<\/a><\/div> [\/vc_column_inner][vc_column_inner width=&#8221;1\/4&#8243; offset=&#8221;vc_hidden-sm vc_hidden-xs&#8221;][vc_column_text]<a href=\"https:\/\/www.filantropiacortessolari.cl\/territoriar\/wp-content\/uploads\/2021\/08\/TERR_INF_SerV_Ecos_Oceanos.pdf\" target=\"_blank\" rel=\"noopener\"><img class=\"aligncenter size-full wp-image-1930\" src=\"https:\/\/www.filantropiacortessolari.cl\/territoriar\/wp-content\/uploads\/2021\/08\/TERR_portada_oceanos.jpg\" alt=\"\" width=\"400\" height=\"300\" srcset=\"https:\/\/filantropiacortessolari.cl\/territoriar\/wp-content\/uploads\/2021\/08\/TERR_portada_oceanos.jpg 400w, https:\/\/filantropiacortessolari.cl\/territoriar\/wp-content\/uploads\/2021\/08\/TERR_portada_oceanos-300x225.jpg 300w\" sizes=\"(max-width: 400px) 100vw, 400px\" \/><\/a>[\/vc_column_text]<style type=\"text\/css\">.thegem-button-69deac05543553347 .gem-button svg {fill: #ffffff;}.thegem-button-69deac05543553347 .gem-button:hover svg {fill: #00a560;}<\/style><div class=\"gem-button-container gem-button-position-center thegem-button-69deac05543553347    \"  ><a class=\"gem-button gem-button-size-small gem-button-style-flat gem-button-text-weight-thin gem-button-no-uppercase\" data-ll-effect=\"drop-right-without-wrap\" style=\"border-radius: 36px;background-color: #00a560;color: #ffffff;\" onmouseleave=\"this.style.backgroundColor='#00a560';this.style.color='#ffffff';\" onmouseenter=\"this.style.backgroundColor='#ffffff';this.style.color='#00a560';\" href=\"https:\/\/filantropiacortessolari.cl\/territoriar\/wp-content\/uploads\/2021\/08\/TERR_INF_SerV_Ecos_Oceanos.pdf\" target=\"_blank\">Descargar<\/a><\/div> [\/vc_column_inner][\/vc_row_inner][vc_row_inner][vc_column_inner offset=&#8221;vc_hidden-lg vc_hidden-md&#8221;][vc_column_text css_animation=&#8221;left-to-right&#8221;]<\/p>\n<p style=\"text-align: center;\"><strong>Infograf\u00edas<\/strong><\/p>\n<p>[\/vc_column_text]<style type=\"text\/css\">.thegem-button-69deac055438c709 .gem-button svg {fill: #ffffff;}.thegem-button-69deac055438c709 .gem-button:hover svg {fill: #00a560;}<\/style><div class=\"gem-button-container gem-button-position-center thegem-button-69deac055438c709    \"  ><a class=\"gem-button gem-button-size-tiny gem-button-style-flat gem-button-text-weight-thin gem-button-no-uppercase\" data-ll-effect=\"drop-right-without-wrap\" style=\"border-radius: 36px;background-color: #00a560;color: #ffffff;\" onmouseleave=\"this.style.backgroundColor='#00a560';this.style.color='#ffffff';\" onmouseenter=\"this.style.backgroundColor='#ffffff';this.style.color='#00a560';\" href=\"https:\/\/filantropiacortessolari.cl\/territoriar\/wp-content\/uploads\/2021\/08\/TERR_INF_SerV_Ecos_Oceanos.pdf\" target=\"_blank\">Servicios ecosist\u00e9micos del oc\u00e9ano<\/a><\/div> <style type=\"text\/css\">.thegem-button-69deac05543be5125 .gem-button svg {fill: #ffffff;}.thegem-button-69deac05543be5125 .gem-button:hover svg {fill: #00a560;}<\/style><div class=\"gem-button-container gem-button-position-center thegem-button-69deac05543be5125    \"  ><a class=\"gem-button gem-button-size-tiny gem-button-style-flat gem-button-text-weight-thin gem-button-no-uppercase\" data-ll-effect=\"drop-right-without-wrap\" style=\"border-radius: 36px;background-color: #00a560;color: #ffffff;\" onmouseleave=\"this.style.backgroundColor='#00a560';this.style.color='#ffffff';\" onmouseenter=\"this.style.backgroundColor='#ffffff';this.style.color='#00a560';\" href=\"https:\/\/filantropiacortessolari.cl\/territoriar\/wp-content\/uploads\/2021\/08\/TERR_INF_Serv_Ecos_Bosques.pdf\" target=\"_blank\">Servicio ecosist\u00e9micos de los bosques<\/a><\/div> <style type=\"text\/css\">.thegem-button-69deac05543ee4744 .gem-button svg {fill: #ffffff;}.thegem-button-69deac05543ee4744 .gem-button:hover svg {fill: #00a560;}<\/style><div class=\"gem-button-container gem-button-position-center thegem-button-69deac05543ee4744    \"  ><a class=\"gem-button gem-button-size-tiny gem-button-style-flat gem-button-text-weight-thin gem-button-no-uppercase\" data-ll-effect=\"drop-right-without-wrap\" style=\"border-radius: 36px;background-color: #00a560;color: #ffffff;\" onmouseleave=\"this.style.backgroundColor='#00a560';this.style.color='#ffffff';\" onmouseenter=\"this.style.backgroundColor='#ffffff';this.style.color='#00a560';\" href=\"https:\/\/filantropiacortessolari.cl\/territoriar\/wp-content\/uploads\/2021\/06\/Cambio-Climatico.pdf\" target=\"_blank\">Cambio Clim\u00e1tico<\/a><\/div> <style type=\"text\/css\">.thegem-button-69deac055441b2872 .gem-button svg {fill: #ffffff;}.thegem-button-69deac055441b2872 .gem-button:hover svg {fill: #00a560;}<\/style><div class=\"gem-button-container gem-button-position-center thegem-button-69deac055441b2872    \"  ><a class=\"gem-button gem-button-size-tiny gem-button-style-flat gem-button-text-weight-thin gem-button-no-uppercase\" data-ll-effect=\"drop-right-without-wrap\" style=\"border-radius: 36px;background-color: #00a560;color: #ffffff;\" onmouseleave=\"this.style.backgroundColor='#00a560';this.style.color='#ffffff';\" onmouseenter=\"this.style.backgroundColor='#ffffff';this.style.color='#00a560';\" href=\"https:\/\/filantropiacortessolari.cl\/territoriar\/wp-content\/uploads\/2021\/06\/Vision-Ecosistemica.pdf\" target=\"_blank\">Visi\u00f3n Ecosist\u00e9mica<\/a><\/div> [\/vc_column_inner][\/vc_row_inner][\/vc_column][\/vc_row][vc_row full_width=&#8221;stretch_row&#8221; vertical_slider=&#8221;true&#8221; css=&#8221;.vc_custom_1604448797654{margin-top: 0px !important;margin-bottom: 0px !important;padding-bottom: 0px !important;background-image: url(https:\/\/www.filantropiacortessolari.cl\/territoriar\/wp-content\/uploads\/2020\/11\/BG-Footer.jpg?id=542) !important;background-position: center !important;background-repeat: no-repeat !important;background-size: cover !important;}&#8221; vertical_slider_title=&#8221;footer&#8221; el_class=&#8221;scroller-block&#8221;][vc_column width=&#8221;1\/4&#8243;][\/vc_column][vc_column width=&#8221;1\/2&#8243;]<div class=\"clearboth\"><\/div><style>#thegem-divider-69deac055442e {margin-top: 100px !important;}<\/style><div id=\"thegem-divider-69deac055442e\" class=\"gem-divider  hide-on-mobile\" style=\"\" ><\/div>[vc_column_text css_animation=&#8221;appear&#8221;]<img class=\"aligncenter size-full wp-image-543\" src=\"https:\/\/www.filantropiacortessolari.cl\/territoriar\/wp-content\/uploads\/2020\/11\/Logo.png\" alt=\"\" width=\"770\" height=\"232\" srcset=\"https:\/\/filantropiacortessolari.cl\/territoriar\/wp-content\/uploads\/2020\/11\/Logo.png 770w, https:\/\/filantropiacortessolari.cl\/territoriar\/wp-content\/uploads\/2020\/11\/Logo-300x90.png 300w, https:\/\/filantropiacortessolari.cl\/territoriar\/wp-content\/uploads\/2020\/11\/Logo-768x231.png 768w, https:\/\/filantropiacortessolari.cl\/territoriar\/wp-content\/uploads\/2020\/11\/Logo-766x232.png 766w\" sizes=\"(max-width: 770px) 100vw, 770px\" \/>[\/vc_column_text][vc_column_text]<\/p>\n<p style=\"text-align: center;\">TerritoriAR, una aplicaci\u00f3n para la valoraci\u00f3n de la naturaleza.<\/p>\n<p style=\"text-align: center;\">Es un proyecto Explora CONICYT de Valoraci\u00f3n y Divulgaci\u00f3n de la Ciencia y la Tecnolog\u00eda.<\/p>\n<p style=\"text-align: center;\">\u00a9 Derechos reservados a Fundaci\u00f3n MERI, Fundaci\u00f3n Caserta<\/p>\n<p>[\/vc_column_text][vc_column_text]<img class=\"aligncenter size-full wp-image-544\" src=\"https:\/\/www.filantropiacortessolari.cl\/territoriar\/wp-content\/uploads\/2020\/11\/3-logos.png\" alt=\"\" width=\"60%\" height=\"60%\" srcset=\"https:\/\/filantropiacortessolari.cl\/territoriar\/wp-content\/uploads\/2020\/11\/3-logos.png 770w, https:\/\/filantropiacortessolari.cl\/territoriar\/wp-content\/uploads\/2020\/11\/3-logos-300x90.png 300w, https:\/\/filantropiacortessolari.cl\/territoriar\/wp-content\/uploads\/2020\/11\/3-logos-768x231.png 768w, https:\/\/filantropiacortessolari.cl\/territoriar\/wp-content\/uploads\/2020\/11\/3-logos-766x232.png 766w\" sizes=\"(max-width: 770px) 100vw, 770px\" \/>[\/vc_column_text][vc_column_text]<img class=\"aligncenter size-full wp-image-697\" src=\"https:\/\/www.filantropiacortessolari.cl\/territoriar\/wp-content\/uploads\/2020\/12\/Logo_Explora.png\" alt=\"\" width=\"30%\" height=\"30%\" \/>[\/vc_column_text][\/vc_column][vc_column width=&#8221;1\/4&#8243;][\/vc_column][\/vc_row]<\/p>\n<\/div>","protected":false},"excerpt":{"rendered":"<p>[vc_row full_width=&#8221;stretch_row&#8221; vertical_slider=&#8221;true&#8221; el_class=&#8221;scroller-block&#8221; vertical_slider_title=&#8221;Infograf\u00edas&#8221; css=&#8221;.vc_custom_1626377058793{margin-bottom: 0px !important;padding-bottom: 0px !important;background-image: url(https:\/\/www.filantropiacortessolari.cl\/territoriar\/wp-content\/uploads\/2021\/06\/Fondo-Infografi\u0301as.jpg?id=1745) !important;}&#8221;][vc_column width=&#8221;1\/2&#8243;][vc_column_text css_animation=&#8221;left-to-right&#8221;] Infograf\u00edas [\/vc_column_text][vc_column_text]\u00a1Te invitamos a descargar nuestras&#8230;<\/p>\n","protected":false},"author":1,"featured_media":0,"parent":0,"menu_order":0,"comment_status":"closed","ping_status":"closed","template":"","meta":{"footnotes":""},"class_list":["post-1739","page","type-page","status-publish"],"_links":{"self":[{"href":"https:\/\/filantropiacortessolari.cl\/territoriar\/wp-json\/wp\/v2\/pages\/1739","targetHints":{"allow":["GET"]}}],"collection":[{"href":"https:\/\/filantropiacortessolari.cl\/territoriar\/wp-json\/wp\/v2\/pages"}],"about":[{"href":"https:\/\/filantropiacortessolari.cl\/territoriar\/wp-json\/wp\/v2\/types\/page"}],"author":[{"embeddable":true,"href":"https:\/\/filantropiacortessolari.cl\/territoriar\/wp-json\/wp\/v2\/users\/1"}],"replies":[{"embeddable":true,"href":"https:\/\/filantropiacortessolari.cl\/territoriar\/wp-json\/wp\/v2\/comments?post=1739"}],"version-history":[{"count":41,"href":"https:\/\/filantropiacortessolari.cl\/territoriar\/wp-json\/wp\/v2\/pages\/1739\/revisions"}],"predecessor-version":[{"id":2192,"href":"https:\/\/filantropiacortessolari.cl\/territoriar\/wp-json\/wp\/v2\/pages\/1739\/revisions\/2192"}],"wp:attachment":[{"href":"https:\/\/filantropiacortessolari.cl\/territoriar\/wp-json\/wp\/v2\/media?parent=1739"}],"curies":[{"name":"wp","href":"https:\/\/api.w.org\/{rel}","templated":true}]}}