{"id":766,"date":"2020-12-09T12:51:52","date_gmt":"2020-12-09T15:51:52","guid":{"rendered":"http:\/\/test.territoriar.cl\/?page_id=766"},"modified":"2025-08-14T11:36:12","modified_gmt":"2025-08-14T14:36:12","slug":"descarga-la-app","status":"publish","type":"page","link":"https:\/\/filantropiacortessolari.cl\/territoriar\/descarga-la-app\/","title":{"rendered":"Descarga la APP"},"content":{"rendered":"<div class=\"wpb-content-wrapper\"><p>[vc_row full_width=&#8221;stretch_row&#8221; content_placement=&#8221;middle&#8221; vertical_slider=&#8221;true&#8221; el_id=&#8221;slide1&#8243; el_class=&#8221;scroller-block parallax-content&#8221; css=&#8221;.vc_custom_1604520775995{margin-bottom: 0px !important;padding-bottom: 0px !important;background-image: url(https:\/\/www.filantropiacortessolari.cl\/territoriar\/wp-content\/uploads\/2020\/10\/Textured_BG.jpg?id=374) !important;background-position: center !important;background-repeat: no-repeat !important;background-size: cover !important;}&#8221; vertical_slider_title=&#8221;Descarga la App&#8221; custom_css_code=&#8221;LnRpdGxlLXhsYXJnZSUyMCU3QiUwQWZvbnQtc2l6ZSUzQSUyMDYwJTNCJTBBJTdE&#8221;][vc_column css=&#8221;.vc_custom_1607607669070{margin-top: 0px !important;margin-bottom: 0px !important;padding-top: 0px !important;padding-bottom: 0px !important;}&#8221; offset=&#8221;vc_col-lg-7 vc_col-md-7 vc_col-xs-12&#8243;][vc_row_inner][vc_column_inner el_class=&#8221;wpb_animate_when_almost_visible fadeInDown&#8221; offset=&#8221;vc_hidden-sm vc_hidden-xs&#8221;][vc_column_text css_animation=&#8221;left-to-right&#8221; css=&#8221;.vc_custom_1607985590414{margin-bottom: 0px !important;padding-bottom: 0px !important;}&#8221;]<\/p>\n<h2>Descarga la APP<\/h2>\n<p>[\/vc_column_text]<div class=\"clearboth\"><\/div><style>#thegem-divider-69d047974c17a {margin-top: 30px !important;}<\/style><div id=\"thegem-divider-69d047974c17a\" class=\"gem-divider  \" style=\"\" ><\/div>[vc_column_text css_animation=&#8221;fadeIn&#8221;]1. Descarga la aplicaci\u00f3n desde APP Store ( en tu dispositivo m\u00f3vil iOS) o Play Store (en tu dispositivo m\u00f3vil Android).<\/p>\n<p>2. Imprime o pon en la pantalla los c\u00f3digos QR de fichas de especies, hitos geol\u00f3gicos o las etiquetas de Realidad Aumentada.<\/p>\n<p>3. Ingresa a tu zona- Reserva o Parque de inter\u00e9s y escanea los c\u00f3digos con la opci\u00f3n AR.<\/p>\n<p>4. Disfruta la experiencia y comp\u00e1rtela en las Redes Sociales con el bot\u00f3n \u201ccompartir\u201d.[\/vc_column_text]<div class=\"clearboth\"><\/div><style>#thegem-divider-69d047974c19a {margin-top: 50px !important;}<\/style><div id=\"thegem-divider-69d047974c19a\" class=\"gem-divider  \" style=\"\" ><\/div><style type=\"text\/css\">.thegem-button-69d047974c2134505 .gem-button svg {fill: #ffffff;}.thegem-button-69d047974c2134505 .gem-button:hover svg {fill: #212331;}<\/style><div class=\"gem-button-container gem-button-position-left thegem-button-69d047974c2134505    \"  ><a class=\"gem-button gem-button-size-medium gem-button-style-flat gem-button-text-weight-thin gem-button-no-uppercase\" data-ll-effect=\"drop-right-without-wrap\" style=\"border-radius: 36px;background-color: #212331;color: #ffffff;\" onmouseleave=\"this.style.backgroundColor='#212331';this.style.color='#ffffff';\" onmouseenter=\"this.style.backgroundColor='#ffffff';this.style.color='#212331';\" href=\"https:\/\/play.google.com\/store\/apps\/details?id=cl.caserta.TerritoriARv2\" target=\"_blank\">Descarga Android<\/a><\/div> <style type=\"text\/css\">.thegem-button-69d047974c2641219 .gem-button svg {fill: #ffffff;}.thegem-button-69d047974c2641219 .gem-button:hover svg {fill: #212331;}<\/style><div class=\"gem-button-container gem-button-position-left thegem-button-69d047974c2641219    \"  ><a class=\"gem-button gem-button-size-medium gem-button-style-flat gem-button-text-weight-thin gem-button-no-uppercase\" data-ll-effect=\"drop-right-without-wrap\" style=\"border-radius: 36px;background-color: #212331;color: #ffffff;\" onmouseleave=\"this.style.backgroundColor='#212331';this.style.color='#ffffff';\" onmouseenter=\"this.style.backgroundColor='#ffffff';this.style.color='#212331';\" href=\"https:\/\/apps.apple.com\/us\/app\/territoriar\/id1505281747\" target=\"_blank\">Descarga IOS<\/a><\/div> [\/vc_column_inner][\/vc_row_inner][vc_row_inner][vc_column_inner el_class=&#8221;wpb_animate_when_almost_visible fadeInDown&#8221; offset=&#8221;vc_hidden-lg vc_hidden-md&#8221;][vc_column_text css_animation=&#8221;fadeIn&#8221; css=&#8221;.vc_custom_1608224240158{margin-top: 30px !important;}&#8221;]<strong>Descarga la APP<\/strong><\/p>\n<div class=\"small-body\">1. Descarga la aplicaci\u00f3n desde APP Store ( en tu dispositivo m\u00f3vil iOS) o Play Store (en tu dispositivo m\u00f3vil Android).<\/div>\n<div class=\"small-body\">2. Imprime o pon en la pantalla los c\u00f3digos QR de fichas de especies, hitos geol\u00f3gicos o las etiquetas de Realidad Aumentada.<\/div>\n<div class=\"small-body\">3. Ingresa a tu zona- Reserva o Parque de inter\u00e9s y escanea los c\u00f3digos con la opci\u00f3n AR.<\/div>\n<div class=\"small-body\">4. Disfruta la experiencia y comp\u00e1rtela en las Redes Sociales con el bot\u00f3n \u201ccompartir\u201d.<\/div>\n<p>[\/vc_column_text]<div class=\"clearboth\"><\/div><style>#thegem-divider-69d047974c27d {margin-top: 50px !important;}<\/style><div id=\"thegem-divider-69d047974c27d\" class=\"gem-divider  \" style=\"\" ><\/div><style type=\"text\/css\">.thegem-button-69d047974c2a95323 .gem-button svg {fill: #ffffff;}.thegem-button-69d047974c2a95323 .gem-button:hover svg {fill: #212331;}<\/style><div class=\"gem-button-container gem-button-position-left thegem-button-69d047974c2a95323    \"  ><a class=\"gem-button gem-button-size-tiny gem-button-style-flat gem-button-text-weight-thin gem-button-no-uppercase\" data-ll-effect=\"drop-right-without-wrap\" style=\"border-radius: 36px;background-color: #212331;color: #ffffff;\" onmouseleave=\"this.style.backgroundColor='#212331';this.style.color='#ffffff';\" onmouseenter=\"this.style.backgroundColor='#ffffff';this.style.color='#212331';\" href=\"\" target=\"_self\" role=\"button\">Descarga Android<\/a><\/div> <style type=\"text\/css\">.thegem-button-69d047974c2e17144 .gem-button svg {fill: #ffffff;}.thegem-button-69d047974c2e17144 .gem-button:hover svg {fill: #212331;}<\/style><div class=\"gem-button-container gem-button-position-left thegem-button-69d047974c2e17144    \"  ><a class=\"gem-button gem-button-size-tiny gem-button-style-flat gem-button-text-weight-thin gem-button-no-uppercase\" data-ll-effect=\"drop-right-without-wrap\" style=\"border-radius: 36px;background-color: #212331;color: #ffffff;\" onmouseleave=\"this.style.backgroundColor='#212331';this.style.color='#ffffff';\" onmouseenter=\"this.style.backgroundColor='#ffffff';this.style.color='#212331';\" href=\"https:\/\/apps.apple.com\/us\/app\/territoriar\/id1505281747\" target=\"_blank\">Descarga IOS<\/a><\/div> [\/vc_column_inner][\/vc_row_inner][\/vc_column][vc_column css_animation=&#8221;none&#8221; offset=&#8221;vc_col-lg-5 vc_col-md-5 vc_hidden-sm vc_hidden-xs&#8221; css=&#8221;.vc_custom_1608223999312{margin-top: 0px !important;margin-bottom: 0px !important;padding-top: 0px !important;padding-bottom: 0px !important;background-position: center !important;background-repeat: no-repeat !important;background-size: contain !important;}&#8221;][vc_raw_html]JTNDc2NyaXB0JTIwc3JjJTNEJTIyaHR0cHMlM0ElMkYlMkZjZG5qcy5jbG91ZGZsYXJlLmNvbSUyRmFqYXglMkZsaWJzJTJGZ3NhcCUyRjEuMTguMCUyRlR3ZWVuTWF4Lm1pbi5qcyUyMiUzRSUzQyUyRnNjcmlwdCUzRSUwQQ==[\/vc_raw_html][vc_single_image image=&#8221;856&#8243; img_size=&#8221;full&#8221; alignment=&#8221;center&#8221; css_animation=&#8221;none&#8221; el_class=&#8221;image-7&#8243;][\/vc_column][\/vc_row][vc_row full_width=&#8221;stretch_row_content&#8221; content_placement=&#8221;middle&#8221; vertical_slider=&#8221;true&#8221; vertical_slider_title=&#8221;C\u00f3mo usar&#8221; css=&#8221;.vc_custom_1607608421446{background-color: #36ad68 !important;}&#8221;][vc_column][vc_row_inner][vc_column_inner width=&#8221;1\/5&#8243;][\/vc_column_inner][vc_column_inner width=&#8221;1\/5&#8243; offset=&#8221;vc_hidden-xs&#8221;][vc_column_text css_animation=&#8221;flipInX&#8221;]<img class=\"aligncenter size-full wp-image-899\" src=\"https:\/\/www.filantropiacortessolari.cl\/territoriar\/wp-content\/uploads\/2020\/12\/Ilus_01-1.png\" alt=\"\" width=\"400\" height=\"400\" srcset=\"https:\/\/filantropiacortessolari.cl\/territoriar\/wp-content\/uploads\/2020\/12\/Ilus_01-1.png 400w, https:\/\/filantropiacortessolari.cl\/territoriar\/wp-content\/uploads\/2020\/12\/Ilus_01-1-300x300.png 300w, https:\/\/filantropiacortessolari.cl\/territoriar\/wp-content\/uploads\/2020\/12\/Ilus_01-1-150x150.png 150w, https:\/\/filantropiacortessolari.cl\/territoriar\/wp-content\/uploads\/2020\/12\/Ilus_01-1-256x256.png 256w\" sizes=\"(max-width: 400px) 100vw, 400px\" \/>[\/vc_column_text][\/vc_column_inner][vc_column_inner width=&#8221;1\/5&#8243; offset=&#8221;vc_hidden-sm vc_hidden-xs&#8221;][vc_column_text css_animation=&#8221;top-to-bottom&#8221;]<\/p>\n<h2 style=\"text-align: center;\">C\u00d3MO USAR<\/h2>\n<p>[\/vc_column_text][vc_images_carousel images=&#8221;911,909,1601,910&#8243; img_size=&#8221;343&#215;504&#8243; onclick=&#8221;link_no&#8221; speed=&#8221;2000&#8243; autoplay=&#8221;yes&#8221; hide_pagination_control=&#8221;yes&#8221; wrap=&#8221;yes&#8221; css=&#8221;.vc_custom_1609185890225{padding-bottom: 100px !important;}&#8221;][\/vc_column_inner][vc_column_inner width=&#8221;1\/5&#8243; offset=&#8221;vc_hidden-xs&#8221;][vc_column_text css_animation=&#8221;flipInX&#8221;]<img class=\"aligncenter size-full wp-image-905\" src=\"https:\/\/www.filantropiacortessolari.cl\/territoriar\/wp-content\/uploads\/2020\/12\/guayacan.png\" alt=\"\" width=\"400\" height=\"400\" srcset=\"https:\/\/filantropiacortessolari.cl\/territoriar\/wp-content\/uploads\/2020\/12\/guayacan.png 400w, https:\/\/filantropiacortessolari.cl\/territoriar\/wp-content\/uploads\/2020\/12\/guayacan-300x300.png 300w, https:\/\/filantropiacortessolari.cl\/territoriar\/wp-content\/uploads\/2020\/12\/guayacan-150x150.png 150w, https:\/\/filantropiacortessolari.cl\/territoriar\/wp-content\/uploads\/2020\/12\/guayacan-256x256.png 256w\" sizes=\"(max-width: 400px) 100vw, 400px\" \/>[\/vc_column_text][\/vc_column_inner][vc_column_inner width=&#8221;1\/5&#8243;][\/vc_column_inner][\/vc_row_inner][vc_row_inner][vc_column_inner offset=&#8221;vc_hidden-lg vc_hidden-md&#8221;][vc_column_text css_animation=&#8221;top-to-bottom&#8221; css=&#8221;.vc_custom_1608224739682{margin-top: 20px !important;}&#8221;]<\/p>\n<p style=\"text-align: center;\"><strong>C\u00d3MO USAR<\/strong><\/p>\n<p>[\/vc_column_text][vc_images_carousel images=&#8221;911,909,912,910&#8243; img_size=&#8221;280&#215;424&#8243; onclick=&#8221;link_no&#8221; speed=&#8221;2000&#8243; autoplay=&#8221;yes&#8221; hide_pagination_control=&#8221;yes&#8221; wrap=&#8221;yes&#8221; css=&#8221;.vc_custom_1608224665903{padding-bottom: 100px !important;}&#8221;][\/vc_column_inner][\/vc_row_inner][\/vc_column][\/vc_row][vc_row full_width=&#8221;stretch_row&#8221; vertical_slider=&#8221;true&#8221; css=&#8221;.vc_custom_1604448797654{margin-top: 0px !important;margin-bottom: 0px !important;padding-bottom: 0px !important;background-image: url(https:\/\/www.filantropiacortessolari.cl\/territoriar\/wp-content\/uploads\/2020\/11\/BG-Footer.jpg?id=542) !important;background-position: center !important;background-repeat: no-repeat !important;background-size: cover !important;}&#8221; vertical_slider_title=&#8221;footer&#8221; el_class=&#8221;scroller-block&#8221;][vc_column width=&#8221;1\/4&#8243;][\/vc_column][vc_column width=&#8221;1\/2&#8243;]<div class=\"clearboth\"><\/div><style>#thegem-divider-69d047974c2f5 {margin-top: 100px !important;}<\/style><div id=\"thegem-divider-69d047974c2f5\" class=\"gem-divider  hide-on-mobile\" style=\"\" ><\/div>[vc_column_text css_animation=&#8221;appear&#8221;]<img class=\"aligncenter size-full wp-image-543\" src=\"https:\/\/www.filantropiacortessolari.cl\/territoriar\/wp-content\/uploads\/2020\/11\/Logo.png\" alt=\"\" width=\"770\" height=\"232\" srcset=\"https:\/\/filantropiacortessolari.cl\/territoriar\/wp-content\/uploads\/2020\/11\/Logo.png 770w, https:\/\/filantropiacortessolari.cl\/territoriar\/wp-content\/uploads\/2020\/11\/Logo-300x90.png 300w, https:\/\/filantropiacortessolari.cl\/territoriar\/wp-content\/uploads\/2020\/11\/Logo-768x231.png 768w, https:\/\/filantropiacortessolari.cl\/territoriar\/wp-content\/uploads\/2020\/11\/Logo-766x232.png 766w\" sizes=\"(max-width: 770px) 100vw, 770px\" \/>[\/vc_column_text][vc_column_text]<\/p>\n<p style=\"text-align: center;\">TerritoriAR, una aplicaci\u00f3n para la valoraci\u00f3n de la naturaleza.<\/p>\n<p style=\"text-align: center;\">Es un proyecto Explora CONICYT de Valoraci\u00f3n y Divulgaci\u00f3n de la Ciencia y la Tecnolog\u00eda.<\/p>\n<p style=\"text-align: center;\">\u00a9 Derechos reservados a Fundaci\u00f3n MERI, Fundaci\u00f3n Caserta<\/p>\n<p>[\/vc_column_text][vc_column_text]<img class=\"aligncenter size-full wp-image-544\" src=\"https:\/\/www.filantropiacortessolari.cl\/territoriar\/wp-content\/uploads\/2020\/11\/3-logos.png\" alt=\"\" width=\"60%\" height=\"60%\" srcset=\"https:\/\/filantropiacortessolari.cl\/territoriar\/wp-content\/uploads\/2020\/11\/3-logos.png 770w, https:\/\/filantropiacortessolari.cl\/territoriar\/wp-content\/uploads\/2020\/11\/3-logos-300x90.png 300w, https:\/\/filantropiacortessolari.cl\/territoriar\/wp-content\/uploads\/2020\/11\/3-logos-768x231.png 768w, https:\/\/filantropiacortessolari.cl\/territoriar\/wp-content\/uploads\/2020\/11\/3-logos-766x232.png 766w\" sizes=\"(max-width: 770px) 100vw, 770px\" \/>[\/vc_column_text][vc_column_text]<img class=\"aligncenter size-full wp-image-697\" src=\"https:\/\/www.filantropiacortessolari.cl\/territoriar\/wp-content\/uploads\/2020\/12\/Logo_Explora.png\" alt=\"\" width=\"30%\" height=\"30%\" \/>[\/vc_column_text][\/vc_column][vc_column width=&#8221;1\/4&#8243;][\/vc_column][\/vc_row]<\/p>\n<\/div>","protected":false},"excerpt":{"rendered":"<p>[vc_row full_width=&#8221;stretch_row&#8221; content_placement=&#8221;middle&#8221; vertical_slider=&#8221;true&#8221; el_id=&#8221;slide1&#8243; el_class=&#8221;scroller-block parallax-content&#8221; css=&#8221;.vc_custom_1604520775995{margin-bottom: 0px !important;padding-bottom: 0px !important;background-image: url(https:\/\/www.filantropiacortessolari.cl\/territoriar\/wp-content\/uploads\/2020\/10\/Textured_BG.jpg?id=374) !important;background-position: center !important;background-repeat: no-repeat !important;background-size: cover !important;}&#8221;&#8230;<\/p>\n","protected":false},"author":1,"featured_media":1973,"parent":0,"menu_order":0,"comment_status":"closed","ping_status":"closed","template":"","meta":{"footnotes":""},"class_list":["post-766","page","type-page","status-publish","has-post-thumbnail"],"_links":{"self":[{"href":"https:\/\/filantropiacortessolari.cl\/territoriar\/wp-json\/wp\/v2\/pages\/766","targetHints":{"allow":["GET"]}}],"collection":[{"href":"https:\/\/filantropiacortessolari.cl\/territoriar\/wp-json\/wp\/v2\/pages"}],"about":[{"href":"https:\/\/filantropiacortessolari.cl\/territoriar\/wp-json\/wp\/v2\/types\/page"}],"author":[{"embeddable":true,"href":"https:\/\/filantropiacortessolari.cl\/territoriar\/wp-json\/wp\/v2\/users\/1"}],"replies":[{"embeddable":true,"href":"https:\/\/filantropiacortessolari.cl\/territoriar\/wp-json\/wp\/v2\/comments?post=766"}],"version-history":[{"count":71,"href":"https:\/\/filantropiacortessolari.cl\/territoriar\/wp-json\/wp\/v2\/pages\/766\/revisions"}],"predecessor-version":[{"id":2199,"href":"https:\/\/filantropiacortessolari.cl\/territoriar\/wp-json\/wp\/v2\/pages\/766\/revisions\/2199"}],"wp:featuredmedia":[{"embeddable":true,"href":"https:\/\/filantropiacortessolari.cl\/territoriar\/wp-json\/wp\/v2\/media\/1973"}],"wp:attachment":[{"href":"https:\/\/filantropiacortessolari.cl\/territoriar\/wp-json\/wp\/v2\/media?parent=766"}],"curies":[{"name":"wp","href":"https:\/\/api.w.org\/{rel}","templated":true}]}}